{"id":4560,"date":"2022-04-21T17:03:18","date_gmt":"2022-04-21T15:03:18","guid":{"rendered":"https:\/\/gardalaser.it\/prodotto\/caricabatterie-dispositivo\/"},"modified":"2024-09-18T13:59:15","modified_gmt":"2024-09-18T11:59:15","slug":"dispositivo-de-carregamento","status":"publish","type":"product","link":"https:\/\/gardalaser.it\/pt-pt\/produto\/dispositivo-de-carregamento\/","title":{"rendered":"Carregador de dispositivos"},"content":{"rendered":"<ul>\n<li>60W (15V 4 A)<\/li>\n<li>90W (15V 6 A)<\/li>\n<\/ul>\n","protected":false},"excerpt":{"rendered":"<p>Fonte de alimenta\u00e7\u00e3o m\u00e9dica certificada utilizada para carregar a bateria interna do dispositivo laser<\/p>\n","protected":false},"featured_media":2711,"template":"","meta":{"_acf_changed":false},"product_brand":[],"product_cat":[191],"product_tag":[],"class_list":{"0":"post-4560","1":"product","2":"type-product","3":"status-publish","4":"has-post-thumbnail","6":"tassonomia-enea-pt-pt","7":"tassonomia-enea-duo-pt-pt","8":"tassonomia-ermes-pt-pt","9":"tassonomia-l-e-o-plus-pt-pt","10":"tassonomia-zaira-pt-pt","11":"product_cat-mais","13":"first","14":"instock","15":"taxable","16":"shipping-taxable","17":"purchasable","18":"product-type-variable"},"acf":[],"_links":{"self":[{"href":"https:\/\/gardalaser.it\/pt-pt\/wp-json\/wp\/v2\/product\/4560","targetHints":{"allow":["GET"]}}],"collection":[{"href":"https:\/\/gardalaser.it\/pt-pt\/wp-json\/wp\/v2\/product"}],"about":[{"href":"https:\/\/gardalaser.it\/pt-pt\/wp-json\/wp\/v2\/types\/product"}],"wp:featuredmedia":[{"embeddable":true,"href":"https:\/\/gardalaser.it\/pt-pt\/wp-json\/wp\/v2\/media\/2711"}],"wp:attachment":[{"href":"https:\/\/gardalaser.it\/pt-pt\/wp-json\/wp\/v2\/media?parent=4560"}],"wp:term":[{"taxonomy":"product_brand","embeddable":true,"href":"https:\/\/gardalaser.it\/pt-pt\/wp-json\/wp\/v2\/product_brand?post=4560"},{"taxonomy":"product_cat","embeddable":true,"href":"https:\/\/gardalaser.it\/pt-pt\/wp-json\/wp\/v2\/product_cat?post=4560"},{"taxonomy":"product_tag","embeddable":true,"href":"https:\/\/gardalaser.it\/pt-pt\/wp-json\/wp\/v2\/product_tag?post=4560"}],"curies":[{"name":"wp","href":"https:\/\/api.w.org\/{rel}","templated":true}]}}