{"id":7868,"date":"2026-03-13T08:46:27","date_gmt":"2026-03-13T07:46:27","guid":{"rendered":"https:\/\/gardalaser.it\/prodotto\/puntale-radiale-implantare-monouso-300%c2%b5m-1-pezzo\/"},"modified":"2026-03-13T09:22:18","modified_gmt":"2026-03-13T08:22:18","slug":"embout-radiale-jetable-pour-implant-300%ce%bcm-1-piece","status":"publish","type":"product","link":"https:\/\/gardalaser.it\/fr\/produit\/embout-radiale-jetable-pour-implant-300%ce%bcm-1-piece\/","title":{"rendered":"Embout radiale jetable pour implant 300\u03bcm (1 pi\u00e8ce)"},"content":{"rendered":"","protected":false},"excerpt":{"rendered":"<p>Embout radial implant jetable de 300 \u03bcm (1 pi\u00e8ce). <strong>Dispositif indiqu\u00e9 pour les proc\u00e9dures de d\u00e9contamination de l&#8217;implant<\/strong>. Non st\u00e9rile, \u00e0 st\u00e9riliser avant la premi\u00e8re utilisation dans un autoclave \u00e0 121\u00b0C pendant 15 minutes (cycle caoutchouc).<\/p>\n<p>Il est \u00e9galement possible d&#8217;acheter, au m\u00eame prix, la pointe radiale jetable de 400 \u03bcm (0,4 mm), emball\u00e9e en une seule pi\u00e8ce, adapt\u00e9e \u00e0 la d\u00e9contamination des surfaces d&#8217;implant dans le domaine dentaire.<\/p>\n<p>Alternativement, la pointe radiale jetable de 600 \u03bcm est disponible, \u00e9galement emball\u00e9e en une seule pi\u00e8ce, un dispositif pour un usage dentaire professionnel adapt\u00e9 aux interventions d&#8217;implant.<\/p>\n","protected":false},"featured_media":7839,"template":"","meta":{"_acf_changed":false},"product_brand":[],"product_cat":[246],"product_tag":[],"class_list":{"0":"post-7868","1":"product","2":"type-product","3":"status-publish","4":"has-post-thumbnail","6":"tassonomia-dentisterie","7":"tassonomia-enea-fr","8":"tassonomia-enea-duo-fr","9":"tassonomia-enea-trio-fr","10":"tassonomia-ermes-fr","11":"tassonomia-gynecologie","12":"tassonomia-hygiene-dentaire","13":"tassonomia-oto-rhino-laryngologie","14":"tassonomia-podologie","15":"tassonomia-veterinaire","16":"tassonomia-zaira-fr","17":"product_cat-fibres-et-astuces","19":"first","20":"instock","21":"taxable","22":"shipping-taxable","23":"purchasable","24":"product-type-variable"},"acf":[],"_links":{"self":[{"href":"https:\/\/gardalaser.it\/fr\/wp-json\/wp\/v2\/product\/7868","targetHints":{"allow":["GET"]}}],"collection":[{"href":"https:\/\/gardalaser.it\/fr\/wp-json\/wp\/v2\/product"}],"about":[{"href":"https:\/\/gardalaser.it\/fr\/wp-json\/wp\/v2\/types\/product"}],"wp:featuredmedia":[{"embeddable":true,"href":"https:\/\/gardalaser.it\/fr\/wp-json\/wp\/v2\/media\/7839"}],"wp:attachment":[{"href":"https:\/\/gardalaser.it\/fr\/wp-json\/wp\/v2\/media?parent=7868"}],"wp:term":[{"taxonomy":"product_brand","embeddable":true,"href":"https:\/\/gardalaser.it\/fr\/wp-json\/wp\/v2\/product_brand?post=7868"},{"taxonomy":"product_cat","embeddable":true,"href":"https:\/\/gardalaser.it\/fr\/wp-json\/wp\/v2\/product_cat?post=7868"},{"taxonomy":"product_tag","embeddable":true,"href":"https:\/\/gardalaser.it\/fr\/wp-json\/wp\/v2\/product_tag?post=7868"}],"curies":[{"name":"wp","href":"https:\/\/api.w.org\/{rel}","templated":true}]}}