{"id":7805,"date":"2026-03-12T16:16:31","date_gmt":"2026-03-12T15:16:31","guid":{"rendered":"https:\/\/gardalaser.it\/prodotto\/casco-di-sicurezza-laser-per-laser-portatili-e-per-tutti-i-lavori-di-saldatura\/"},"modified":"2026-03-12T16:45:22","modified_gmt":"2026-03-12T15:45:22","slug":"casque-de-securite-laser-pour-lasers-portables-et-tous-travaux-de-soudage","status":"publish","type":"product","link":"https:\/\/gardalaser.it\/fr\/produit\/casque-de-securite-laser-pour-lasers-portables-et-tous-travaux-de-soudage\/","title":{"rendered":"Casque de s\u00e9curit\u00e9 laser pour lasers portables"},"content":{"rendered":"","protected":false},"excerpt":{"rendered":"<p>Casque de s\u00e9curit\u00e9 laser pour lasers portatifs et pour tous les travaux de soudage.<\/p>\n<p>Pour lasers portatifs et tous les travaux de soudage avec protection laser permanente et filtre \u00e0 obscurcissement automatique (ADF) commutable.<br \/>\nConvient \u00e9galement aux travaux m\u00e9caniques et \u00e0 l\u2019utilisation de meuleuses angulaires.<\/p>\n<p>PDF &gt; <a href=\"https:\/\/gardalaser.it\/wp-content\/uploads\/2026\/03\/EU-Declaration-of-conformity-LSSH-MAXIMUS.pdf\" target=\"_blank\" rel=\"noopener\"><strong>D\u00e9claration UE de<\/strong> <strong>conformit\u00e9<\/strong><\/a><br \/>\nPDF &gt; <a href=\"https:\/\/gardalaser.it\/wp-content\/uploads\/2026\/03\/Datenblatt-Helm-Maximus-400-HELM-LASER-WELD.pdf\" target=\"_blank\" rel=\"noopener\"><strong>Fiche technique<\/strong><\/a><\/p>\n<p><strong>Certifi\u00e9 selon <\/strong><br \/>\nEN 207 (950 &#8211; 1100 nm D LB7*)<br \/>\nISO 16321 (16321 PF W4\/6-8\/9-13 V1 E 9)<\/p>\n<p><strong>R\u00e9sistance aux chocs \u00e0 grande vitesse <\/strong><br \/>\nNiveau d\u2019impact E<\/p>\n<p><strong>Couleur<\/strong><br \/>\nNoir\/Anthracite<\/p>\n<p><strong>ADF<\/strong><br \/>\nPlage de r\u00e9glage 4\/6-8 (9-13)<br \/>\nTemps de commutation 150\u00b5s<br \/>\nLongue dur\u00e9e de vie<br \/>\nR\u00e9glage de la luminosit\u00e9, manuel et automatique<\/p>\n<p><strong>Champ de vision<\/strong><br \/>\nLarge champ de vision 96&#215;68,5 mm<\/p>\n<p><strong>Caract\u00e9ristiques suppl\u00e9mentaires :<\/strong><br \/>\nCouvre une zone plus \u00e9tendue. Garantit la protection des yeux et du visage.<br \/>\nMeilleure dissipation de la chaleur gr\u00e2ce \u00e0 la grande surface.<br \/>\nCoque en aluminium r\u00e9sistante aux hautes temp\u00e9ratures (jusqu\u2019\u00e0 600 \u00b0C, bien sup\u00e9rieure \u00e0 celle des casques de soudage standard).<br \/>\nSupport de t\u00eate flexible et r\u00e9glable.<\/p>\n","protected":false},"featured_media":7770,"template":"","meta":{"_acf_changed":false},"product_brand":[],"product_cat":[313],"product_tag":[],"class_list":{"0":"post-7805","1":"product","2":"type-product","3":"status-publish","4":"has-post-thumbnail","6":"product_cat-industrie-manufacturiere-et-recherche-et-developpement","8":"first","9":"instock","10":"taxable","11":"shipping-taxable","12":"purchasable","13":"product-type-simple"},"acf":[],"_links":{"self":[{"href":"https:\/\/gardalaser.it\/fr\/wp-json\/wp\/v2\/product\/7805","targetHints":{"allow":["GET"]}}],"collection":[{"href":"https:\/\/gardalaser.it\/fr\/wp-json\/wp\/v2\/product"}],"about":[{"href":"https:\/\/gardalaser.it\/fr\/wp-json\/wp\/v2\/types\/product"}],"wp:featuredmedia":[{"embeddable":true,"href":"https:\/\/gardalaser.it\/fr\/wp-json\/wp\/v2\/media\/7770"}],"wp:attachment":[{"href":"https:\/\/gardalaser.it\/fr\/wp-json\/wp\/v2\/media?parent=7805"}],"wp:term":[{"taxonomy":"product_brand","embeddable":true,"href":"https:\/\/gardalaser.it\/fr\/wp-json\/wp\/v2\/product_brand?post=7805"},{"taxonomy":"product_cat","embeddable":true,"href":"https:\/\/gardalaser.it\/fr\/wp-json\/wp\/v2\/product_cat?post=7805"},{"taxonomy":"product_tag","embeddable":true,"href":"https:\/\/gardalaser.it\/fr\/wp-json\/wp\/v2\/product_tag?post=7805"}],"curies":[{"name":"wp","href":"https:\/\/api.w.org\/{rel}","templated":true}]}}