{"id":7682,"date":"2026-03-12T14:17:02","date_gmt":"2026-03-12T13:17:02","guid":{"rendered":"https:\/\/gardalaser.it\/prodotto\/occhiali-di-protezione-laser-193nm-248nm-266nm-355nm-532nm-755nm-940nm-980nm-1064nm-10600nm\/"},"modified":"2026-03-12T14:41:07","modified_gmt":"2026-03-12T13:41:07","slug":"lunettes-de-securite-laser-193nm-248nm-266nm-355nm-532nm-755nm-940nm-980nm-1064nm-1060nm","status":"publish","type":"product","link":"https:\/\/gardalaser.it\/fr\/produit\/lunettes-de-securite-laser-193nm-248nm-266nm-355nm-532nm-755nm-940nm-980nm-1064nm-1060nm\/","title":{"rendered":"Lunettes de s\u00e9curit\u00e9 laser 193nm \u2013 248nm \u2013 266nm \u2013 355nm \u2013 532nm \u2013 755nm \u2013 940nm \u2013 980nm \u2013 1064nm \u2013 1060nm"},"content":{"rendered":"<table>\n<tbody>\n<tr>\n<td><strong>Longueurs d&#8217;onde<\/strong><\/td>\n<td><strong>Niveaux de protection<\/strong><\/td>\n<\/tr>\n<tr>\n<td>180-315<\/td>\n<td>D LB10 + IR LB5 + M LB6Y (OD10+)<\/td>\n<\/tr>\n<tr>\n<td>&gt;315-532<\/td>\n<td>D LB6 + IR LB8 + M LB9 (OD9+)<\/td>\n<\/tr>\n<tr>\n<td>533-538<\/td>\n<td>DIRM LB5 (OD5+)<\/td>\n<\/tr>\n<tr>\n<td>539-542<\/td>\n<td>DIRM LB4 (OD4+)<\/td>\n<\/tr>\n<tr>\n<td>543-545<\/td>\n<td>DIRM LB3 (OD3+)<\/td>\n<\/tr>\n<tr>\n<td>546-550<\/td>\n<td>DIRM LB2 (OD2+)<\/td>\n<\/tr>\n<tr>\n<td>551-558<\/td>\n<td>LB1 DIRM (OD1+)<\/td>\n<\/tr>\n<tr>\n<td>622-648<\/td>\n<td>LB1 DIRM (OD1+)<\/td>\n<\/tr>\n<tr>\n<td>649-660<\/td>\n<td>DIRM LB2 (OD2+)<\/td>\n<\/tr>\n<tr>\n<td>661-696<\/td>\n<td>DIRM LB3 (OD3+)<\/td>\n<\/tr>\n<tr>\n<td>697-711<\/td>\n<td>DIRM LB4 (OD4+)<\/td>\n<\/tr>\n<tr>\n<td>712-719<\/td>\n<td>DIRM LB5 (OD5+)<\/td>\n<\/tr>\n<tr>\n<td>720-722<\/td>\n<td>DIRM LB6 (OD6+)<\/td>\n<\/tr>\n<tr>\n<td>723-734<\/td>\n<td>D LB6 + IR LB7 + M LB7Y (OD7+)<\/td>\n<\/tr>\n<tr>\n<td>735-770<\/td>\n<td>D LB6 + IR LB8 + M LB7Y (OD8+)<\/td>\n<\/tr>\n<tr>\n<td>771-815<\/td>\n<td>DIRM LB6 (OD6+)<\/td>\n<\/tr>\n<tr>\n<td>816-825<\/td>\n<td>D LB6 + IRM LB7 (OD7+)<\/td>\n<\/tr>\n<tr>\n<td>826-839<\/td>\n<td>D LB6 + IRM LB8 (OD8+)<\/td>\n<\/tr>\n<tr>\n<td>840-1080<\/td>\n<td>D LB6 + IRM LB8 (OD8+)<\/td>\n<\/tr>\n<tr>\n<td>950-1065<\/td>\n<td>D LB6 + IRM LB9 (OD9+)<\/td>\n<\/tr>\n<tr>\n<td>1081-1087<\/td>\n<td>DIRM LB6 (OD6+)<\/td>\n<\/tr>\n<tr>\n<td>1088-1098<\/td>\n<td>DIRM LB5 (OD5+)<\/td>\n<\/tr>\n<tr>\n<td>1099-1109<\/td>\n<td>DIRM LB4 (OD4+)<\/td>\n<\/tr>\n<tr>\n<td>1110-1123<\/td>\n<td>DIRM LB3 (OD3+)<\/td>\n<\/tr>\n<tr>\n<td>1124-1141<\/td>\n<td>DIRM LB2 (OD2+)<\/td>\n<\/tr>\n<tr>\n<td>1142-1170<\/td>\n<td>LB1 DIRM (OD1+)<\/td>\n<\/tr>\n<tr>\n<td>4785-5040<\/td>\n<td>LB4+R LB3Y (OD4+)<\/td>\n<\/tr>\n<tr>\n<td>5041-5150<\/td>\n<td>DI LB3+R LB3Y (OD3+)<\/td>\n<\/tr>\n<tr>\n<td>5151-11500<\/td>\n<td>LB4+R LB3Y (OD4+)<\/td>\n<\/tr>\n<tr>\n<td><\/td>\n<td>PF CE<\/td>\n<\/tr>\n<\/tbody>\n<\/table>\n","protected":false},"excerpt":{"rendered":"<p>ONTOR est une <strong>lunette de s\u00e9curit\u00e9 laser l\u00e9g\u00e8re, fabriqu\u00e9e en<\/strong> polym\u00e8res sp\u00e9ciaux, parfaite pour \u00eatre port\u00e9e par-dessus des lunettes de correction. Cette monture offre un large champ de vision et une protection contre les impacts lat\u00e9raux. Les tempes sont ajustables individuellement et une mousse douce et scell\u00e9e am\u00e9liore le confort.<\/p>\n<p>&nbsp;<\/p>\n<p>Le <strong>filtre de s\u00e9curit\u00e9 laser 0273 convient \u00e0 de nombreux lasers dans la gamme de lumi\u00e8re infrarouge, tels que Alexandrit (755 nm), Diode (940-980 nm) et Nd\u00a0:YAG (1064 nm). Mais le filtre couvre \u00e9galement de nombreuses longueurs d&#8217;onde laser dans le secteur UV, telles que l&#8217;Excimer (193 nm), l&#8217;UV (248 nm) et l&#8217;harmonique Nd\u00a0:YAG (266 nm + 355 nm + 532 nm). Le filtre de s\u00e9curit\u00e9 laser est compos\u00e9 de plastiques marron sp\u00e9ciaux et offre une transmission de la lumi\u00e8re visible (VLT) de 15 % ainsi qu&#8217;une \u00e9paisseur r\u00e9duite du filtre. <\/strong><strong>Le filtre de s\u00e9curit\u00e9 laser est certifi\u00e9 CE conform\u00e9ment aux exigences de la norme EN 207.<\/strong><\/p>\n<p>&nbsp;<\/p>\n<p>PDF &gt; <a href=\"https:\/\/gardalaser.it\/wp-content\/uploads\/2026\/03\/Datenblatt-000-K0273-ONTO-54-DE-EN-12.09.2024.pdf\" target=\"_blank\" rel=\"noopener\"><strong>Fiche technique<\/strong><\/a><\/p>\n<p>PDF &gt; <a href=\"https:\/\/gardalaser.it\/wp-content\/uploads\/2026\/03\/EU-Declaration-of-conformity-Filter-0273.pdf\" target=\"_blank\" rel=\"noopener\"><strong>D\u00e9claration de conformit\u00e9 de l&#8217;UE<\/strong><\/a><\/p>\n<p>&nbsp;<\/p>\n<p><strong>Informations :<\/strong><\/p>\n<ul>\n<li>Application : Excimer (193 nm), UV (248 nm), Nd:YAG 4x (266 nm), Nd:YAG 3x (355 nm), Nd:YAG 2x (532 nm), Alexandrite (755 nm), Diode (940 \u2013 980 nm), Nd:YAG (1064 nm), CO2 (10600 nm)<\/li>\n<li>VLT (transmission de la lumi\u00e8re visible) : 15 %<\/li>\n<li>Couleur du filtre : marron<\/li>\n<li>Mat\u00e9riau du filtre : polym\u00e8re<\/li>\n<li>\u00c9paisseur du filtre : 2,0 mm<\/li>\n<li>Couleur de la monture : noir\/blanc<\/li>\n<\/ul>\n<p>&nbsp;<\/p>\n<p><strong>Monture de lunettes ONTOR :<\/strong><\/p>\n<ul>\n<li>lunettes de sport<\/li>\n<li>champ de vision tr\u00e8s large<\/li>\n<li>r\u00e9glage individuel de la longueur et de l&#8217;inclinaison des branches<\/li>\n<li>confort parfait gr\u00e2ce \u00e0 la mousse faciale caoutchout\u00e9e<\/li>\n<\/ul>\n","protected":false},"featured_media":7658,"template":"","meta":{"_acf_changed":false},"product_brand":[],"product_cat":[241],"product_tag":[],"class_list":{"0":"post-7682","1":"product","2":"type-product","3":"status-publish","4":"has-post-thumbnail","6":"tassonomia-dentisterie","7":"tassonomia-enea-fr","8":"tassonomia-enea-duo-fr","9":"tassonomia-enea-trio-fr","10":"tassonomia-ermes-fr","11":"tassonomia-gynecologie","12":"tassonomia-hygiene-dentaire","13":"tassonomia-l-e-o-plus-fr","14":"tassonomia-oto-rhino-laryngologie","15":"tassonomia-physiotherapie","16":"tassonomia-podologie","17":"tassonomia-veterinaire","18":"tassonomia-zaira-fr","19":"product_cat-lunettes-de-protection","21":"first","22":"instock","23":"taxable","24":"shipping-taxable","25":"purchasable","26":"product-type-simple"},"acf":[],"_links":{"self":[{"href":"https:\/\/gardalaser.it\/fr\/wp-json\/wp\/v2\/product\/7682","targetHints":{"allow":["GET"]}}],"collection":[{"href":"https:\/\/gardalaser.it\/fr\/wp-json\/wp\/v2\/product"}],"about":[{"href":"https:\/\/gardalaser.it\/fr\/wp-json\/wp\/v2\/types\/product"}],"wp:featuredmedia":[{"embeddable":true,"href":"https:\/\/gardalaser.it\/fr\/wp-json\/wp\/v2\/media\/7658"}],"wp:attachment":[{"href":"https:\/\/gardalaser.it\/fr\/wp-json\/wp\/v2\/media?parent=7682"}],"wp:term":[{"taxonomy":"product_brand","embeddable":true,"href":"https:\/\/gardalaser.it\/fr\/wp-json\/wp\/v2\/product_brand?post=7682"},{"taxonomy":"product_cat","embeddable":true,"href":"https:\/\/gardalaser.it\/fr\/wp-json\/wp\/v2\/product_cat?post=7682"},{"taxonomy":"product_tag","embeddable":true,"href":"https:\/\/gardalaser.it\/fr\/wp-json\/wp\/v2\/product_tag?post=7682"}],"curies":[{"name":"wp","href":"https:\/\/api.w.org\/{rel}","templated":true}]}}