{"id":7497,"date":"2026-03-10T16:37:17","date_gmt":"2026-03-10T15:37:17","guid":{"rendered":"https:\/\/gardalaser.it\/prodotto\/occhiali-di-protezione-laser-con-lente-dingrandimento-3x\/"},"modified":"2026-03-12T17:15:26","modified_gmt":"2026-03-12T16:15:26","slug":"lunettes-de-securite-laser-avec-loupe-3x","status":"publish","type":"product","link":"https:\/\/gardalaser.it\/fr\/produit\/lunettes-de-securite-laser-avec-loupe-3x\/","title":{"rendered":"Lunettes de s\u00e9curit\u00e9 laser avec loupe 3x"},"content":{"rendered":"<p><strong>Objectif d&#8217;information :<\/strong><\/p>\n<ul>\n<li>Grossissement : 3,0 x<\/li>\n<li>Distance de travail : s\u00e9lectionnable (sp\u00e9cifier lors de la commande)<\/li>\n<li>Syst\u00e8me de pourboire<\/li>\n<\/ul>\n<p>&nbsp;<\/p>\n<p><strong>Cadre d&#8217;information : ONTOR<\/strong><\/p>\n<ul>\n<li>Lunettes de sport<\/li>\n<li>Champ de vision tr\u00e8s large<\/li>\n<li>Ajustement individuel de la longueur et de l&#8217;angle des temples<\/li>\n<li>Confort parfait gr\u00e2ce \u00e0 la mousse caoutchouteuse du visage<\/li>\n<\/ul>\n","protected":false},"excerpt":{"rendered":"<p><strong>Gr\u00e2ce aux lunettes de s\u00e9curit\u00e9 ONTOR en verre de loupe au travail ou aux lunettes de protection laser, les traitements laser peuvent \u00eatre r\u00e9alis\u00e9s avec la plus grande pr\u00e9cision.<\/strong><\/p>\n<p><strong>Loupe magn\u00e9tiqueNotre loupe magn\u00e9tique \u00e0 t\u00eate sur\u00e9lev\u00e9e est disponible avec un grossissement de <\/strong>3x et permet une distance de travail de 350 mm. Il se compose d&#8217;une lentille en verre multi-couche de haute qualit\u00e9, avec une distance interpupillaire et un angle de d\u00e9clinaison enti\u00e8rement ajustables. Gr\u00e2ce au syst\u00e8me \u00e9prouv\u00e9 \u00e0 clic magn\u00e9tique, la loupe \u00e0 t\u00eate sur\u00e9lev\u00e9e peut \u00eatre utilis\u00e9e imm\u00e9diatement sur nos mod\u00e8les ONTOR.<\/p>\n<p><strong>Grosseur d&#8217;extension mont\u00e9e StarVision<\/strong><br \/>\nLes optiques haute r\u00e9solution offrent une vision brillante et \u00e9clatante. La grande profondeur de champ et l&#8217;image aux contours nets sont convaincantes. Pour une illumination optimale du champ de traitement, la loupe \u00e0 t\u00eate sur\u00e9lev\u00e9e peut \u00eatre \u00e9quip\u00e9e d&#8217;une lumi\u00e8re LED. Gr\u00e2ce au syst\u00e8me d&#8217;inclinaison pratique, la loupe peut \u00eatre tourn\u00e9e vers le haut, assurant le contact visuel avec le patient et la flexibilit\u00e9 de la routine quotidienne. La d\u00e9sinfection est possible avec un d\u00e9sinfectant humide et sans alcool.<\/p>\n<p><strong>Pour proc\u00e9der \u00e0 l&#8217;achat et recevoir le produit fini :<\/strong><\/p>\n<ol>\n<li>Contactez notre \u00e9quipe technique en nous \u00e9crivant \u00e0 l&#8217;adresse e-mail <a href=\"mailto:info@gardalaser.it\">info@gardalaser.it<\/a> ou appelez-nous au num\u00e9ro (+39) 0457513554.<\/li>\n<li>Indiquez-nous les donn\u00e9es de votre appareil laser (Longueur d\u2019onde en <em>nm<\/em>, Puissance, Degr\u00e9 de protection, fiche technique de l\u2019\u00e9quipement laser, mode d\u2019\u00e9mission continu ou puls\u00e9).<\/li>\n<li>Nos experts \u00e9valueront votre demande, confirmeront la configuration id\u00e9ale et proc\u00e9deront \u00e0 l\u2019assemblage de vos lunettes ONTOR avec des lentilles grossissantes 3x.<\/li>\n<\/ol>\n","protected":false},"featured_media":7479,"template":"","meta":{"_acf_changed":false},"product_brand":[],"product_cat":[241],"product_tag":[],"class_list":{"0":"post-7497","1":"product","2":"type-product","3":"status-publish","4":"has-post-thumbnail","6":"tassonomia-dentisterie","7":"tassonomia-enea-fr","8":"tassonomia-enea-duo-fr","9":"tassonomia-enea-trio-fr","10":"tassonomia-ermes-fr","11":"tassonomia-gynecologie","12":"tassonomia-l-e-o-plus-fr","13":"tassonomia-oto-rhino-laryngologie","14":"tassonomia-physiotherapie","15":"tassonomia-podologie","16":"tassonomia-veterinaire","17":"tassonomia-zaira-fr","18":"product_cat-lunettes-de-protection","20":"first","21":"instock","22":"taxable","23":"shipping-taxable","24":"purchasable","25":"product-type-simple"},"acf":[],"_links":{"self":[{"href":"https:\/\/gardalaser.it\/fr\/wp-json\/wp\/v2\/product\/7497","targetHints":{"allow":["GET"]}}],"collection":[{"href":"https:\/\/gardalaser.it\/fr\/wp-json\/wp\/v2\/product"}],"about":[{"href":"https:\/\/gardalaser.it\/fr\/wp-json\/wp\/v2\/types\/product"}],"wp:featuredmedia":[{"embeddable":true,"href":"https:\/\/gardalaser.it\/fr\/wp-json\/wp\/v2\/media\/7479"}],"wp:attachment":[{"href":"https:\/\/gardalaser.it\/fr\/wp-json\/wp\/v2\/media?parent=7497"}],"wp:term":[{"taxonomy":"product_brand","embeddable":true,"href":"https:\/\/gardalaser.it\/fr\/wp-json\/wp\/v2\/product_brand?post=7497"},{"taxonomy":"product_cat","embeddable":true,"href":"https:\/\/gardalaser.it\/fr\/wp-json\/wp\/v2\/product_cat?post=7497"},{"taxonomy":"product_tag","embeddable":true,"href":"https:\/\/gardalaser.it\/fr\/wp-json\/wp\/v2\/product_tag?post=7497"}],"curies":[{"name":"wp","href":"https:\/\/api.w.org\/{rel}","templated":true}]}}