{"id":7449,"date":"2026-03-10T14:37:15","date_gmt":"2026-03-10T13:37:15","guid":{"rendered":"https:\/\/gardalaser.it\/prodotto\/occhiali-di-protezione-laser-976nm-1064nm-1080nm-1320nm-1470nm-1480nm-1540nm-1940nm-2780nm-2940nm-10600nm\/"},"modified":"2026-03-10T15:21:10","modified_gmt":"2026-03-10T14:21:10","slug":"occhiali-di-protezione-laser-976nm-1064nm-1080nm-1320nm-1470nm-1480nm-1540nm-1940nm-2780nm-2940nm-10600nm","status":"publish","type":"product","link":"https:\/\/gardalaser.it\/fr\/produit\/occhiali-di-protezione-laser-976nm-1064nm-1080nm-1320nm-1470nm-1480nm-1540nm-1940nm-2780nm-2940nm-10600nm\/","title":{"rendered":"Lunettes de s\u00e9curit\u00e9 laser 976nm \u2013 1064nm \u2013 1080nm \u2013 1320nm \u2013 1470nm \u2013 1480nm \u2013 1540nm \u2013 1940nm \u2013 2780nm \u2013 2940nm \u2013 10600nm"},"content":{"rendered":"<table>\n<tbody>\n<tr>\n<td><strong>\u00a0<\/strong><strong>Longueurs d&#8217;onde<\/strong><\/td>\n<td><strong>Niveaux de protection<\/strong><\/td>\n<\/tr>\n<tr>\n<td>752-821<\/td>\n<td>LB1 DIRM (OD1+)<\/td>\n<\/tr>\n<tr>\n<td>&gt;821-877<\/td>\n<td>DIRM LB2 (OD2+)<\/td>\n<\/tr>\n<tr>\n<td>&gt;877-925<\/td>\n<td>DIRM LB3 (OD3+)<\/td>\n<\/tr>\n<tr>\n<td>&gt;925-955<\/td>\n<td>DIRM LB4 (OD4+)<\/td>\n<\/tr>\n<tr>\n<td>&gt;955-1046<\/td>\n<td>DIRM LB5 (OD5+)<\/td>\n<\/tr>\n<tr>\n<td>&gt;1046-1079<\/td>\n<td>DIRM LB6 (OD6+)<\/td>\n<\/tr>\n<tr>\n<td>&gt;1079-1400<\/td>\n<td>D LB6 + IR LB7 + M LB6Y (OD7+)<\/td>\n<\/tr>\n<tr>\n<td>&gt;1400-2384<\/td>\n<td>DI LB4 + R LB3Y + M LB4Y (OD4+)<\/td>\n<\/tr>\n<tr>\n<td>&gt;2384-2661<\/td>\n<td>DIM LB3 + R LB3Y (OD3+)<\/td>\n<\/tr>\n<tr>\n<td>&gt;2661-3861<\/td>\n<td>DIRM LB2 (OD2+)<\/td>\n<\/tr>\n<tr>\n<td>&gt;3861-9000<\/td>\n<td>LB3 + RM LB3Y (OD3+)<\/td>\n<\/tr>\n<tr>\n<td>&gt;9000-11000<\/td>\n<td>DI LB4 + R LB3Y + M LB4Y (OD5+)<\/td>\n<\/tr>\n<tr>\n<td><\/td>\n<td>PF CE<\/td>\n<\/tr>\n<\/tbody>\n<\/table>\n<p>&nbsp;<\/p>\n","protected":false},"excerpt":{"rendered":"<p>Les lunettes de s\u00e9curit\u00e9 laser <strong>STARLIGHT X2 <\/strong>sont l\u00e9g\u00e8res et \u00e9l\u00e9gantes, avec un cadre en polym\u00e8re sp\u00e9cial. La structure ultra-l\u00e9g\u00e8re offre un excellent ajustement gr\u00e2ce \u00e0 des tempes ajustables individuellement, un bord en caoutchouc au dessus du front et une protection lat\u00e9rale suppl\u00e9mentaire gr\u00e2ce au design enveloppant.<\/p>\n<p>Le filtre de s\u00e9curit\u00e9 laser 0269 convient \u00e0 une large gamme de lasers tels que Nd\u00a0:YAG (1064nm), fibre (976 &#8211; 1080nm), t\u00e9l\u00e9communications (1320nm), Tm : Diode (1470nm), Thulium (1480+1940nm), Er : Verre (1540nm), Er : YAG (2780 &#8211; 2940nm) et CO2 (10600nm). Le filtre de s\u00e9curit\u00e9 laser est constitu\u00e9 d&#8217;un verre min\u00e9ral gris clair et a une transmission diurne d&#8217;environ 76 % \u00e0 faible \u00e9paisseur. Le filtre de s\u00e9curit\u00e9 laser est certifi\u00e9 CE selon les dispositions de la norme DIN EN 207.<\/p>\n<p>&nbsp;<\/p>\n<p>PDF &gt; <strong><a href=\"https:\/\/gardalaser.it\/wp-content\/uploads\/2026\/03\/Scheda-tecnica-LG5006EV-EN.pdf\" target=\"_blank\" rel=\"noopener\">Fiche technique<\/a><\/strong><\/p>\n<p>PDF &gt; <a href=\"https:\/\/gardalaser.it\/wp-content\/uploads\/2026\/03\/LG5006EV-EU-Declaration-of-conformity-Filter-0269.pdf\" target=\"_blank\" rel=\"noopener\"><strong>D\u00e9claration de conformit\u00e9 de l&#8217;UE<\/strong><\/a><\/p>\n<p>&nbsp;<\/p>\n<p><strong>Caract\u00e9ristiques :<\/strong><\/p>\n<ul>\n<li>Application : Nd:YAG (1064 nm), Fibre (976 \u2013 1080 nm), Telecom (1320 nm), Tm:Diode (1470 nm), Thulium (1480 + 1940 nm), Er:verre (1540 nm), Er:YAG (2780 \u2013 2940 nm), CO2 (10600 nm)<\/li>\n<li>VLT (transmission de la lumi\u00e8re visible) : 76%<\/li>\n<li>Couleur du filtre : gris clair<\/li>\n<li>Mat\u00e9riau du filtre : verre min\u00e9ral<\/li>\n<li>\u00c9paisseur du filtre : 3,0 mm<\/li>\n<li>Couleur de la monture : noir<\/li>\n<\/ul>\n<p>&nbsp;<\/p>\n<p><strong>Monture de lunettes STARLIGHT X2 :<\/strong><\/p>\n<ul>\n<li>embouts de branches r\u00e9glables<\/li>\n<li>plaquettes de nez souples et bordure en caoutchouc suppl\u00e9mentaire au niveau du front<\/li>\n<li>objectif grand angle<\/li>\n<li>niveaux de protection plus \u00e9lev\u00e9s gr\u00e2ce \u00e0 la modification<\/li>\n<\/ul>\n","protected":false},"featured_media":7437,"template":"","meta":{"_acf_changed":false},"product_brand":[],"product_cat":[241],"product_tag":[],"class_list":{"0":"post-7449","1":"product","2":"type-product","3":"status-publish","4":"has-post-thumbnail","6":"tassonomia-dentisterie","7":"tassonomia-enea-fr","8":"tassonomia-enea-duo-fr","9":"tassonomia-enea-trio-fr","10":"tassonomia-ermes-fr","11":"tassonomia-gynecologie","12":"tassonomia-hygiene-dentaire","13":"tassonomia-l-e-o-plus-fr","14":"tassonomia-oto-rhino-laryngologie","15":"tassonomia-physiotherapie","16":"tassonomia-podologie","17":"tassonomia-veterinaire","18":"tassonomia-zaira-fr","19":"product_cat-lunettes-de-protection","21":"first","22":"instock","23":"taxable","24":"shipping-taxable","25":"purchasable","26":"product-type-simple"},"acf":[],"_links":{"self":[{"href":"https:\/\/gardalaser.it\/fr\/wp-json\/wp\/v2\/product\/7449","targetHints":{"allow":["GET"]}}],"collection":[{"href":"https:\/\/gardalaser.it\/fr\/wp-json\/wp\/v2\/product"}],"about":[{"href":"https:\/\/gardalaser.it\/fr\/wp-json\/wp\/v2\/types\/product"}],"wp:featuredmedia":[{"embeddable":true,"href":"https:\/\/gardalaser.it\/fr\/wp-json\/wp\/v2\/media\/7437"}],"wp:attachment":[{"href":"https:\/\/gardalaser.it\/fr\/wp-json\/wp\/v2\/media?parent=7449"}],"wp:term":[{"taxonomy":"product_brand","embeddable":true,"href":"https:\/\/gardalaser.it\/fr\/wp-json\/wp\/v2\/product_brand?post=7449"},{"taxonomy":"product_cat","embeddable":true,"href":"https:\/\/gardalaser.it\/fr\/wp-json\/wp\/v2\/product_cat?post=7449"},{"taxonomy":"product_tag","embeddable":true,"href":"https:\/\/gardalaser.it\/fr\/wp-json\/wp\/v2\/product_tag?post=7449"}],"curies":[{"name":"wp","href":"https:\/\/api.w.org\/{rel}","templated":true}]}}