{"id":7413,"date":"2026-03-10T09:55:11","date_gmt":"2026-03-10T08:55:11","guid":{"rendered":"https:\/\/gardalaser.it\/prodotto\/finestra-di-protezione-laser-940nm-976nm-980nm-1030nm-1064nm-1080nm\/"},"modified":"2026-03-10T10:53:36","modified_gmt":"2026-03-10T09:53:36","slug":"fenetre-de-protection-laser-940nm-976nm-980nm-1030nm-1064nm-1080nm","status":"publish","type":"product","link":"https:\/\/gardalaser.it\/fr\/produit\/fenetre-de-protection-laser-940nm-976nm-980nm-1030nm-1064nm-1080nm\/","title":{"rendered":"Fen\u00eatre de protection laser 940nm &#8211; 976nm &#8211; 980nm &#8211; 1030nm &#8211; 1064nm &#8211; 1080nm"},"content":{"rendered":"<table>\n<tbody>\n<tr>\n<td>\n<table>\n<tbody>\n<tr>\n<td><strong>Longueurs d&#8217;onde<\/strong><\/td>\n<td><strong>Niveaux de protection<\/strong><\/td>\n<\/tr>\n<tr>\n<td>180-315<\/td>\n<td>D AB8 + IR AB3 (OD10+)<\/td>\n<\/tr>\n<tr>\n<td>&gt;315-370<\/td>\n<td>DIR AB5 (OD10+)<\/td>\n<\/tr>\n<tr>\n<td>&gt;370-380<\/td>\n<td>DIR AB5 (OD7+)<\/td>\n<\/tr>\n<tr>\n<td>&gt;380-395<\/td>\n<td>DIR AB5 (OD6+)<\/td>\n<\/tr>\n<tr>\n<td>&gt;395-440<\/td>\n<td>DIR AB5 (OD5+)<\/td>\n<\/tr>\n<tr>\n<td>&gt;440-455<\/td>\n<td>DIR AB4 (OD4+)<\/td>\n<\/tr>\n<tr>\n<td>&gt;455-465<\/td>\n<td>DIR AB3 (OD3+)<\/td>\n<\/tr>\n<tr>\n<td>&gt;465-480<\/td>\n<td>DIR AB2 (OD2+)<\/td>\n<\/tr>\n<tr>\n<td>&gt;480-495<\/td>\n<td>DIR AB1 (OD1+)<\/td>\n<\/tr>\n<tr>\n<td>&gt;685-755<\/td>\n<td>D AB1 + IR AB1Y (OD1+)<\/td>\n<\/tr>\n<tr>\n<td>&gt;755-800<\/td>\n<td>D AB2 + IR AB2Y (OD2+)<\/td>\n<\/tr>\n<tr>\n<td>&gt;800-830<\/td>\n<td>D AB3 + IR AB3Y (OD3+)<\/td>\n<\/tr>\n<tr>\n<td>&gt;830-852<\/td>\n<td>D AB4 + IR AB4Y (OD4+)<\/td>\n<\/tr>\n<tr>\n<td>&gt;852-872<\/td>\n<td>D AB5 + IR AB5Y (OD5+)<\/td>\n<\/tr>\n<tr>\n<td>&gt;872-892<\/td>\n<td>D AB6 + IR AB6Y (OD6+)<\/td>\n<\/tr>\n<tr>\n<td>&gt;892-905<\/td>\n<td>D AB6 + I AB7Y + R AB6Y (OD7+)<\/td>\n<\/tr>\n<tr>\n<td>&gt;905-930<\/td>\n<td>D AB6 + I AB7Y + R AB6Y (OD8+)<\/td>\n<\/tr>\n<tr>\n<td>&gt;930-975<\/td>\n<td>D AB6 + I AB7Y + R AB6Y (OD9+)<\/td>\n<\/tr>\n<tr>\n<td>&gt;975-1100<\/td>\n<td>D AB6 + I AB7Y + R AB6Y (OD10+)<\/td>\n<\/tr>\n<tr>\n<td>&gt;1100-1120<\/td>\n<td>D AB6 + I AB7Y + R AB6Y (OD9+)<\/td>\n<\/tr>\n<tr>\n<td>&gt;1120-1140<\/td>\n<td>D AB6 + I AB7Y + R AB6Y (OD8+)<\/td>\n<\/tr>\n<tr>\n<td>&gt;1140-1155<\/td>\n<td>D AB6 + I AB7Y + R AB6Y (OD7+)<\/td>\n<\/tr>\n<tr>\n<td>&gt;1155-1185<\/td>\n<td>D AB6 + IR AB6Y (OD6+)<\/td>\n<\/tr>\n<tr>\n<td>&gt;1185-1215<\/td>\n<td>D AB5 + IR AB5Y (OD5+)<\/td>\n<\/tr>\n<tr>\n<td>&gt;1215-1400<\/td>\n<td>D AB4 + IR AB4Y (OD4+)<\/td>\n<\/tr>\n<tr>\n<td>&gt;1400-1735<\/td>\n<td>D AB2 (OD3+)<\/td>\n<\/tr>\n<tr>\n<td>&gt;2930-2990<\/td>\n<td>D AB2 (OD3+)<\/td>\n<\/tr>\n<tr>\n<td>&gt;2990-3000<\/td>\n<td>D AB2 (OD2+)<\/td>\n<\/tr>\n<tr>\n<td>&gt;9000-11000<\/td>\n<td>D AB2 (OD2+)<\/td>\n<\/tr>\n<tr>\n<td><\/td>\n<td>PF CE<\/td>\n<\/tr>\n<\/tbody>\n<\/table>\n<\/td>\n<\/tr>\n<\/tbody>\n<\/table>\n","protected":false},"excerpt":{"rendered":"<p>Les fen\u00eatres de protection laser permettent \u00e0 vos employ\u00e9s d&#8217;observer en toute s\u00e9curit\u00e9 les processus dans un syst\u00e8me laser. Que vous souhaitiez int\u00e9grer des fen\u00eatres de protection laser dans des enceintes m\u00e9caniques ou des murs mobiles, nous vous offrons la protection ad\u00e9quate et \u00e9prouv\u00e9e pour votre syst\u00e8me laser, votre \u00e9quipement laser et votre application laser. Selon le niveau de protection souhait\u00e9 ou la taille de la fen\u00eatre, vous pouvez choisir entre des fen\u00eatres en verre ou en plastique. En plus d&#8217;une vari\u00e9t\u00e9 de tailles standards, des d\u00e9coupes sur mesure sont \u00e9galement possibles gr\u00e2ce \u00e0 notre production interne.<\/p>\n<p>Le filtre de protection laser 0202 est particuli\u00e8rement adapt\u00e9 comme protection laser pour les lasers \u00e0 diode (900 &#8211; 1400 nm), Yb\u00a0:YAG\/disque (1030 nm), fibre (976 &#8211; 1080 nm) et Nd\u00a0:YAG (1064 nm). Cependant, d&#8217;autres lasers sont \u00e9galement recouverts par le filtre. Le filtre de s\u00e9curit\u00e9 laser est fabriqu\u00e9 en plastique vert sp\u00e9cial et a une transmission en lumi\u00e8re diurne d&#8217;environ 35 % avec une \u00e9paisseur r\u00e9duite. Le filtre de s\u00e9curit\u00e9 laser est qualifi\u00e9 selon les normes EN 12254.<\/p>\n<p>&nbsp;<\/p>\n<p>PDF &gt;<a href=\"https:\/\/gardalaser.it\/wp-content\/uploads\/2026\/03\/100-k0202-4-100x200-laser-protection-window-filter-0202-dimensions-100-x-200-mm-thickness-4.0-mm.pdf\" target=\"_blank\" rel=\"noopener\"><strong> Fiche technique<\/strong><\/a><\/p>\n<p>PDF &gt;<a href=\"https:\/\/gardalaser.it\/wp-content\/uploads\/2026\/03\/EG-Konformitatserklarung-Filter-0202-4-DE-EN-2025.pdf\" target=\"_blank\" rel=\"noopener\"><strong> D\u00e9claration de conformit\u00e9 de l&#8217;UE<\/strong><\/a><\/p>\n<p>&nbsp;<\/p>\n<p><strong>Informations sur le produit<\/strong><\/p>\n<ul>\n<li>Application : Diode (940 \u2013 980 nm), Yb:YAG\/Disque (1030 nm), Nd:YAG (1064 nm), Fibre (976 \u2013 1080 nm)<\/li>\n<li>VLT (Transmission de la lumi\u00e8re visible) : 35 %<\/li>\n<li>Couleur du filtre : Vert<\/li>\n<li>Mat\u00e9riau du filtre : Plastique sp\u00e9cial<\/li>\n<li>\u00c9paisseur du filtre : 4,0 mm ou 6,0 mm<\/li>\n<li>Dimensions maximales : 1000 x 1800 mm<\/li>\n<\/ul>\n","protected":false},"featured_media":7392,"template":"","meta":{"_acf_changed":false},"product_brand":[],"product_cat":[313],"product_tag":[],"class_list":{"0":"post-7413","1":"product","2":"type-product","3":"status-publish","4":"has-post-thumbnail","6":"product_cat-industrie-manufacturiere-et-recherche-et-developpement","8":"first","9":"instock","10":"taxable","11":"shipping-taxable","12":"purchasable","13":"product-type-variable"},"acf":[],"_links":{"self":[{"href":"https:\/\/gardalaser.it\/fr\/wp-json\/wp\/v2\/product\/7413","targetHints":{"allow":["GET"]}}],"collection":[{"href":"https:\/\/gardalaser.it\/fr\/wp-json\/wp\/v2\/product"}],"about":[{"href":"https:\/\/gardalaser.it\/fr\/wp-json\/wp\/v2\/types\/product"}],"wp:featuredmedia":[{"embeddable":true,"href":"https:\/\/gardalaser.it\/fr\/wp-json\/wp\/v2\/media\/7392"}],"wp:attachment":[{"href":"https:\/\/gardalaser.it\/fr\/wp-json\/wp\/v2\/media?parent=7413"}],"wp:term":[{"taxonomy":"product_brand","embeddable":true,"href":"https:\/\/gardalaser.it\/fr\/wp-json\/wp\/v2\/product_brand?post=7413"},{"taxonomy":"product_cat","embeddable":true,"href":"https:\/\/gardalaser.it\/fr\/wp-json\/wp\/v2\/product_cat?post=7413"},{"taxonomy":"product_tag","embeddable":true,"href":"https:\/\/gardalaser.it\/fr\/wp-json\/wp\/v2\/product_tag?post=7413"}],"curies":[{"name":"wp","href":"https:\/\/api.w.org\/{rel}","templated":true}]}}