{"id":7377,"date":"2026-03-10T08:44:58","date_gmt":"2026-03-10T07:44:58","guid":{"rendered":"https:\/\/gardalaser.it\/prodotto\/occhiali-di-protezione-laser-900-nm-1400-nm\/"},"modified":"2026-03-10T10:03:20","modified_gmt":"2026-03-10T09:03:20","slug":"occhiali-di-protezione-laser-900-nm-1400-nm","status":"publish","type":"product","link":"https:\/\/gardalaser.it\/fr\/produit\/occhiali-di-protezione-laser-900-nm-1400-nm\/","title":{"rendered":"Lunettes de s\u00e9curit\u00e9 laser 900 nm \u2013 1400 nm"},"content":{"rendered":"<table>\n<tbody>\n<tr>\n<td><strong>Longueurs d&#8217;onde<\/strong><\/td>\n<td><strong>Niveaux de protection<\/strong><\/td>\n<\/tr>\n<tr>\n<td>315-450<\/td>\n<td>D LB5 + IR LB6 (OD6+)<\/td>\n<\/tr>\n<tr>\n<td>&gt;450-465<\/td>\n<td>DIR LB5 (OD5+)<\/td>\n<\/tr>\n<tr>\n<td>&gt;465-475<\/td>\n<td>DIR LB4 (OD4+)<\/td>\n<\/tr>\n<tr>\n<td>&gt;475-480<\/td>\n<td>DIR LB3 (OD3+)<\/td>\n<\/tr>\n<tr>\n<td>&gt;480-490<\/td>\n<td>DIR LB2 (OD2+)<\/td>\n<\/tr>\n<tr>\n<td>&gt;490-500<\/td>\n<td>DIR LB1 (OD1+)<\/td>\n<\/tr>\n<tr>\n<td>620-720<\/td>\n<td>DIR LB1 (OD1+)<\/td>\n<\/tr>\n<tr>\n<td>&gt;720-760<\/td>\n<td>DIR LB2 (OD2+)<\/td>\n<\/tr>\n<tr>\n<td>&gt;760-795<\/td>\n<td>DIR LB3 (OD3+)<\/td>\n<\/tr>\n<tr>\n<td>&gt;795-820<\/td>\n<td>DIR LB4 (OD4+)<\/td>\n<\/tr>\n<tr>\n<td>&gt;820-840<\/td>\n<td>DIR LB5 (OD5+)<\/td>\n<\/tr>\n<tr>\n<td>&gt;840-860<\/td>\n<td>DIR LB6 (OD6+)<\/td>\n<\/tr>\n<tr>\n<td>&gt;860-900<\/td>\n<td>D LB6 + IR LB7 (OD7+)<\/td>\n<\/tr>\n<tr>\n<td>&gt;900-1100<\/td>\n<td>D LB6 + IR LB8 (OD8+)<\/td>\n<\/tr>\n<tr>\n<td>&gt;1100-1125<\/td>\n<td>D LB6 + IR LB7 (OD7+)<\/td>\n<\/tr>\n<tr>\n<td>&gt;1125-1165<\/td>\n<td>DIR LB6 (OD6+)<\/td>\n<\/tr>\n<tr>\n<td>&gt;1165-1400<\/td>\n<td>DIR LB5 (OD5+)<\/td>\n<\/tr>\n<tr>\n<td>&gt;1400-1800<\/td>\n<td>DI LB3 + M LB1 (OD3+)<\/td>\n<\/tr>\n<tr>\n<td>2250-2450<\/td>\n<td>DI LB3 + M LB1 (OD3+)<\/td>\n<\/tr>\n<tr>\n<td>2750-3000<\/td>\n<td>DI LB3 + M LB1 (OD3+)<\/td>\n<\/tr>\n<tr>\n<td><\/td>\n<td>PF CE<\/td>\n<\/tr>\n<\/tbody>\n<\/table>\n<p>&nbsp;<\/p>\n","protected":false},"excerpt":{"rendered":"<p>COVERLIGHT est une <strong>lunette de s\u00e9curit\u00e9 laser moderne avec une monture en alliage d&#8217;aluminium l\u00e9ger<\/strong> rev\u00eatu. Gr\u00e2ce \u00e0 la monture douce et flexible, faite d&#8217;un caoutchouc sp\u00e9cial, ces lunettes sont enti\u00e8rement scell\u00e9es et offrent une protection maximale. La monture caoutchout\u00e9e est facile \u00e0 nettoyer et peut \u00eatre remplac\u00e9e si n\u00e9cessaire, assurant une ventilation optimale qui emp\u00eache les verres de s&#8217;embuer. Les lunettes de s\u00e9curit\u00e9 laser peuvent \u00eatre port\u00e9es sur des lunettes de prescription et le bandeau \u00e9lastique r\u00e9glable offre un confort optimal m\u00eame pour de longues p\u00e9riodes de travail.<\/p>\n<p>Le <strong>filtre de s\u00e9curit\u00e9 laser 0206<\/strong> est particuli\u00e8rement adapt\u00e9 aux <strong>lasers \u00e0 diodes (940 nm), lasers \u00e0 disque (1030 nm),<\/strong> <strong>Nd\u00a0:YAG (1064 nm), lasers \u00e0 fibre (976 &#8211; 1080 nm)<\/strong> et <strong>lasers t\u00e9l\u00e9communications (1320 nm), <\/strong>\u00a0mais il couvre \u00e9galement d&#8217;autres longueurs d&#8217;onde laser. Le filtre de s\u00e9curit\u00e9 laser est fabriqu\u00e9 en plastique sp\u00e9cial vert et offre une transmission de la lumi\u00e8re visible (VLT) d&#8217;environ 20 %. Le filtre de s\u00e9curit\u00e9 laser est <strong>certifi\u00e9 CE<\/strong> selon les exigences de <strong>la norme EN 207 et<\/strong> est disponible en diff\u00e9rents montages.<\/p>\n<p>&nbsp;<\/p>\n<p>PDF &gt;<strong> <a href=\"https:\/\/gardalaser.it\/wp-content\/uploads\/2026\/03\/Datenblatt-000-K0206-COVE-01-DE-EN-10.09.2024.pdf\" target=\"_blank\" rel=\"noopener\">Fiche technique<\/a><\/strong><\/p>\n<p>PDF &gt;<strong> <a href=\"https:\/\/gardalaser.it\/wp-content\/uploads\/2026\/03\/EU-Declaration-of-conformity-Filter-0206.pdf\" target=\"_blank\" rel=\"noopener\">D\u00e9claration de conformit\u00e9 de l&#8217;UE<\/a><\/strong><\/p>\n<p>&nbsp;<\/p>\n<p><strong>Informations sur le produit<\/strong><\/p>\n<ul>\n<li>Application : Diode-Nd\u00a0:YAG (900 \u2013 1400 nm)<\/li>\n<li>VLT (transmission de lumi\u00e8re visible) : 20 %<\/li>\n<li>Couleur du filtre : vert<\/li>\n<li>Mat\u00e9riau du filtre : polym\u00e8re<\/li>\n<li>\u00c9paisseur du filtre : 3,5 mm<\/li>\n<li>Couleur du cadre : noir<\/li>\n<\/ul>\n<p>&nbsp;<\/p>\n<p><strong>Monture de lunettes COVERLIGHT:<\/strong><\/p>\n<ul>\n<li>Conception moderne<\/li>\n<li>Cadre l\u00e9ger en alliage d&#8217;aluminium (rev\u00eatu)<\/li>\n<li>\u00c9tanch\u00e9it\u00e9 compl\u00e8te gr\u00e2ce \u00e0 un roulement caoutchout\u00e9 (rempla\u00e7able)<\/li>\n<li>Une ventilation optimale emp\u00eache la bu\u00e9e des lunettes<\/li>\n<li>\u00c9lastique r\u00e9glable (rempla\u00e7able)<\/li>\n<li>Peut \u00eatre utilis\u00e9 plut\u00f4t que des lunettes correctrices<\/li>\n<\/ul>\n","protected":false},"featured_media":7353,"template":"","meta":{"_acf_changed":false},"product_brand":[],"product_cat":[313],"product_tag":[],"class_list":{"0":"post-7377","1":"product","2":"type-product","3":"status-publish","4":"has-post-thumbnail","6":"product_cat-industrie-manufacturiere-et-recherche-et-developpement","8":"first","9":"instock","10":"taxable","11":"shipping-taxable","12":"purchasable","13":"product-type-simple"},"acf":[],"_links":{"self":[{"href":"https:\/\/gardalaser.it\/fr\/wp-json\/wp\/v2\/product\/7377","targetHints":{"allow":["GET"]}}],"collection":[{"href":"https:\/\/gardalaser.it\/fr\/wp-json\/wp\/v2\/product"}],"about":[{"href":"https:\/\/gardalaser.it\/fr\/wp-json\/wp\/v2\/types\/product"}],"wp:featuredmedia":[{"embeddable":true,"href":"https:\/\/gardalaser.it\/fr\/wp-json\/wp\/v2\/media\/7353"}],"wp:attachment":[{"href":"https:\/\/gardalaser.it\/fr\/wp-json\/wp\/v2\/media?parent=7377"}],"wp:term":[{"taxonomy":"product_brand","embeddable":true,"href":"https:\/\/gardalaser.it\/fr\/wp-json\/wp\/v2\/product_brand?post=7377"},{"taxonomy":"product_cat","embeddable":true,"href":"https:\/\/gardalaser.it\/fr\/wp-json\/wp\/v2\/product_cat?post=7377"},{"taxonomy":"product_tag","embeddable":true,"href":"https:\/\/gardalaser.it\/fr\/wp-json\/wp\/v2\/product_tag?post=7377"}],"curies":[{"name":"wp","href":"https:\/\/api.w.org\/{rel}","templated":true}]}}