{"id":7341,"date":"2026-03-09T09:08:41","date_gmt":"2026-03-09T08:08:41","guid":{"rendered":"https:\/\/gardalaser.it\/prodotto\/puntale-massaggi-a-scorrimento-per-manipolo-terapia-laser\/"},"modified":"2026-03-09T09:49:18","modified_gmt":"2026-03-09T08:49:18","slug":"embout-de-massage-coulissant-pour-piece-a-main-de-therapie-laser","status":"publish","type":"product","link":"https:\/\/gardalaser.it\/fr\/produit\/embout-de-massage-coulissant-pour-piece-a-main-de-therapie-laser\/","title":{"rendered":"Astuce de massage glissante"},"content":{"rendered":"<p>cycle de fer autoclavable \u00e0 134 \u00b0C pendant 4 minutes<\/p>\n","protected":false},"excerpt":{"rendered":"<p>Embout de massage pouvant \u00eatre utilis\u00e9 avec <a href=\"https:\/\/gardalaser.it\/fr\/produit\/piece-a-main-therapeutique-multifonctionnel\/\">\u00a0la pi\u00e8ce de traitement multifonction<\/a> con\u00e7ue pour augmenter l&#8217;efficacit\u00e9 des traitements au laser gr\u00e2ce \u00e0 la lentille coulissante sp\u00e9ciale, qui permet une diffusion homog\u00e8ne de l&#8217;\u00e9nergie sur une surface de plus <strong>de 6 cm\u00b2<\/strong>.<\/p>\n<p>Id\u00e9al pour les traitements sur de grandes surfaces, cet accessoire permet de combiner l&#8217;action th\u00e9rapeutique du laser avec un mouvement fluide et contr\u00f4l\u00e9, am\u00e9liorant ainsi le confort du patient et optimisant les temps de travail.<\/p>\n<p>Parfait pour les professionnels qui souhaitent des traitements plus rapides, plus efficaces et confortables, tout en maintenant des normes \u00e9lev\u00e9es de pr\u00e9cision et de s\u00e9curit\u00e9.<\/p>\n","protected":false},"featured_media":7318,"template":"","meta":{"_acf_changed":false},"product_brand":[],"product_cat":[243],"product_tag":[],"class_list":{"0":"post-7341","1":"product","2":"type-product","3":"status-publish","4":"has-post-thumbnail","6":"tassonomia-dentisterie","7":"tassonomia-enea-fr","8":"tassonomia-enea-duo-fr","9":"tassonomia-enea-trio-fr","10":"tassonomia-ermes-fr","11":"tassonomia-gynecologie","12":"tassonomia-hygiene-dentaire","13":"tassonomia-oto-rhino-laryngologie","14":"tassonomia-podologie","15":"tassonomia-veterinaire","16":"product_cat-pieces-a-main-therapeutiques","18":"first","19":"instock","20":"taxable","21":"shipping-taxable","22":"purchasable","23":"product-type-simple"},"acf":[],"_links":{"self":[{"href":"https:\/\/gardalaser.it\/fr\/wp-json\/wp\/v2\/product\/7341","targetHints":{"allow":["GET"]}}],"collection":[{"href":"https:\/\/gardalaser.it\/fr\/wp-json\/wp\/v2\/product"}],"about":[{"href":"https:\/\/gardalaser.it\/fr\/wp-json\/wp\/v2\/types\/product"}],"wp:featuredmedia":[{"embeddable":true,"href":"https:\/\/gardalaser.it\/fr\/wp-json\/wp\/v2\/media\/7318"}],"wp:attachment":[{"href":"https:\/\/gardalaser.it\/fr\/wp-json\/wp\/v2\/media?parent=7341"}],"wp:term":[{"taxonomy":"product_brand","embeddable":true,"href":"https:\/\/gardalaser.it\/fr\/wp-json\/wp\/v2\/product_brand?post=7341"},{"taxonomy":"product_cat","embeddable":true,"href":"https:\/\/gardalaser.it\/fr\/wp-json\/wp\/v2\/product_cat?post=7341"},{"taxonomy":"product_tag","embeddable":true,"href":"https:\/\/gardalaser.it\/fr\/wp-json\/wp\/v2\/product_tag?post=7341"}],"curies":[{"name":"wp","href":"https:\/\/api.w.org\/{rel}","templated":true}]}}