{"id":6622,"date":"2025-04-17T16:13:09","date_gmt":"2025-04-17T14:13:09","guid":{"rendered":"https:\/\/gardalaser.it\/prodotto\/h-nano-seal\/"},"modified":"2025-04-17T17:10:26","modified_gmt":"2025-04-17T15:10:26","slug":"h-nano-seal","status":"publish","type":"product","link":"https:\/\/gardalaser.it\/fr\/produit\/h-nano-seal\/","title":{"rendered":"H-NANO Seal"},"content":{"rendered":"<p><strong>Caract\u00e9ristiques de H-NANO Seal<\/strong><\/p>\n<ul>\n<li>Protection longue dur\u00e9e (plus de 12 mois)<\/li>\n<li>Technologie NANO authentique<\/li>\n<li>Sans gravure, sans polym\u00e9risation<\/li>\n<li>Transparent \u2013 sans taches<\/li>\n<li>Applications multiples, quel que soit l\u2019\u00e2ge du patient<\/li>\n<li>Augmentation de la r\u00e9sistance de l\u2019\u00e9mail<\/li>\n<li>Capacit\u00e9 de remin\u00e9ralisation<\/li>\n<li>Colmate les tubules dentinaires<\/li>\n<li>Protection de la surface contre les attaques acides<\/li>\n<li>Adh\u00e9rence exceptionnelle \u00e0 la surface dentaire<\/li>\n<li>Lib\u00e9ration imm\u00e9diate et prolong\u00e9e de fluor<\/li>\n<li>Facile \u00e0 utiliser : application rapide, s\u00e9chage rapide<\/li>\n<li>Rentabilit\u00e9 : 1 flacon permet environ 200 applications<\/li>\n<\/ul>\n<p>&nbsp;<\/p>\n<p><strong>H-NANO Seal pour de multiples applications<\/strong><\/p>\n<ul>\n<li>Pr\u00e9vention des caries chez les enfants et les adultes, ainsi que chez les patients porteurs d\u2019appareils orthodontiques ou ayant des besoins particuliers<\/li>\n<li>Traitement des dents apr\u00e8s un nettoyage professionnel<\/li>\n<li>Protection des dents apr\u00e8s un blanchiment en cabinet ou \u00e0 domicile<\/li>\n<li>R\u00e9duction de l\u2019hypersensibilit\u00e9 dans les zones dentaires<\/li>\n<li>Remin\u00e9ralisation des tissus dentaires durs et comblement des microfissures de l\u2019\u00e9mail<\/li>\n<li>Scellement pr\u00e9liminaire des obturations et restaurations<\/li>\n<\/ul>\n<p>&nbsp;<\/p>\n<p>Indications d\u2019utilisation :<\/p>\n<p><strong>MAUVAISE ALIMENTATION<\/strong><\/p>\n<ul>\n<li>Boissons et aliments agressifs pour l\u2019\u00e9mail<\/li>\n<li>Consommation \u00e9lev\u00e9e de sucre<\/li>\n<\/ul>\n<p>&nbsp;<\/p>\n<p><strong>MAUVAISE HYGI\u00c8NE<\/strong><\/p>\n<ul>\n<li>Brossage insuffisant ou excessif<\/li>\n<li>D\u00e9min\u00e9ralisation autour des appareils orthodontiques et des bijoux dentaires<\/li>\n<li>Non-respect des recommandations m\u00e9dicales<\/li>\n<\/ul>\n<p>&nbsp;<\/p>\n<p><strong>PR\u00c9DISPOSITION DU PATIENT<\/strong><\/p>\n<ul>\n<li>Sensibilit\u00e9 du tissu dentaire \u00e0 la d\u00e9calcification<\/li>\n<li>Zones dentaires expos\u00e9es (li\u00e9es \u00e0 l\u2019\u00e2ge)<\/li>\n<li>Difficult\u00e9s d\u2019hygi\u00e8ne personnelle<\/li>\n<\/ul>\n<p>&nbsp;<\/p>\n<p><strong>TRAITEMENTS DENTAIRES<\/strong><\/p>\n<ul>\n<li>Blanchiment des dents en cabinet ou \u00e0 domicile<\/li>\n<li>Fuites d\u2019obturations et de proth\u00e8ses dentaires<\/li>\n<\/ul>\n","protected":false},"excerpt":{"rendered":"<p>Vernis protecteur \u00e0 base de polym\u00e8re de silicone.<br \/>\nCr\u00e9e une liaison tr\u00e8s forte sur l&#8217;\u00e9mail ou la dentine.<br \/>\nIl n&#8217;est pas n\u00e9cessaire de proc\u00e9der \u00e0 un mordan\u00e7age pr\u00e9alable.<br \/>\nGr\u00e2ce \u00e0 sa formule innovante, le mat\u00e9riau reste sur la surface de la dent pendant environ 12 mois.<\/p>\n","protected":false},"featured_media":6610,"template":"","meta":{"_acf_changed":false},"product_brand":[],"product_cat":[252],"product_tag":[],"class_list":{"0":"post-6622","1":"product","2":"type-product","3":"status-publish","4":"has-post-thumbnail","6":"tassonomia-dentisterie","7":"tassonomia-enea-fr","8":"tassonomia-enea-duo-fr","9":"tassonomia-enea-trio-fr","10":"tassonomia-ermes-fr","11":"tassonomia-hygiene-dentaire","12":"tassonomia-l-e-o-plus-fr","13":"tassonomia-zaira-fr","14":"product_cat-esthetique","16":"first","17":"instock","18":"taxable","19":"shipping-taxable","20":"purchasable","21":"product-type-simple"},"acf":[],"_links":{"self":[{"href":"https:\/\/gardalaser.it\/fr\/wp-json\/wp\/v2\/product\/6622","targetHints":{"allow":["GET"]}}],"collection":[{"href":"https:\/\/gardalaser.it\/fr\/wp-json\/wp\/v2\/product"}],"about":[{"href":"https:\/\/gardalaser.it\/fr\/wp-json\/wp\/v2\/types\/product"}],"wp:featuredmedia":[{"embeddable":true,"href":"https:\/\/gardalaser.it\/fr\/wp-json\/wp\/v2\/media\/6610"}],"wp:attachment":[{"href":"https:\/\/gardalaser.it\/fr\/wp-json\/wp\/v2\/media?parent=6622"}],"wp:term":[{"taxonomy":"product_brand","embeddable":true,"href":"https:\/\/gardalaser.it\/fr\/wp-json\/wp\/v2\/product_brand?post=6622"},{"taxonomy":"product_cat","embeddable":true,"href":"https:\/\/gardalaser.it\/fr\/wp-json\/wp\/v2\/product_cat?post=6622"},{"taxonomy":"product_tag","embeddable":true,"href":"https:\/\/gardalaser.it\/fr\/wp-json\/wp\/v2\/product_tag?post=6622"}],"curies":[{"name":"wp","href":"https:\/\/api.w.org\/{rel}","templated":true}]}}