{"id":6583,"date":"2025-03-27T15:15:56","date_gmt":"2025-03-27T14:15:56","guid":{"rendered":"https:\/\/gardalaser.it\/prodotto\/puntale-terapia-big-5-cm\/"},"modified":"2025-03-27T15:25:32","modified_gmt":"2025-03-27T14:25:32","slug":"pointe-therapeutique-grande-5-cm","status":"publish","type":"product","link":"https:\/\/gardalaser.it\/fr\/produit\/pointe-therapeutique-grande-5-cm\/","title":{"rendered":"Pointe th\u00e9rapeutique grande 5 cm"},"content":{"rendered":"<p>Cycle de caoutchouc autoclavable 121\u00b0 C pendant 15 minutes<\/p>\n","protected":false},"excerpt":{"rendered":"<p>Embout adapt\u00e9 aux applications th\u00e9rapeutiques en physioth\u00e9rapie, dentisterie, ORL, podologie, m\u00e9decine v\u00e9t\u00e9rinaire.<\/p>\n<p>Terminal avec spacer pour une action laser concentr\u00e9e sur 5 cm2 qui ne peut \u00eatre utilis\u00e9e qu&#8217;avec la pi\u00e8ce \u00e0 <a href=\"https:\/\/gardalaser.it\/fr\/produit\/piece-a-main-therapeutique-multifonctionnel\/\" target=\"_blank\" rel=\"noopener\">main th\u00e9rapeutique multifonction BH9014<\/a>.<\/p>\n","protected":false},"featured_media":6566,"template":"","meta":{"_acf_changed":false},"product_brand":[],"product_cat":[243],"product_tag":[],"class_list":{"0":"post-6583","1":"product","2":"type-product","3":"status-publish","4":"has-post-thumbnail","6":"tassonomia-dentisterie","7":"tassonomia-enea-fr","8":"tassonomia-enea-duo-fr","9":"tassonomia-enea-trio-fr","10":"tassonomia-ermes-fr","11":"tassonomia-hygiene-dentaire","12":"tassonomia-oto-rhino-laryngologie","13":"tassonomia-physiotherapie","14":"tassonomia-podologie","15":"tassonomia-zaira-fr","16":"product_cat-pieces-a-main-therapeutiques","18":"first","19":"instock","20":"taxable","21":"shipping-taxable","22":"purchasable","23":"product-type-simple"},"acf":[],"_links":{"self":[{"href":"https:\/\/gardalaser.it\/fr\/wp-json\/wp\/v2\/product\/6583","targetHints":{"allow":["GET"]}}],"collection":[{"href":"https:\/\/gardalaser.it\/fr\/wp-json\/wp\/v2\/product"}],"about":[{"href":"https:\/\/gardalaser.it\/fr\/wp-json\/wp\/v2\/types\/product"}],"wp:featuredmedia":[{"embeddable":true,"href":"https:\/\/gardalaser.it\/fr\/wp-json\/wp\/v2\/media\/6566"}],"wp:attachment":[{"href":"https:\/\/gardalaser.it\/fr\/wp-json\/wp\/v2\/media?parent=6583"}],"wp:term":[{"taxonomy":"product_brand","embeddable":true,"href":"https:\/\/gardalaser.it\/fr\/wp-json\/wp\/v2\/product_brand?post=6583"},{"taxonomy":"product_cat","embeddable":true,"href":"https:\/\/gardalaser.it\/fr\/wp-json\/wp\/v2\/product_cat?post=6583"},{"taxonomy":"product_tag","embeddable":true,"href":"https:\/\/gardalaser.it\/fr\/wp-json\/wp\/v2\/product_tag?post=6583"}],"curies":[{"name":"wp","href":"https:\/\/api.w.org\/{rel}","templated":true}]}}