{"id":6550,"date":"2025-03-17T11:15:01","date_gmt":"2025-03-17T10:15:01","guid":{"rendered":"https:\/\/gardalaser.it\/prodotto\/puntale-massaggiante-per-terapia-laser-5-cm\/"},"modified":"2025-03-17T16:52:36","modified_gmt":"2025-03-17T15:52:36","slug":"embout-de-massage-pour-therapie-laser-5-cm","status":"publish","type":"product","link":"https:\/\/gardalaser.it\/fr\/produit\/embout-de-massage-pour-therapie-laser-5-cm\/","title":{"rendered":"Embout de massage grand 5 cm"},"content":{"rendered":"<p>Cycle de caoutchouc autoclavable 121\u00b0 C pendant 15 minutes<\/p>\n","protected":false},"excerpt":{"rendered":"<p>Embout laser de massage adapt\u00e9 aux applications th\u00e9rapeutiques en physioth\u00e9rapie, dentisterie, ORL, podologie, m\u00e9decine v\u00e9t\u00e9rinaire.<\/p>\n<p><strong>Embout de massage avec lentille en saphir<\/strong> pour une action laser diffuse sur 5 cm2, utilisable uniquement avec la <a href=\"https:\/\/gardalaser.it\/fr\/produit\/piece-a-main-therapeutique-multifonctionnel\/\">pi\u00e8ce \u00e0 main th\u00e9rapeutique multifonction BH9014<\/a>.<\/p>\n","protected":false},"featured_media":6532,"template":"","meta":{"_acf_changed":false},"product_brand":[],"product_cat":[243],"product_tag":[],"class_list":{"0":"post-6550","1":"product","2":"type-product","3":"status-publish","4":"has-post-thumbnail","6":"tassonomia-dentisterie","7":"tassonomia-enea-fr","8":"tassonomia-enea-duo-fr","9":"tassonomia-enea-trio-fr","10":"tassonomia-ermes-fr","11":"tassonomia-hygiene-dentaire","12":"tassonomia-oto-rhino-laryngologie","13":"tassonomia-physiotherapie","14":"tassonomia-podologie","15":"tassonomia-veterinaire","16":"tassonomia-zaira-fr","17":"product_cat-pieces-a-main-therapeutiques","19":"first","20":"instock","21":"taxable","22":"shipping-taxable","23":"purchasable","24":"product-type-simple"},"acf":[],"_links":{"self":[{"href":"https:\/\/gardalaser.it\/fr\/wp-json\/wp\/v2\/product\/6550","targetHints":{"allow":["GET"]}}],"collection":[{"href":"https:\/\/gardalaser.it\/fr\/wp-json\/wp\/v2\/product"}],"about":[{"href":"https:\/\/gardalaser.it\/fr\/wp-json\/wp\/v2\/types\/product"}],"wp:featuredmedia":[{"embeddable":true,"href":"https:\/\/gardalaser.it\/fr\/wp-json\/wp\/v2\/media\/6532"}],"wp:attachment":[{"href":"https:\/\/gardalaser.it\/fr\/wp-json\/wp\/v2\/media?parent=6550"}],"wp:term":[{"taxonomy":"product_brand","embeddable":true,"href":"https:\/\/gardalaser.it\/fr\/wp-json\/wp\/v2\/product_brand?post=6550"},{"taxonomy":"product_cat","embeddable":true,"href":"https:\/\/gardalaser.it\/fr\/wp-json\/wp\/v2\/product_cat?post=6550"},{"taxonomy":"product_tag","embeddable":true,"href":"https:\/\/gardalaser.it\/fr\/wp-json\/wp\/v2\/product_tag?post=6550"}],"curies":[{"name":"wp","href":"https:\/\/api.w.org\/{rel}","templated":true}]}}