{"id":6450,"date":"2025-03-07T09:53:20","date_gmt":"2025-03-07T08:53:20","guid":{"rendered":"https:\/\/gardalaser.it\/prodotto\/occhiali-di-protezione-laser-hoogles-veterinari-per-grandi-dimensioni-180-11000nm\/"},"modified":"2025-03-07T11:41:35","modified_gmt":"2025-03-07T10:41:35","slug":"lunettes-de-protection-laser-veterinaire-hoogles-pour-grandes-tailles-180-11000nm","status":"publish","type":"product","link":"https:\/\/gardalaser.it\/fr\/produit\/lunettes-de-protection-laser-veterinaire-hoogles-pour-grandes-tailles-180-11000nm\/","title":{"rendered":"Lunettes de protection laser v\u00e9t\u00e9rinaire Hoogles pour grandes tailles, 180-11000nm"},"content":{"rendered":"<p><strong>Description de l&#8217;article<\/strong><\/p>\n<p>&#8211; Mat<\/p>\n<p>&#8211; Couleur : blanc\/noir<\/p>\n<p>&#8211; Fermeture : velcro<\/p>\n<p>&nbsp;<\/p>\n<table>\n<tbody>\n<tr>\n<td>Longueurs d&#8217;onde (nm)<\/td>\n<td>Niveaux de protection<\/td>\n<\/tr>\n<tr>\n<td>180 &#8211; 315<\/td>\n<td>(OD8+)<\/td>\n<\/tr>\n<tr>\n<td>&gt; 315 &#8211; 1050<\/td>\n<td>(OD8+)<\/td>\n<\/tr>\n<tr>\n<td>&gt; 1050 &#8211; 1400<\/td>\n<td>(OD4+)<\/td>\n<\/tr>\n<tr>\n<td>&gt; 1400 &#8211; 11000<\/td>\n<td>(OD3+)<\/td>\n<\/tr>\n<\/tbody>\n<\/table>\n","protected":false},"excerpt":{"rendered":"<p>Prot\u00e8ge le <strong>cheval pendant les traitements au laser<\/strong>, convient \u00e0 toutes les applications laser entre 180 nm et 11000 nm.<\/p>\n<p>Les masques pour chevaux sont disponibles en <strong>diff\u00e9rentes tailles pour les poneys, les petits chevaux, les animaux \u00e0 sang chaud et \u00e0 sang froid<\/strong> et peuvent \u00e9galement \u00eatre utilis\u00e9s pour d&#8217;autres grands animaux, par exemple les vaches. Le mat\u00e9riau de protection laser int\u00e9gr\u00e9 couvre les longueurs d&#8217;onde de 180 nm \u00e0 11 000 nm. Le masque de protection laser s&#8217;applique \u00e0 l&#8217;animal comme un masque anti-mouches normal. Des fermetures velcro et une ouverture au niveau de la t\u00eate garantissent un ajustement parfait. Le rembourrage \u00e0 l&#8217;int\u00e9rieur du masque de protection augmente le confort et emp\u00eache les frottements pendant le traitement v\u00e9t\u00e9rinaire.<\/p>\n<p><a href=\"https:\/\/gardalaser.it\/wp-content\/uploads\/2025\/03\/Scheda-Tecnica-ENG-PDF.pdf\" target=\"_blank\" rel=\"noopener\">voir PDF<\/a><\/p>\n","protected":false},"featured_media":6432,"template":"","meta":{"_acf_changed":false},"product_brand":[],"product_cat":[248],"product_tag":[],"class_list":{"0":"post-6450","1":"product","2":"type-product","3":"status-publish","4":"has-post-thumbnail","6":"tassonomia-enea-fr","7":"tassonomia-enea-duo-fr","8":"tassonomia-enea-trio-fr","9":"tassonomia-ermes-fr","10":"tassonomia-veterinaire","11":"tassonomia-zaira-fr","12":"product_cat-home-care-vet-fr","14":"first","15":"instock","16":"taxable","17":"shipping-taxable","18":"purchasable","19":"product-type-variable"},"acf":[],"_links":{"self":[{"href":"https:\/\/gardalaser.it\/fr\/wp-json\/wp\/v2\/product\/6450","targetHints":{"allow":["GET"]}}],"collection":[{"href":"https:\/\/gardalaser.it\/fr\/wp-json\/wp\/v2\/product"}],"about":[{"href":"https:\/\/gardalaser.it\/fr\/wp-json\/wp\/v2\/types\/product"}],"wp:featuredmedia":[{"embeddable":true,"href":"https:\/\/gardalaser.it\/fr\/wp-json\/wp\/v2\/media\/6432"}],"wp:attachment":[{"href":"https:\/\/gardalaser.it\/fr\/wp-json\/wp\/v2\/media?parent=6450"}],"wp:term":[{"taxonomy":"product_brand","embeddable":true,"href":"https:\/\/gardalaser.it\/fr\/wp-json\/wp\/v2\/product_brand?post=6450"},{"taxonomy":"product_cat","embeddable":true,"href":"https:\/\/gardalaser.it\/fr\/wp-json\/wp\/v2\/product_cat?post=6450"},{"taxonomy":"product_tag","embeddable":true,"href":"https:\/\/gardalaser.it\/fr\/wp-json\/wp\/v2\/product_tag?post=6450"}],"curies":[{"name":"wp","href":"https:\/\/api.w.org\/{rel}","templated":true}]}}