{"id":5274,"date":"2024-09-17T09:43:17","date_gmt":"2024-09-17T07:43:17","guid":{"rendered":"https:\/\/gardalaser.it\/prodotto\/occhiali-di-protezione-per-laser-810nm-940nm-980nm-1064nm\/"},"modified":"2025-10-29T12:19:10","modified_gmt":"2025-10-29T11:19:10","slug":"lunettes-de-protection-laser-810nm-940nm-980nm-1064nm","status":"publish","type":"product","link":"https:\/\/gardalaser.it\/fr\/produit\/lunettes-de-protection-laser-810nm-940nm-980nm-1064nm\/","title":{"rendered":"Lunettes de protection laser 810nm &#8211; 940nm &#8211; 980nm &#8211; 1064nm"},"content":{"rendered":"<table>\n<tbody>\n<tr>\n<td><strong>Longueurs d&#8217;onde<\/strong><\/td>\n<td><strong>Niveaux de protection<\/strong><\/td>\n<\/tr>\n<tr>\n<td><strong>180-315<\/strong><\/td>\n<td><strong>D LB10 + IR LB5 + M LB6Y (OD10+)<\/strong><\/td>\n<\/tr>\n<tr>\n<td><strong>&gt;315-380<\/strong><\/td>\n<td><strong>D LB6 + I LB7 + RM LB8 (OD8+)<\/strong><\/td>\n<\/tr>\n<tr>\n<td><strong>&gt;380-420<\/strong><\/td>\n<td><strong>D LB5 + IRM LB6 (OD6+)<\/strong><\/td>\n<\/tr>\n<tr>\n<td>421-438<\/td>\n<td>DIRM LB4 (OD4+)<\/td>\n<\/tr>\n<tr>\n<td>439-451<\/td>\n<td>DIRM LB2 (OD2+)<\/td>\n<\/tr>\n<tr>\n<td>452-461<\/td>\n<td>DIRM LB1 (OD1+)<\/td>\n<\/tr>\n<tr>\n<td>695-740<\/td>\n<td>DIRM LB1 (OD1+)<\/td>\n<\/tr>\n<tr>\n<td>741-804<\/td>\n<td>DIRM LB2 (OD2+)<\/td>\n<\/tr>\n<tr>\n<td>805-840<\/td>\n<td>DIRM LB4 (OD4+)<\/td>\n<\/tr>\n<tr>\n<td><strong>&gt;840-890<\/strong><\/td>\n<td><strong>DIRM LB5 (OD5+)<\/strong><\/td>\n<\/tr>\n<tr>\n<td><strong>&gt;890-940<\/strong><\/td>\n<td><strong>DIRM LB6 (OD6+)<\/strong><\/td>\n<\/tr>\n<tr>\n<td><strong>&gt;940-1070<\/strong><\/td>\n<td><strong>D LB6 + I LB7 + RM LB8 (OD8+)<\/strong><\/td>\n<\/tr>\n<tr>\n<td><strong>970-1065<\/strong><\/td>\n<td><strong>D LB6 + I LB7 + R LB8 + M LB9 (OD9+)<\/strong><\/td>\n<\/tr>\n<tr>\n<td><strong>1071-1080<\/strong><\/td>\n<td><strong>DIRM LB6 (OD6+)<\/strong><\/td>\n<\/tr>\n<tr>\n<td>1081-1100<\/td>\n<td>DIRM LB4 (OD4+)<\/td>\n<\/tr>\n<tr>\n<td>1101-1132<\/td>\n<td>DIRM LB2 (OD2+)<\/td>\n<\/tr>\n<tr>\n<td>&gt;1132-1160<\/td>\n<td>DIRM LB1 (OD1+)<\/td>\n<\/tr>\n<tr>\n<td>5170-11500<\/td>\n<td>DI LB4 + R LB3Y (OD4+)<\/td>\n<\/tr>\n<tr>\n<td><\/td>\n<td>PF CE<\/td>\n<\/tr>\n<\/tbody>\n<\/table>\n","protected":false},"excerpt":{"rendered":"<p>ONTOR est une <strong>lunette de s\u00e9curit\u00e9 laser<\/strong> l\u00e9g\u00e8re fabriqu\u00e9e \u00e0 partir de polym\u00e8res sp\u00e9ciaux, une solution parfaite pour \u00eatre port\u00e9e par-dessus des lunettes de vue. Cette monture offre un large champ de vision et une protection contre les impacts lat\u00e9raux. Les branches peuvent \u00eatre ajust\u00e9es individuellement et une mousse faciale souple et <strong>herm\u00e9tique<\/strong> am\u00e9liore le confort de port.<\/p>\n<p>Le <strong>filtre de s\u00e9curit\u00e9 laser 0282<\/strong> est particuli\u00e8rement adapt\u00e9 aux <strong>lasers excim\u00e8res (193 nm), UV (248 nm), Nd:YAG 4x (266 nm), Nd:YAG 3x (355 nm), diode (808 nm), diode (940 nm), disque (1030 nm), Nd:YAG (1064 nm), fibre (976 &#8211; 1080 nm)<\/strong> et CO2 <strong>(10600 nm), <\/strong>mais il couvre \u00e9galement d&#8217;autres longueurs d&#8217;onde <strong>.<\/strong> Le filtre de s\u00e9curit\u00e9 laser est fabriqu\u00e9 dans un plastique vert sp\u00e9cial et offre une transmission visuelle de la lumi\u00e8re (VLT) de plus de 63 % et une faible \u00e9paisseur de filtre. Le filtre de s\u00e9curit\u00e9 laser est <strong>certifi\u00e9 CE<\/strong> conform\u00e9ment aux exigences de la <strong>norme EN 207.<\/strong><\/p>\n<p><a href=\"https:\/\/gardalaser.it\/wp-content\/uploads\/2024\/09\/LG5006I-Soluzione-B.pdf\"><strong>FICHE TECHNIQUE<\/strong><\/a><\/p>\n<p>&nbsp;<\/p>\n<p><strong>Information :<\/strong><\/p>\n<ul>\n<li>Application : Excimer (193 nm), UV (248 nm), Nd:YAG 4x (266 nm), Nd:YAG 3x (355 nm), Diode-Nd:YAG (800-1064 nm), Faser (976 &#8211; 1080 nm), CO2 (10600 nm)<\/li>\n<li>VLT (transmission de la lumi\u00e8re visible) : 63%.<\/li>\n<li>Couleur du filtre : vert<\/li>\n<li>Mat\u00e9riau du filtre : polym\u00e8re<\/li>\n<li>\u00c9paisseur du filtre : 2,0 mm<\/li>\n<li>Couleur de la monture : noir\/blanc<\/li>\n<\/ul>\n<p>&nbsp;<\/p>\n<p><strong>Monture pour les lunettes ONTOR :<\/strong><\/p>\n<ul>\n<li>lunettes de sport<\/li>\n<li>champ de vision tr\u00e8s large<\/li>\n<li>r\u00e9glage individuel de la longueur et de l&#8217;angle des branches<\/li>\n<li>confort parfait gr\u00e2ce \u00e0 la mousse faciale caoutchout\u00e9e<\/li>\n<\/ul>\n","protected":false},"featured_media":5275,"template":"","meta":{"_acf_changed":false},"product_brand":[],"product_cat":[241],"product_tag":[],"class_list":{"0":"post-5274","1":"product","2":"type-product","3":"status-publish","4":"has-post-thumbnail","6":"tassonomia-dentisterie","7":"tassonomia-enea-fr","8":"tassonomia-enea-duo-fr","9":"tassonomia-enea-trio-fr","10":"tassonomia-ermes-fr","11":"tassonomia-gynecologie","12":"tassonomia-hygiene-dentaire","13":"tassonomia-l-e-o-plus-fr","14":"tassonomia-oto-rhino-laryngologie","15":"tassonomia-physiotherapie","16":"tassonomia-podologie","17":"tassonomia-veterinaire","18":"tassonomia-zaira-fr","19":"product_cat-lunettes-de-protection","21":"first","22":"instock","23":"taxable","24":"shipping-taxable","25":"purchasable","26":"product-type-simple"},"acf":[],"_links":{"self":[{"href":"https:\/\/gardalaser.it\/fr\/wp-json\/wp\/v2\/product\/5274","targetHints":{"allow":["GET"]}}],"collection":[{"href":"https:\/\/gardalaser.it\/fr\/wp-json\/wp\/v2\/product"}],"about":[{"href":"https:\/\/gardalaser.it\/fr\/wp-json\/wp\/v2\/types\/product"}],"wp:featuredmedia":[{"embeddable":true,"href":"https:\/\/gardalaser.it\/fr\/wp-json\/wp\/v2\/media\/5275"}],"wp:attachment":[{"href":"https:\/\/gardalaser.it\/fr\/wp-json\/wp\/v2\/media?parent=5274"}],"wp:term":[{"taxonomy":"product_brand","embeddable":true,"href":"https:\/\/gardalaser.it\/fr\/wp-json\/wp\/v2\/product_brand?post=5274"},{"taxonomy":"product_cat","embeddable":true,"href":"https:\/\/gardalaser.it\/fr\/wp-json\/wp\/v2\/product_cat?post=5274"},{"taxonomy":"product_tag","embeddable":true,"href":"https:\/\/gardalaser.it\/fr\/wp-json\/wp\/v2\/product_tag?post=5274"}],"curies":[{"name":"wp","href":"https:\/\/api.w.org\/{rel}","templated":true}]}}