{"id":5271,"date":"2024-09-17T09:31:00","date_gmt":"2024-09-17T07:31:00","guid":{"rendered":"https:\/\/gardalaser.it\/prodotto\/occhialini-ciechi-di-protezione-per-i-pazienti\/"},"modified":"2024-09-23T16:01:13","modified_gmt":"2024-09-23T14:01:13","slug":"lunettes-de-securite-aveugles-pour-les-patients","status":"publish","type":"product","link":"https:\/\/gardalaser.it\/fr\/produit\/lunettes-de-securite-aveugles-pour-les-patients\/","title":{"rendered":"Lunettes de s\u00e9curit\u00e9 aveugles pour les patients"},"content":{"rendered":"<table>\n<tbody>\n<tr>\n<td><strong>Longueurs d&#8217;onde<\/strong><\/td>\n<td><strong>Niveaux de protection<\/strong><\/td>\n<\/tr>\n<tr>\n<td>180-315<\/td>\n<td>D LB10 + IR LB5 (OD10+)<\/td>\n<\/tr>\n<tr>\n<td>&gt;315-1400<\/td>\n<td>D LB7 + I LB9 + R LB8 + M LB10 (OD10+)<\/td>\n<\/tr>\n<tr>\n<td>&gt;1400-11000<\/td>\n<td>DI LB5 (OD5+)<\/td>\n<\/tr>\n<tr>\n<td><\/td>\n<td>PF S CE<\/td>\n<\/tr>\n<\/tbody>\n<\/table>\n","protected":false},"excerpt":{"rendered":"<p><strong>Lunettes de protection du patient<\/strong> pour presque tous les lasers\/longueurs d&#8217;onde, en acier inoxydable avec un mat\u00e9riau de surface opaque et antireflet pour une s\u00e9curit\u00e9 maximale. Tr\u00e8s grand confort de port gr\u00e2ce au bandeau \u00e0 r\u00e9glage variable.<\/p>\n<p>Des coussinets en caoutchouc suppl\u00e9mentaires sur le bord garantissent une prise en main ferme et confortable.<\/p>\n<ul>\n<li>Application :<strong>lunettes de protection du<\/strong> patient (<strong>lunettes de protection du globe oculaire<\/strong>) pour presque tous les lasers et toutes les longueurs d&#8217;onde.<\/li>\n<li>Mat\u00e9riau : acier inoxydable, surface antireflet (mate)<\/li>\n<li>Couleur : argent<\/li>\n<li>avec bord en silicone turquoise pour plus de confort, plus 1 paire de rechange incluse<\/li>\n<\/ul>\n<p>Inclus dans la livraison : lunettes de protection, anneaux pour les yeux (4x), cordon noir r\u00e9glable en longueur, \u00e9tui en plastique dur, mode d&#8217;emploi<\/p>\n<p><a href=\"https:\/\/gardalaser.it\/wp-content\/uploads\/2024\/09\/600-allround-20-patient-protection-eyewear-allround-color-silver.pdf\"><strong>Voir le PDF<\/strong><\/a><\/p>\n","protected":false},"featured_media":5272,"template":"","meta":{"_acf_changed":false},"product_brand":[],"product_cat":[256],"product_tag":[],"class_list":{"0":"post-5271","1":"product","2":"type-product","3":"status-publish","4":"has-post-thumbnail","6":"tassonomia-dentisterie","7":"tassonomia-enea-fr","8":"tassonomia-enea-duo-fr","9":"tassonomia-enea-trio-fr","10":"tassonomia-ermes-fr","11":"tassonomia-esthetique","12":"tassonomia-hygiene-dentaire","13":"tassonomia-l-e-o-plus-fr","14":"tassonomia-oto-rhino-laryngologie","15":"tassonomia-physiotherapie","16":"tassonomia-zaira-fr","17":"product_cat-protection-des-yeux","19":"first","20":"instock","21":"taxable","22":"shipping-taxable","23":"purchasable","24":"product-type-simple"},"acf":[],"_links":{"self":[{"href":"https:\/\/gardalaser.it\/fr\/wp-json\/wp\/v2\/product\/5271","targetHints":{"allow":["GET"]}}],"collection":[{"href":"https:\/\/gardalaser.it\/fr\/wp-json\/wp\/v2\/product"}],"about":[{"href":"https:\/\/gardalaser.it\/fr\/wp-json\/wp\/v2\/types\/product"}],"wp:featuredmedia":[{"embeddable":true,"href":"https:\/\/gardalaser.it\/fr\/wp-json\/wp\/v2\/media\/5272"}],"wp:attachment":[{"href":"https:\/\/gardalaser.it\/fr\/wp-json\/wp\/v2\/media?parent=5271"}],"wp:term":[{"taxonomy":"product_brand","embeddable":true,"href":"https:\/\/gardalaser.it\/fr\/wp-json\/wp\/v2\/product_brand?post=5271"},{"taxonomy":"product_cat","embeddable":true,"href":"https:\/\/gardalaser.it\/fr\/wp-json\/wp\/v2\/product_cat?post=5271"},{"taxonomy":"product_tag","embeddable":true,"href":"https:\/\/gardalaser.it\/fr\/wp-json\/wp\/v2\/product_tag?post=5271"}],"curies":[{"name":"wp","href":"https:\/\/api.w.org\/{rel}","templated":true}]}}