{"id":5264,"date":"2024-09-16T14:09:36","date_gmt":"2024-09-16T12:09:36","guid":{"rendered":"https:\/\/gardalaser.it\/prodotto\/protezione-oculare-copri-occhi-in-metallo-impugnatura-decentrata\/"},"modified":"2024-09-23T15:51:28","modified_gmt":"2024-09-23T13:51:28","slug":"protection-des-yeux-en-metal-a-poignee-decentree","status":"publish","type":"product","link":"https:\/\/gardalaser.it\/fr\/produit\/protection-des-yeux-en-metal-a-poignee-decentree\/","title":{"rendered":"Protection des yeux en m\u00e9tal \u00e0 poign\u00e9e d\u00e9centr\u00e9e"},"content":{"rendered":"<ul>\n<li>Application pour toutes les longueurs d&#8217;onde laser<\/li>\n<li>Mat\u00e9riau : acier inoxydable, mat<\/li>\n<li>Dimensions : environ 22,0 x 19,5 mm (XS), environ 24,0 x 21,0 mm (S), environ 25,5 x 23,0 mm (M), environ 27,0 x 24,0 mm (L)<\/li>\n<li>Une paire avec une prise ferme<\/li>\n<li>Oculaires autoclavables<\/li>\n<\/ul>\n","protected":false},"excerpt":{"rendered":"<p>Comme les lentilles de contact, les coupes oculaires sont plac\u00e9es directement sur l&#8217;\u0153il. Pour \u00e9viter les blessures, les coupelles oculaires ont des bords arrondis avec un int\u00e9rieur hautement poli et une finition mate \u00e0 l&#8217;ext\u00e9rieur pour prot\u00e9ger contre l&#8217;\u00e9blouissement.<br \/>\nLa variante en acier inoxydable est 100 % mate, ce qui en fait une protection adapt\u00e9e \u00e0 toutes les longueurs d&#8217;onde laser.<\/p>\n<p><a href=\"https:\/\/gardalaser.it\/wp-content\/uploads\/2024\/09\/600-augk-m-app-xs-eyecaps-metal-with-offset-handle-xs.pdf\"><strong>Voir le PDF<\/strong><\/a><\/p>\n<p>&nbsp;<\/p>\n","protected":false},"featured_media":5265,"template":"","meta":{"_acf_changed":false},"product_brand":[],"product_cat":[256],"product_tag":[],"class_list":{"0":"post-5264","1":"product","2":"type-product","3":"status-publish","4":"has-post-thumbnail","6":"tassonomia-dentisterie","7":"tassonomia-enea-fr","8":"tassonomia-enea-duo-fr","9":"tassonomia-enea-trio-fr","10":"tassonomia-ermes-fr","11":"tassonomia-esthetique","12":"tassonomia-hygiene-dentaire","13":"tassonomia-l-e-o-plus-fr","14":"tassonomia-oto-rhino-laryngologie","15":"tassonomia-physiotherapie","16":"tassonomia-zaira-fr","17":"product_cat-protection-des-yeux","19":"first","20":"instock","21":"taxable","22":"shipping-taxable","23":"purchasable","24":"product-type-variable"},"acf":[],"_links":{"self":[{"href":"https:\/\/gardalaser.it\/fr\/wp-json\/wp\/v2\/product\/5264","targetHints":{"allow":["GET"]}}],"collection":[{"href":"https:\/\/gardalaser.it\/fr\/wp-json\/wp\/v2\/product"}],"about":[{"href":"https:\/\/gardalaser.it\/fr\/wp-json\/wp\/v2\/types\/product"}],"wp:featuredmedia":[{"embeddable":true,"href":"https:\/\/gardalaser.it\/fr\/wp-json\/wp\/v2\/media\/5265"}],"wp:attachment":[{"href":"https:\/\/gardalaser.it\/fr\/wp-json\/wp\/v2\/media?parent=5264"}],"wp:term":[{"taxonomy":"product_brand","embeddable":true,"href":"https:\/\/gardalaser.it\/fr\/wp-json\/wp\/v2\/product_brand?post=5264"},{"taxonomy":"product_cat","embeddable":true,"href":"https:\/\/gardalaser.it\/fr\/wp-json\/wp\/v2\/product_cat?post=5264"},{"taxonomy":"product_tag","embeddable":true,"href":"https:\/\/gardalaser.it\/fr\/wp-json\/wp\/v2\/product_tag?post=5264"}],"curies":[{"name":"wp","href":"https:\/\/api.w.org\/{rel}","templated":true}]}}