{"id":5253,"date":"2024-09-16T10:49:05","date_gmt":"2024-09-16T08:49:05","guid":{"rendered":"https:\/\/gardalaser.it\/prodotto\/protezioni-oculari-monouso-ipl\/"},"modified":"2024-09-23T15:41:31","modified_gmt":"2024-09-23T13:41:31","slug":"protection-oculaire-jetable-ipl","status":"publish","type":"product","link":"https:\/\/gardalaser.it\/fr\/produit\/protection-oculaire-jetable-ipl\/","title":{"rendered":"Protection oculaire jetable IPL"},"content":{"rendered":"<ul>\n<li>50 paires par paquet<\/li>\n<li>Couleur : gris<\/li>\n<li>Norme appliqu\u00e9e et harmonis\u00e9e : ISO 12609-1:2013<\/li>\n<\/ul>\n","protected":false},"excerpt":{"rendered":"<p><strong>Protection du patient pendant les traitements IPL.<\/strong><br \/>\nNos coussinets de protection <strong>oculaire hypoallerg\u00e9niques<\/strong> et <strong>sans latex<\/strong> offrent au patient une protection oculaire \u00e9tanche \u00e0 la lumi\u00e8re pendant le traitement. La forme plate simplifie la manipulation dans les zones trait\u00e9es du visage. Les sourcils et les tempes du patient restent librement accessibles pour le traitement. La zone de contact l\u00e9g\u00e8rement adh\u00e9sive permet une mise en place et un retrait sans douleur. De plus, la languette facilite le retrait apr\u00e8s le traitement. Les protections oculaires jetables sont certifi\u00e9es conformes aux normes europ\u00e9ennes.<\/p>\n<p><a href=\"https:\/\/gardalaser.it\/wp-content\/uploads\/2024\/09\/600-iplp-50-g-ipl-disposable-eyeshields.pdf\"><strong>Voir le PDF<\/strong><\/a><\/p>\n","protected":false},"featured_media":5254,"template":"","meta":{"_acf_changed":false},"product_brand":[],"product_cat":[256],"product_tag":[],"class_list":{"0":"post-5253","1":"product","2":"type-product","3":"status-publish","4":"has-post-thumbnail","6":"tassonomia-dentisterie","7":"tassonomia-enea-fr","8":"tassonomia-enea-duo-fr","9":"tassonomia-enea-trio-fr","10":"tassonomia-ermes-fr","11":"tassonomia-esthetique","12":"tassonomia-hygiene-dentaire","13":"tassonomia-l-e-o-plus-fr","14":"tassonomia-oto-rhino-laryngologie","15":"tassonomia-zaira-fr","16":"product_cat-protection-des-yeux","18":"first","19":"instock","20":"taxable","21":"shipping-taxable","22":"purchasable","23":"product-type-simple"},"acf":[],"_links":{"self":[{"href":"https:\/\/gardalaser.it\/fr\/wp-json\/wp\/v2\/product\/5253","targetHints":{"allow":["GET"]}}],"collection":[{"href":"https:\/\/gardalaser.it\/fr\/wp-json\/wp\/v2\/product"}],"about":[{"href":"https:\/\/gardalaser.it\/fr\/wp-json\/wp\/v2\/types\/product"}],"wp:featuredmedia":[{"embeddable":true,"href":"https:\/\/gardalaser.it\/fr\/wp-json\/wp\/v2\/media\/5254"}],"wp:attachment":[{"href":"https:\/\/gardalaser.it\/fr\/wp-json\/wp\/v2\/media?parent=5253"}],"wp:term":[{"taxonomy":"product_brand","embeddable":true,"href":"https:\/\/gardalaser.it\/fr\/wp-json\/wp\/v2\/product_brand?post=5253"},{"taxonomy":"product_cat","embeddable":true,"href":"https:\/\/gardalaser.it\/fr\/wp-json\/wp\/v2\/product_cat?post=5253"},{"taxonomy":"product_tag","embeddable":true,"href":"https:\/\/gardalaser.it\/fr\/wp-json\/wp\/v2\/product_tag?post=5253"}],"curies":[{"name":"wp","href":"https:\/\/api.w.org\/{rel}","templated":true}]}}