{"id":5248,"date":"2024-09-16T10:06:55","date_gmt":"2024-09-16T08:06:55","guid":{"rendered":"https:\/\/gardalaser.it\/prodotto\/protezioni-oculari-monouso-laser-e-led\/"},"modified":"2024-09-23T15:38:49","modified_gmt":"2024-09-23T13:38:49","slug":"protezioni-oculari-monouso-laser-e-led","status":"publish","type":"product","link":"https:\/\/gardalaser.it\/fr\/produit\/protezioni-oculari-monouso-laser-e-led\/","title":{"rendered":"Protection oculaire jetable pour laser et LED"},"content":{"rendered":"<ul>\n<li>25 paires par paquet<\/li>\n<li>couleur blanche<\/li>\n<li>convient \u00e9galement \u00e0 la lumi\u00e8re puls\u00e9e<\/li>\n<li>Normes appliqu\u00e9es et harmonis\u00e9es : EN 207:2017<\/li>\n<\/ul>\n","protected":false},"excerpt":{"rendered":"<p><strong>Protection du patient pendant les traitements laser et LED.<\/strong><br \/>\nNos coussinets de protection oculaire hypoallerg\u00e9niques et sans latex offrent au patient une protection oculaire \u00e9tanche \u00e0 la lumi\u00e8re pendant le traitement. La forme plate simplifie la manipulation dans les zones faciales trait\u00e9es. Les sourcils et les tempes du patient restent librement accessibles pour le traitement. La zone de contact l\u00e9g\u00e8rement adh\u00e9sive permet une mise en place et un retrait indolores. En outre, la languette facilite le retrait apr\u00e8s le traitement. Les protections oculaires jetables sont certifi\u00e9es conformes aux normes europ\u00e9ennes.<\/p>\n<p><a href=\"https:\/\/gardalaser.it\/wp-content\/uploads\/2024\/09\/600-lasp-25-n-tk-laser-led-disposable-eyeshields.pdf\"><strong>Voir le PDF<\/strong><\/a><\/p>\n<p>&nbsp;<\/p>\n","protected":false},"featured_media":5249,"template":"","meta":{"_acf_changed":false},"product_brand":[],"product_cat":[256],"product_tag":[],"class_list":{"0":"post-5248","1":"product","2":"type-product","3":"status-publish","4":"has-post-thumbnail","6":"tassonomia-enea-fr","7":"tassonomia-enea-duo-fr","8":"tassonomia-enea-trio-fr","9":"tassonomia-ermes-fr","10":"tassonomia-esthetique","11":"tassonomia-hygiene-dentaire","12":"tassonomia-l-e-o-plus-fr","13":"tassonomia-oto-rhino-laryngologie","14":"tassonomia-physiotherapie","15":"tassonomia-podologie","16":"tassonomia-zaira-fr","17":"product_cat-protection-des-yeux","19":"first","20":"instock","21":"taxable","22":"shipping-taxable","23":"purchasable","24":"product-type-simple"},"acf":[],"_links":{"self":[{"href":"https:\/\/gardalaser.it\/fr\/wp-json\/wp\/v2\/product\/5248","targetHints":{"allow":["GET"]}}],"collection":[{"href":"https:\/\/gardalaser.it\/fr\/wp-json\/wp\/v2\/product"}],"about":[{"href":"https:\/\/gardalaser.it\/fr\/wp-json\/wp\/v2\/types\/product"}],"wp:featuredmedia":[{"embeddable":true,"href":"https:\/\/gardalaser.it\/fr\/wp-json\/wp\/v2\/media\/5249"}],"wp:attachment":[{"href":"https:\/\/gardalaser.it\/fr\/wp-json\/wp\/v2\/media?parent=5248"}],"wp:term":[{"taxonomy":"product_brand","embeddable":true,"href":"https:\/\/gardalaser.it\/fr\/wp-json\/wp\/v2\/product_brand?post=5248"},{"taxonomy":"product_cat","embeddable":true,"href":"https:\/\/gardalaser.it\/fr\/wp-json\/wp\/v2\/product_cat?post=5248"},{"taxonomy":"product_tag","embeddable":true,"href":"https:\/\/gardalaser.it\/fr\/wp-json\/wp\/v2\/product_tag?post=5248"}],"curies":[{"name":"wp","href":"https:\/\/api.w.org\/{rel}","templated":true}]}}