{"id":5245,"date":"2024-05-23T14:05:24","date_gmt":"2024-05-23T12:05:24","guid":{"rendered":"https:\/\/gardalaser.it\/prodotto\/puntale-per-agopuntura\/"},"modified":"2024-09-24T11:50:18","modified_gmt":"2024-09-24T09:50:18","slug":"embout-pour-lacupuncture","status":"publish","type":"product","link":"https:\/\/gardalaser.it\/fr\/produit\/embout-pour-lacupuncture\/","title":{"rendered":"Pointe pour l&#8217;acupuncture"},"content":{"rendered":"<ul>\n<li>Cycle de fer autoclavable 134\u00b0 C pendant 4 minutes<\/li>\n<\/ul>\n","protected":false},"excerpt":{"rendered":"<p>Embout d&#8217;acupuncture angulaire de 3 mm \u00e0 utiliser avec la <a href=\"https:\/\/gardalaser.it\/fr\/produit\/piece-a-main-therapeutique-multifonctionnel\/\" target=\"_blank\" rel=\"noopener\">pi\u00e8ce \u00e0 main th\u00e9rapeutique multifonctions<\/a><\/p>\n","protected":false},"featured_media":5246,"template":"","meta":{"_acf_changed":false},"product_brand":[],"product_cat":[243],"product_tag":[],"class_list":{"0":"post-5245","1":"product","2":"type-product","3":"status-publish","4":"has-post-thumbnail","6":"tassonomia-dentisterie","7":"tassonomia-enea-fr","8":"tassonomia-enea-duo-fr","9":"tassonomia-enea-trio-fr","10":"tassonomia-ermes-fr","11":"tassonomia-physiotherapie","12":"tassonomia-podologie","13":"tassonomia-veterinaire","14":"tassonomia-zaira-fr","15":"product_cat-pieces-a-main-therapeutiques","17":"first","18":"instock","19":"taxable","20":"shipping-taxable","21":"purchasable","22":"product-type-simple"},"acf":[],"_links":{"self":[{"href":"https:\/\/gardalaser.it\/fr\/wp-json\/wp\/v2\/product\/5245","targetHints":{"allow":["GET"]}}],"collection":[{"href":"https:\/\/gardalaser.it\/fr\/wp-json\/wp\/v2\/product"}],"about":[{"href":"https:\/\/gardalaser.it\/fr\/wp-json\/wp\/v2\/types\/product"}],"wp:featuredmedia":[{"embeddable":true,"href":"https:\/\/gardalaser.it\/fr\/wp-json\/wp\/v2\/media\/5246"}],"wp:attachment":[{"href":"https:\/\/gardalaser.it\/fr\/wp-json\/wp\/v2\/media?parent=5245"}],"wp:term":[{"taxonomy":"product_brand","embeddable":true,"href":"https:\/\/gardalaser.it\/fr\/wp-json\/wp\/v2\/product_brand?post=5245"},{"taxonomy":"product_cat","embeddable":true,"href":"https:\/\/gardalaser.it\/fr\/wp-json\/wp\/v2\/product_cat?post=5245"},{"taxonomy":"product_tag","embeddable":true,"href":"https:\/\/gardalaser.it\/fr\/wp-json\/wp\/v2\/product_tag?post=5245"}],"curies":[{"name":"wp","href":"https:\/\/api.w.org\/{rel}","templated":true}]}}