{"id":5241,"date":"2024-03-11T11:26:53","date_gmt":"2024-03-11T10:26:53","guid":{"rendered":"https:\/\/gardalaser.it\/prodotto\/occhiali-di-protezione-per-laser-635nm\/"},"modified":"2024-09-23T15:31:37","modified_gmt":"2024-09-23T13:31:37","slug":"lunettes-de-protection-pour-les-lasers-a-635nm","status":"publish","type":"product","link":"https:\/\/gardalaser.it\/fr\/produit\/lunettes-de-protection-pour-les-lasers-a-635nm\/","title":{"rendered":"Lunettes de protection pour les lasers \u00e0 635nm"},"content":{"rendered":"<p><strong>Informations sur le produit<\/strong><\/p>\n<ul>\n<li>Application : Diode (630 &#8211; 660 nm), He:Ne (633 nm)<\/li>\n<li>VLT (transmission de la lumi\u00e8re visible) : 40%.<\/li>\n<li>Couleur du filtre : bleu<\/li>\n<li>Mat\u00e9riau du filtre : plastique sp\u00e9cial<\/li>\n<li>\u00c9paisseur du filtre : 2,0 mm<\/li>\n<li>Couleur de la monture : noir\/blanc<\/li>\n<\/ul>\n<p><strong>Monture pour lunettes ONTOR :<\/strong><\/p>\n<ul>\n<li>Surlunettes sportives en mod\u00e8le \u00e0 une seule lentille<\/li>\n<li>Champ de vision tr\u00e8s large<\/li>\n<li>Ajustement parfait gr\u00e2ce \u00e0 des supports flexibles et r\u00e9glables en longueur<\/li>\n<li>Confort agr\u00e9able gr\u00e2ce au rev\u00eatement en caoutchouc au niveau du front<\/li>\n<\/ul>\n<p>&nbsp;<\/p>\n<table>\n<tbody>\n<tr>\n<td><strong>Longueurs d&#8217;onde (nm)<\/strong><\/td>\n<td><strong>Niveaux de protection<\/strong><\/td>\n<\/tr>\n<tr>\n<td>585-605<\/td>\n<td>DIR LB1 (OD1+)<\/td>\n<\/tr>\n<tr>\n<td>&gt;605-616<\/td>\n<td>DIR LB2 (OD2+)<\/td>\n<\/tr>\n<tr>\n<td>&gt;616-621<\/td>\n<td>DIR LB3 (OD3+)<\/td>\n<\/tr>\n<tr>\n<td>&gt;621-624<\/td>\n<td>DIR LB4 (OD4+)<\/td>\n<\/tr>\n<tr>\n<td><strong>&gt;624-666<\/strong><\/td>\n<td><strong>D LB4 + IR LB5 (OD5+)<\/strong><\/td>\n<\/tr>\n<tr>\n<td>&gt;666-680<\/td>\n<td>DIR LB4 (OD4+)<\/td>\n<\/tr>\n<tr>\n<td><strong>&gt;680-720<\/strong><\/td>\n<td><strong>D LB4 + IR LB5 (OD5+)<\/strong><\/td>\n<\/tr>\n<tr>\n<td><\/td>\n<td>PFCE<\/td>\n<\/tr>\n<\/tbody>\n<\/table>\n","protected":false},"excerpt":{"rendered":"<p><strong>Les lunettes de protection laser ONTOR sont des lunettes de protection laser<\/strong> l\u00e9g\u00e8res et polyvalentes, compos\u00e9es d&#8217;une monture en plastique, id\u00e9ales comme sur-lunettes pour les porteurs de lunettes. La monture offre un champ de vision tr\u00e8s large et une large couverture lat\u00e9rale, avec un excellent confort de port gr\u00e2ce aux branches flexibles, r\u00e9glables en longueur et en inclinaison, et au <strong>rembourrage<\/strong> sp\u00e9cial en <strong>caoutchouc souple<\/strong> au niveau du front.<\/p>\n<p>Le <strong>filtre de protection laser 0340<\/strong> convient aux lasers suivants : <strong>lasers He:Ne (633 nm)<\/strong> et <strong>lasers \u00e0 diode (650 nm)<\/strong>. Le filtre de protection laser est fabriqu\u00e9 dans un plastique bleu sp\u00e9cial et convainc par une transmission de la lumi\u00e8re du jour d&#8217;environ 40 % et une faible \u00e9paisseur. Le filtre de protection laser est <strong>certifi\u00e9 CE<\/strong> selon la <strong>norme EN 207.<\/strong><\/p>\n<p><a href=\"https:\/\/gardalaser.it\/wp-content\/uploads\/2024\/03\/DB-000-K0340-ONTO-DE-EN.pdf\"><strong>Voir le PDF<\/strong><\/a><\/p>\n<p>&nbsp;<\/p>\n","protected":false},"featured_media":5242,"template":"","meta":{"_acf_changed":false},"product_brand":[],"product_cat":[241],"product_tag":[],"class_list":{"0":"post-5241","1":"product","2":"type-product","3":"status-publish","4":"has-post-thumbnail","6":"tassonomia-dentisterie","7":"tassonomia-enea-duo-fr","8":"tassonomia-enea-trio-fr","9":"tassonomia-ermes-fr","10":"tassonomia-gynecologie","11":"tassonomia-oto-rhino-laryngologie","12":"tassonomia-physiotherapie","13":"tassonomia-podologie","14":"tassonomia-veterinaire","15":"product_cat-lunettes-de-protection","17":"first","18":"instock","19":"taxable","20":"shipping-taxable","21":"purchasable","22":"product-type-simple"},"acf":[],"_links":{"self":[{"href":"https:\/\/gardalaser.it\/fr\/wp-json\/wp\/v2\/product\/5241","targetHints":{"allow":["GET"]}}],"collection":[{"href":"https:\/\/gardalaser.it\/fr\/wp-json\/wp\/v2\/product"}],"about":[{"href":"https:\/\/gardalaser.it\/fr\/wp-json\/wp\/v2\/types\/product"}],"wp:featuredmedia":[{"embeddable":true,"href":"https:\/\/gardalaser.it\/fr\/wp-json\/wp\/v2\/media\/5242"}],"wp:attachment":[{"href":"https:\/\/gardalaser.it\/fr\/wp-json\/wp\/v2\/media?parent=5241"}],"wp:term":[{"taxonomy":"product_brand","embeddable":true,"href":"https:\/\/gardalaser.it\/fr\/wp-json\/wp\/v2\/product_brand?post=5241"},{"taxonomy":"product_cat","embeddable":true,"href":"https:\/\/gardalaser.it\/fr\/wp-json\/wp\/v2\/product_cat?post=5241"},{"taxonomy":"product_tag","embeddable":true,"href":"https:\/\/gardalaser.it\/fr\/wp-json\/wp\/v2\/product_tag?post=5241"}],"curies":[{"name":"wp","href":"https:\/\/api.w.org\/{rel}","templated":true}]}}