{"id":5236,"date":"2024-03-11T10:34:53","date_gmt":"2024-03-11T09:34:53","guid":{"rendered":"https:\/\/gardalaser.it\/prodotto\/occhiali-di-protezione-per-laser-2940nm\/"},"modified":"2024-09-23T15:13:38","modified_gmt":"2024-09-23T13:13:38","slug":"lunettes-de-protection-laser-2940nm","status":"publish","type":"product","link":"https:\/\/gardalaser.it\/fr\/produit\/lunettes-de-protection-laser-2940nm\/","title":{"rendered":"Lunettes de protection laser 2940nm"},"content":{"rendered":"<p><strong>Informations sur le produit<\/strong><\/p>\n<ul>\n<li>Application : Er:YAG (2780 &#8211; 2940 nm), CO2 (10600 nm)<\/li>\n<li>VLT (transmission de la lumi\u00e8re visible) : 93%.<\/li>\n<li>Couleur du filtre : transparent<\/li>\n<li>Mat\u00e9riau du filtre : plastique sp\u00e9cial<\/li>\n<li>\u00c9paisseur du filtre : 2,0 mm<\/li>\n<li>Couleur de la monture : noir\/blanc<\/li>\n<\/ul>\n<p>&nbsp;<\/p>\n<p><strong>Monture pour lunettes ONTOR :<\/strong><\/p>\n<ul>\n<li>Surlunettes sportives en mod\u00e8le \u00e0 une seule lentille<\/li>\n<li>Champ de vision tr\u00e8s large<\/li>\n<li>Ajustement parfait gr\u00e2ce \u00e0 des supports flexibles et r\u00e9glables en longueur<\/li>\n<li>Confort agr\u00e9able gr\u00e2ce au rev\u00eatement en caoutchouc au niveau du front<\/li>\n<\/ul>\n<p>&nbsp;<\/p>\n<table>\n<tbody>\n<tr>\n<td><strong>Longueurs d&#8217;onde (nm)<\/strong><\/td>\n<td><strong>Niveaux de protection<\/strong><\/td>\n<\/tr>\n<tr>\n<td><strong>2750-3000<\/strong><\/td>\n<td><strong>DI LB3 + R LB3Y (OD3+)<\/strong><\/td>\n<\/tr>\n<tr>\n<td><strong>5588-11500<\/strong><\/td>\n<td><strong>DI LB3 + R LB3Y (OD3+)<\/strong><\/td>\n<\/tr>\n<tr>\n<td><\/td>\n<td>PFCE<\/td>\n<\/tr>\n<\/tbody>\n<\/table>\n","protected":false},"excerpt":{"rendered":"<p><strong>Les lunettes de protection laser ONTOR sont des lunettes de protection laser<\/strong> l\u00e9g\u00e8res et polyvalentes, compos\u00e9es d&#8217;une monture en plastique, id\u00e9ales comme sur-lunettes pour les porteurs de lunettes. La monture offre un champ de vision tr\u00e8s large et une large couverture lat\u00e9rale, avec un excellent confort de port gr\u00e2ce aux branches flexibles, r\u00e9glables en longueur et en inclinaison, et au <strong>rembourrage<\/strong> sp\u00e9cial en <strong>caoutchouc souple<\/strong> au niveau du front.<\/p>\n<p>Le <strong>filtre de protection laser 0280<\/strong> est particuli\u00e8rement adapt\u00e9 \u00e0 la protection des lasers <strong>Er:YAG (2940 nm)<\/strong> et <strong>CO2 (10600 nm)<\/strong>. Le filtre de protection laser est fabriqu\u00e9 dans un plastique incolore sp\u00e9cial et convainc par une transmission de la lumi\u00e8re du jour de plus de 92 % et une faible \u00e9paisseur. Le filtre de protection laser est <strong>certifi\u00e9 CE<\/strong> selon la <strong>norme DIN EN 207<\/strong>.<\/p>\n<p><a href=\"https:\/\/gardalaser.it\/wp-content\/uploads\/2024\/03\/DB-000-K0280-ONTO-DE-EN.pdf\"><strong>Voir le PDF<\/strong><\/a><\/p>\n","protected":false},"featured_media":5237,"template":"","meta":{"_acf_changed":false},"product_brand":[],"product_cat":[241],"product_tag":[],"class_list":{"0":"post-5236","1":"product","2":"type-product","3":"status-publish","4":"has-post-thumbnail","6":"tassonomia-dentisterie","7":"tassonomia-enea-fr","8":"tassonomia-enea-duo-fr","9":"tassonomia-enea-trio-fr","10":"tassonomia-ermes-fr","11":"tassonomia-esthetique","12":"tassonomia-hygiene-dentaire","13":"tassonomia-l-e-o-plus-fr","14":"tassonomia-zaira-fr","15":"product_cat-lunettes-de-protection","17":"first","18":"instock","19":"taxable","20":"shipping-taxable","21":"purchasable","22":"product-type-simple"},"acf":[],"_links":{"self":[{"href":"https:\/\/gardalaser.it\/fr\/wp-json\/wp\/v2\/product\/5236","targetHints":{"allow":["GET"]}}],"collection":[{"href":"https:\/\/gardalaser.it\/fr\/wp-json\/wp\/v2\/product"}],"about":[{"href":"https:\/\/gardalaser.it\/fr\/wp-json\/wp\/v2\/types\/product"}],"wp:featuredmedia":[{"embeddable":true,"href":"https:\/\/gardalaser.it\/fr\/wp-json\/wp\/v2\/media\/5237"}],"wp:attachment":[{"href":"https:\/\/gardalaser.it\/fr\/wp-json\/wp\/v2\/media?parent=5236"}],"wp:term":[{"taxonomy":"product_brand","embeddable":true,"href":"https:\/\/gardalaser.it\/fr\/wp-json\/wp\/v2\/product_brand?post=5236"},{"taxonomy":"product_cat","embeddable":true,"href":"https:\/\/gardalaser.it\/fr\/wp-json\/wp\/v2\/product_cat?post=5236"},{"taxonomy":"product_tag","embeddable":true,"href":"https:\/\/gardalaser.it\/fr\/wp-json\/wp\/v2\/product_tag?post=5236"}],"curies":[{"name":"wp","href":"https:\/\/api.w.org\/{rel}","templated":true}]}}