{"id":5230,"date":"2024-02-27T11:13:37","date_gmt":"2024-02-27T10:13:37","guid":{"rendered":"https:\/\/gardalaser.it\/prodotto\/puntale-per-unghie-laser-medicale\/"},"modified":"2024-09-23T15:10:22","modified_gmt":"2024-09-23T13:10:22","slug":"pointe-de-longle-laser-medical","status":"publish","type":"product","link":"https:\/\/gardalaser.it\/fr\/produit\/pointe-de-longle-laser-medical\/","title":{"rendered":"Pointe de l&#8217;ongle"},"content":{"rendered":"<p><strong>Description :<\/strong><\/p>\n<ul>\n<li>Cycle de caoutchouc autoclavable 121\u00b0 C pendant 15 minutes<\/li>\n<\/ul>\n","protected":false},"excerpt":{"rendered":"<p>Embout adapt\u00e9 aux applications th\u00e9rapeutiques sans contact pour les petites et grandes zones. R\u00e9duit la divergence du faisceau laser, \u00e9vitant ainsi la dispersion de l&#8217;\u00e9nergie.<\/p>\n","protected":false},"featured_media":5233,"template":"","meta":{"_acf_changed":false},"product_brand":[],"product_cat":[243],"product_tag":[],"class_list":{"0":"post-5230","1":"product","2":"type-product","3":"status-publish","4":"has-post-thumbnail","6":"tassonomia-enea-fr","7":"tassonomia-enea-duo-fr","8":"tassonomia-enea-trio-fr","9":"tassonomia-ermes-fr","10":"tassonomia-physiotherapie","11":"tassonomia-podologie","12":"tassonomia-zaira-fr","13":"product_cat-pieces-a-main-therapeutiques","15":"first","16":"instock","17":"taxable","18":"shipping-taxable","19":"purchasable","20":"product-type-simple"},"acf":[],"_links":{"self":[{"href":"https:\/\/gardalaser.it\/fr\/wp-json\/wp\/v2\/product\/5230","targetHints":{"allow":["GET"]}}],"collection":[{"href":"https:\/\/gardalaser.it\/fr\/wp-json\/wp\/v2\/product"}],"about":[{"href":"https:\/\/gardalaser.it\/fr\/wp-json\/wp\/v2\/types\/product"}],"wp:featuredmedia":[{"embeddable":true,"href":"https:\/\/gardalaser.it\/fr\/wp-json\/wp\/v2\/media\/5233"}],"wp:attachment":[{"href":"https:\/\/gardalaser.it\/fr\/wp-json\/wp\/v2\/media?parent=5230"}],"wp:term":[{"taxonomy":"product_brand","embeddable":true,"href":"https:\/\/gardalaser.it\/fr\/wp-json\/wp\/v2\/product_brand?post=5230"},{"taxonomy":"product_cat","embeddable":true,"href":"https:\/\/gardalaser.it\/fr\/wp-json\/wp\/v2\/product_cat?post=5230"},{"taxonomy":"product_tag","embeddable":true,"href":"https:\/\/gardalaser.it\/fr\/wp-json\/wp\/v2\/product_tag?post=5230"}],"curies":[{"name":"wp","href":"https:\/\/api.w.org\/{rel}","templated":true}]}}