{"id":5225,"date":"2024-02-27T10:52:22","date_gmt":"2024-02-27T09:52:22","guid":{"rendered":"https:\/\/gardalaser.it\/prodotto\/puntale-ad-espansione\/"},"modified":"2024-09-23T15:08:13","modified_gmt":"2024-09-23T13:08:13","slug":"embout-extensible","status":"publish","type":"product","link":"https:\/\/gardalaser.it\/fr\/produit\/embout-extensible\/","title":{"rendered":"Embout extensible"},"content":{"rendered":"<p><strong>Description :<\/strong><\/p>\n<ul>\n<li>Tache d\u00e9focalis\u00e9e : <sup>3cm2<\/sup><\/li>\n<li>Cycle de caoutchouc autoclavable 121\u00b0 C pendant 15 minutes<\/li>\n<\/ul>\n","protected":false},"excerpt":{"rendered":"<p>Embout indiqu\u00e9 pour des applications th\u00e9rapeutiques \u00e0 utiliser en contact avec le tissu \u00e0 traiter pour des zones \u00e9tendues affect\u00e9es par des conditions inflammatoires et la douleur.<\/p>\n","protected":false},"featured_media":5228,"template":"","meta":{"_acf_changed":false},"product_brand":[],"product_cat":[243],"product_tag":[],"class_list":{"0":"post-5225","1":"product","2":"type-product","3":"status-publish","4":"has-post-thumbnail","6":"tassonomia-enea-fr","7":"tassonomia-enea-duo-fr","8":"tassonomia-enea-trio-fr","9":"tassonomia-ermes-fr","10":"tassonomia-physiotherapie","11":"tassonomia-podologie","12":"tassonomia-zaira-fr","13":"product_cat-pieces-a-main-therapeutiques","15":"first","16":"instock","17":"taxable","18":"shipping-taxable","19":"purchasable","20":"product-type-simple"},"acf":[],"_links":{"self":[{"href":"https:\/\/gardalaser.it\/fr\/wp-json\/wp\/v2\/product\/5225","targetHints":{"allow":["GET"]}}],"collection":[{"href":"https:\/\/gardalaser.it\/fr\/wp-json\/wp\/v2\/product"}],"about":[{"href":"https:\/\/gardalaser.it\/fr\/wp-json\/wp\/v2\/types\/product"}],"wp:featuredmedia":[{"embeddable":true,"href":"https:\/\/gardalaser.it\/fr\/wp-json\/wp\/v2\/media\/5228"}],"wp:attachment":[{"href":"https:\/\/gardalaser.it\/fr\/wp-json\/wp\/v2\/media?parent=5225"}],"wp:term":[{"taxonomy":"product_brand","embeddable":true,"href":"https:\/\/gardalaser.it\/fr\/wp-json\/wp\/v2\/product_brand?post=5225"},{"taxonomy":"product_cat","embeddable":true,"href":"https:\/\/gardalaser.it\/fr\/wp-json\/wp\/v2\/product_cat?post=5225"},{"taxonomy":"product_tag","embeddable":true,"href":"https:\/\/gardalaser.it\/fr\/wp-json\/wp\/v2\/product_tag?post=5225"}],"curies":[{"name":"wp","href":"https:\/\/api.w.org\/{rel}","templated":true}]}}