{"id":5221,"date":"2024-02-27T10:18:16","date_gmt":"2024-02-27T09:18:16","guid":{"rendered":"https:\/\/gardalaser.it\/prodotto\/fibra-side-firing-per-laser-medicale\/"},"modified":"2024-09-23T15:05:19","modified_gmt":"2024-09-23T13:05:19","slug":"fibre-side-firing-par-laser-medical","status":"publish","type":"product","link":"https:\/\/gardalaser.it\/fr\/produit\/fibre-side-firing-par-laser-medical\/","title":{"rendered":"Fibre side firing"},"content":{"rendered":"<p><strong>Description :<\/strong><\/p>\n<ul>\n<li>Extr\u00e9mit\u00e9 de la fibre : 8 degr\u00e9s oblique<\/li>\n<li>Application laser infrarouge (IR) et visible<\/li>\n<li>Diam\u00e8tre de la fibre : 600um<\/li>\n<li>St\u00e9rilisation ETO, double emballage<\/li>\n<li>Longueur standard 3 m<\/li>\n<li>Connecteur standard SMA905<\/li>\n<li>Cycle de caoutchouc autoclavable 121\u00b0 C pendant 15 minutes<\/li>\n<\/ul>\n","protected":false},"excerpt":{"rendered":"<p>La fibre, avec sa pointe usin\u00e9e, permet une irradiation lat\u00e9rale maximisant la transmission du laser pour des r\u00e9sultats de traitement optimaux.<\/p>\n","protected":false},"featured_media":5222,"template":"","meta":{"_acf_changed":false},"product_brand":[],"product_cat":[246],"product_tag":[],"class_list":{"0":"post-5221","1":"product","2":"type-product","3":"status-publish","4":"has-post-thumbnail","6":"tassonomia-enea-fr","7":"tassonomia-enea-duo-fr","8":"tassonomia-enea-trio-fr","9":"tassonomia-ermes-fr","10":"tassonomia-gynecologie","11":"tassonomia-phlebologie","12":"tassonomia-urologie","13":"tassonomia-zaira-fr","14":"product_cat-fibres-et-astuces","16":"first","17":"instock","18":"taxable","19":"shipping-taxable","20":"purchasable","21":"product-type-simple"},"acf":[],"_links":{"self":[{"href":"https:\/\/gardalaser.it\/fr\/wp-json\/wp\/v2\/product\/5221","targetHints":{"allow":["GET"]}}],"collection":[{"href":"https:\/\/gardalaser.it\/fr\/wp-json\/wp\/v2\/product"}],"about":[{"href":"https:\/\/gardalaser.it\/fr\/wp-json\/wp\/v2\/types\/product"}],"wp:featuredmedia":[{"embeddable":true,"href":"https:\/\/gardalaser.it\/fr\/wp-json\/wp\/v2\/media\/5222"}],"wp:attachment":[{"href":"https:\/\/gardalaser.it\/fr\/wp-json\/wp\/v2\/media?parent=5221"}],"wp:term":[{"taxonomy":"product_brand","embeddable":true,"href":"https:\/\/gardalaser.it\/fr\/wp-json\/wp\/v2\/product_brand?post=5221"},{"taxonomy":"product_cat","embeddable":true,"href":"https:\/\/gardalaser.it\/fr\/wp-json\/wp\/v2\/product_cat?post=5221"},{"taxonomy":"product_tag","embeddable":true,"href":"https:\/\/gardalaser.it\/fr\/wp-json\/wp\/v2\/product_tag?post=5221"}],"curies":[{"name":"wp","href":"https:\/\/api.w.org\/{rel}","templated":true}]}}