{"id":5208,"date":"2023-11-02T12:16:55","date_gmt":"2023-11-02T11:16:55","guid":{"rendered":"https:\/\/gardalaser.it\/prodotto\/tappetino-per-terapia-testa-e-orecchie-cavallo\/"},"modified":"2024-09-23T14:58:27","modified_gmt":"2024-09-23T12:58:27","slug":"tapis-therapeutique-tete-et-oreilles-de-cheval","status":"publish","type":"product","link":"https:\/\/gardalaser.it\/fr\/produit\/tapis-therapeutique-tete-et-oreilles-de-cheval\/","title":{"rendered":"Tapis th\u00e9rapeutique (t\u00eate et oreilles de cheval)"},"content":{"rendered":"<p>Lumi\u00e8re th\u00e9rapeutique pour le bien-\u00eatre de votre cheval.<br \/>\nUne aide quotidienne pour r\u00e9soudre les probl\u00e8mes de fatigue et d&#8217;inflammation sans l&#8217;aide de cr\u00e8mes et de m\u00e9dicaments.<br \/>\nNe n\u00e9cessite pas de suivi v\u00e9t\u00e9rinaire.<br \/>\nEffets visibles en tr\u00e8s peu de temps.<\/p>\n","protected":false},"excerpt":{"rendered":"<p>Il am\u00e9liore le bien-\u00eatre et est tr\u00e8s efficace contre l&#8217;\u00e9puisement du cheval.<\/p>\n","protected":false},"featured_media":5209,"template":"","meta":{"_acf_changed":false},"product_brand":[],"product_cat":[248],"product_tag":[],"class_list":{"0":"post-5208","1":"product","2":"type-product","3":"status-publish","4":"has-post-thumbnail","6":"tassonomia-veterinaire","7":"product_cat-home-care-vet-fr","9":"first","10":"instock","11":"taxable","12":"shipping-taxable","13":"purchasable","14":"product-type-simple"},"acf":[],"_links":{"self":[{"href":"https:\/\/gardalaser.it\/fr\/wp-json\/wp\/v2\/product\/5208","targetHints":{"allow":["GET"]}}],"collection":[{"href":"https:\/\/gardalaser.it\/fr\/wp-json\/wp\/v2\/product"}],"about":[{"href":"https:\/\/gardalaser.it\/fr\/wp-json\/wp\/v2\/types\/product"}],"wp:featuredmedia":[{"embeddable":true,"href":"https:\/\/gardalaser.it\/fr\/wp-json\/wp\/v2\/media\/5209"}],"wp:attachment":[{"href":"https:\/\/gardalaser.it\/fr\/wp-json\/wp\/v2\/media?parent=5208"}],"wp:term":[{"taxonomy":"product_brand","embeddable":true,"href":"https:\/\/gardalaser.it\/fr\/wp-json\/wp\/v2\/product_brand?post=5208"},{"taxonomy":"product_cat","embeddable":true,"href":"https:\/\/gardalaser.it\/fr\/wp-json\/wp\/v2\/product_cat?post=5208"},{"taxonomy":"product_tag","embeddable":true,"href":"https:\/\/gardalaser.it\/fr\/wp-json\/wp\/v2\/product_tag?post=5208"}],"curies":[{"name":"wp","href":"https:\/\/api.w.org\/{rel}","templated":true}]}}