{"id":5202,"date":"2023-11-02T11:48:06","date_gmt":"2023-11-02T10:48:06","guid":{"rendered":"https:\/\/gardalaser.it\/prodotto\/crema-viso-notte-nutriente-antiage-50ml\/"},"modified":"2024-09-23T14:41:57","modified_gmt":"2024-09-23T12:41:57","slug":"creme-de-nuit-nourrissante-anti-age-50ml","status":"publish","type":"product","link":"https:\/\/gardalaser.it\/fr\/produit\/creme-de-nuit-nourrissante-anti-age-50ml\/","title":{"rendered":"Cr\u00e8me de nuit nourrissante anti-\u00e2ge 50ml"},"content":{"rendered":"<p><strong>CONSEILS D&#8217;UTILISATION<\/strong><br \/>\nAppliquer tous les soirs comme cr\u00e8me pour le visage et une fois par semaine, appliquer une fine couche comme masque pour le visage pendant 10 minutes pour une action anti-\u00e2ge encore plus intense.<\/p>\n<p>&nbsp;<\/p>\n<p><strong>PRINCIPES FONCTIONNELS<\/strong><\/p>\n<ul>\n<li>Acide hyaluronique de haut poids mol\u00e9culaire : agit en surface en garantissant une hydratation efficace et exerce une action filmog\u00e8ne en se liant \u00e0 la couche corn\u00e9e avec un effet tenseur et protecteur.<\/li>\n<li>Acide hyaluronique de poids mol\u00e9culaire moyen : il franchit la barri\u00e8re cutan\u00e9e et fournit \u00e0 la peau toute l&#8217;eau dont elle a besoin pour pr\u00e9server sa beaut\u00e9 et son capital de turgescence.<\/li>\n<li>Acide hyaluronique de faible poids mol\u00e9culaire : agit en profondeur, atteignant les couches les plus profondes, stimulant la production physiologique des prot\u00e9ines responsables de la fermet\u00e9 et de l&#8217;\u00e9lasticit\u00e9 de la peau (collag\u00e8ne) et entra\u00eenant une r\u00e9duction de la profondeur des rides.<\/li>\n<li>Vitamine E : antioxydant<\/li>\n<li>Aloe Vera biologique : capacit\u00e9 extraordinaire de p\u00e9n\u00e9trer et d&#8217;hydrater la peau en profondeur.<\/li>\n<li>Huile de jojoba biologique et huile d&#8217;amande biologique : nourrissantes, \u00e9lastiques<\/li>\n<li>Extrait de bleuet biologique : d\u00e9congestionnant, apaisant, hydratant<\/li>\n<li>Allanto\u00efne et facteurs d&#8217;hydratation : hydratants, humectants<\/li>\n<li>Vitamine A : ralentit le vieillissement cellulaire, utile pour les peaux s\u00e8ches<\/li>\n<\/ul>\n","protected":false},"excerpt":{"rendered":"<p>Formul\u00e9e pour les peaux pr\u00e9sentant des signes visibles de vieillissement tels que fermet\u00e9 et rides marqu\u00e9es. L&#8217;action anti-\u00e2ge de la cr\u00e8me est due \u00e0 la pr\u00e9sence d&#8217;acides hyaluroniques de diff\u00e9rents poids mol\u00e9culaires et d&#8217;extraits tels que l&#8217;alo\u00e8s, l&#8217;huile de jojoba, l&#8217;huile de coco et la vitamine A. Sa texture riche et nourrissante et son parfum d\u00e9licat en font un excellent produit \u00e0 appliquer sur le visage, le cou et le d\u00e9collet\u00e9, en particulier pour le repos nocturne. Nuit apr\u00e8s nuit, la peau et les ridules sont liss\u00e9es.<\/p>\n","protected":false},"featured_media":5203,"template":"","meta":{"_acf_changed":false},"product_brand":[],"product_cat":[254],"product_tag":[],"class_list":{"0":"post-5202","1":"product","2":"type-product","3":"status-publish","4":"has-post-thumbnail","6":"tassonomia-enea-fr","7":"tassonomia-enea-duo-fr","8":"tassonomia-ermes-fr","9":"tassonomia-l-e-o-plus-fr","10":"tassonomia-zaira-fr","11":"product_cat-cosmetiques","13":"first","14":"instock","15":"taxable","16":"shipping-taxable","17":"purchasable","18":"product-type-simple"},"acf":[],"_links":{"self":[{"href":"https:\/\/gardalaser.it\/fr\/wp-json\/wp\/v2\/product\/5202","targetHints":{"allow":["GET"]}}],"collection":[{"href":"https:\/\/gardalaser.it\/fr\/wp-json\/wp\/v2\/product"}],"about":[{"href":"https:\/\/gardalaser.it\/fr\/wp-json\/wp\/v2\/types\/product"}],"wp:featuredmedia":[{"embeddable":true,"href":"https:\/\/gardalaser.it\/fr\/wp-json\/wp\/v2\/media\/5203"}],"wp:attachment":[{"href":"https:\/\/gardalaser.it\/fr\/wp-json\/wp\/v2\/media?parent=5202"}],"wp:term":[{"taxonomy":"product_brand","embeddable":true,"href":"https:\/\/gardalaser.it\/fr\/wp-json\/wp\/v2\/product_brand?post=5202"},{"taxonomy":"product_cat","embeddable":true,"href":"https:\/\/gardalaser.it\/fr\/wp-json\/wp\/v2\/product_cat?post=5202"},{"taxonomy":"product_tag","embeddable":true,"href":"https:\/\/gardalaser.it\/fr\/wp-json\/wp\/v2\/product_tag?post=5202"}],"curies":[{"name":"wp","href":"https:\/\/api.w.org\/{rel}","templated":true}]}}