{"id":5199,"date":"2023-11-02T11:37:26","date_gmt":"2023-11-02T10:37:26","guid":{"rendered":"https:\/\/gardalaser.it\/prodotto\/siero-viso-acido-jaluronico-puro-a-tre-pesi-molecolari-30ml\/"},"modified":"2024-09-23T14:39:48","modified_gmt":"2024-09-23T12:39:48","slug":"siero-viso-acido-jaluronico-puro-a-tre-pesi-molecolari-30ml","status":"publish","type":"product","link":"https:\/\/gardalaser.it\/fr\/produit\/siero-viso-acido-jaluronico-puro-a-tre-pesi-molecolari-30ml\/","title":{"rendered":"S\u00e9rum facial \u00e0 l&#8217;acide hyaluronique pur \u00e0 triple poids mol\u00e9culaire 30ml"},"content":{"rendered":"<p><strong>MODE D&#8217;EMPLOI<\/strong><br \/>\nAppliquer sur la peau du visage et masser d\u00e9licatement jusqu?\u00e0 absorption compl\u00e8te.<\/p>\n<p>&nbsp;<\/p>\n<p><strong>PRINCIPES FONCTIONNELS<\/strong><\/p>\n<ul>\n<li>Eau de citron biologique : hydratante, astringente.<\/li>\n<li>Acide hyaluronique de haut poids mol\u00e9culaire : agit en surface en garantissant une hydratation efficace et exerce une action filmog\u00e8ne en se liant \u00e0 la couche corn\u00e9e avec un effet tenseur et protecteur.<\/li>\n<li>Acide hyaluronique de poids mol\u00e9culaire moyen : il franchit la barri\u00e8re cutan\u00e9e et fournit \u00e0 la peau toute l&#8217;eau dont elle a besoin pour pr\u00e9server sa beaut\u00e9 et son capital de turgescence.<\/li>\n<li>Acide hyaluronique de faible poids mol\u00e9culaire : agit en profondeur, atteignant les couches les plus profondes, stimulant la production physiologique des prot\u00e9ines responsables de la fermet\u00e9 et de l&#8217;\u00e9lasticit\u00e9 de la peau (collag\u00e8ne) et entra\u00eenant une r\u00e9duction de la profondeur des rides.<\/li>\n<\/ul>\n","protected":false},"excerpt":{"rendered":"<p>Acide hyaluronique pur haute performance gr\u00e2ce \u00e0 la composition de diff\u00e9rents poids mol\u00e9culaires m\u00e9lang\u00e9s. Le faible poids mol\u00e9culaire lui permet de p\u00e9n\u00e9trer plus profond\u00e9ment, assurant un effet repulpant et liftant des rides, tandis que les poids mol\u00e9culaires moyen et \u00e9lev\u00e9 assurent un pouvoir hydratant intense avec un effet raffermissant. \u00c0 utiliser pure ou ajout\u00e9e \u00e0 la cr\u00e8me habituelle.<\/p>\n","protected":false},"featured_media":5200,"template":"","meta":{"_acf_changed":false},"product_brand":[],"product_cat":[254],"product_tag":[],"class_list":{"0":"post-5199","1":"product","2":"type-product","3":"status-publish","4":"has-post-thumbnail","6":"tassonomia-enea-fr","7":"tassonomia-enea-duo-fr","8":"tassonomia-ermes-fr","9":"tassonomia-l-e-o-plus-fr","10":"tassonomia-zaira-fr","11":"product_cat-cosmetiques","13":"first","14":"instock","15":"taxable","16":"shipping-taxable","17":"purchasable","18":"product-type-simple"},"acf":[],"_links":{"self":[{"href":"https:\/\/gardalaser.it\/fr\/wp-json\/wp\/v2\/product\/5199","targetHints":{"allow":["GET"]}}],"collection":[{"href":"https:\/\/gardalaser.it\/fr\/wp-json\/wp\/v2\/product"}],"about":[{"href":"https:\/\/gardalaser.it\/fr\/wp-json\/wp\/v2\/types\/product"}],"wp:featuredmedia":[{"embeddable":true,"href":"https:\/\/gardalaser.it\/fr\/wp-json\/wp\/v2\/media\/5200"}],"wp:attachment":[{"href":"https:\/\/gardalaser.it\/fr\/wp-json\/wp\/v2\/media?parent=5199"}],"wp:term":[{"taxonomy":"product_brand","embeddable":true,"href":"https:\/\/gardalaser.it\/fr\/wp-json\/wp\/v2\/product_brand?post=5199"},{"taxonomy":"product_cat","embeddable":true,"href":"https:\/\/gardalaser.it\/fr\/wp-json\/wp\/v2\/product_cat?post=5199"},{"taxonomy":"product_tag","embeddable":true,"href":"https:\/\/gardalaser.it\/fr\/wp-json\/wp\/v2\/product_tag?post=5199"}],"curies":[{"name":"wp","href":"https:\/\/api.w.org\/{rel}","templated":true}]}}