{"id":5196,"date":"2023-11-02T11:42:43","date_gmt":"2023-11-02T10:42:43","guid":{"rendered":"https:\/\/gardalaser.it\/prodotto\/crema-viso-giorno-idratante-antiage-50ml\/"},"modified":"2024-09-23T14:37:52","modified_gmt":"2024-09-23T12:37:52","slug":"creme-de-jour-hydratante-anti-age-pour-le-visage-50ml","status":"publish","type":"product","link":"https:\/\/gardalaser.it\/fr\/produit\/creme-de-jour-hydratante-anti-age-pour-le-visage-50ml\/","title":{"rendered":"Cr\u00e8me de jour hydratante anti-\u00e2ge pour le visage 50ml"},"content":{"rendered":"<p><strong>MODE D&#8217;EMPLOI<\/strong><br \/>\nAppliquer sur la peau du visage et masser d\u00e9licatement jusqu?\u00e0 absorption compl\u00e8te.<\/p>\n<p>&nbsp;<\/p>\n<p><strong>PRINCIPES FONCTIONNELS<\/strong><\/p>\n<ul>\n<li>Acide hyaluronique de haut poids mol\u00e9culaire : agit en surface en garantissant une hydratation efficace et exerce une action filmog\u00e8ne en se liant \u00e0 la couche corn\u00e9e avec un effet tenseur et protecteur.<\/li>\n<li>Acide hyaluronique de poids mol\u00e9culaire moyen : il franchit la barri\u00e8re cutan\u00e9e et fournit \u00e0 la peau toute l&#8217;eau dont elle a besoin pour pr\u00e9server sa beaut\u00e9 et son capital de turgescence.<\/li>\n<li>Acide hyaluronique de faible poids mol\u00e9culaire : agit en profondeur, atteignant les couches les plus profondes, stimulant la production physiologique des prot\u00e9ines responsables de la fermet\u00e9 et de l&#8217;\u00e9lasticit\u00e9 de la peau (collag\u00e8ne) et entra\u00eenant une r\u00e9duction de la profondeur des rides.<\/li>\n<li>Vitamine E : antioxydant<\/li>\n<li>Aloe Vera biologique : hydratation profonde de la peau<\/li>\n<li>Huile d&#8217;amande douce bio : nourrissante, \u00e9molliente<\/li>\n<li>Extrait de bleuet bio : d\u00e9congestionnant, apaisant, hydratant<\/li>\n<li>Allanto\u00efne et facteurs d&#8217;hydratation : hydratants, humectants<\/li>\n<\/ul>\n","protected":false},"excerpt":{"rendered":"<p>Formul\u00e9e pour les peaux sujettes aux signes visibles du vieillissement tels que la perte d&#8217;\u00e9clat, de fermet\u00e9 et les rides marqu\u00e9es. L&#8217;action anti-\u00e2ge de la cr\u00e8me est due \u00e0 la pr\u00e9sence d&#8217;acides hyaluroniques de diff\u00e9rents poids mol\u00e9culaires et d&#8217;extraits pr\u00e9cieux tels que l&#8217;Aloe Vera Bio, l&#8217;huile d&#8217;amande et la vitamine E. Sa texture l\u00e9g\u00e8re et son parfum d\u00e9licat en font un excellent produit \u00e0 appliquer quotidiennement sur le visage, le cou et le d\u00e9collet\u00e9 pour une hydratation correcte.<\/p>\n","protected":false},"featured_media":5197,"template":"","meta":{"_acf_changed":false},"product_brand":[],"product_cat":[254],"product_tag":[],"class_list":{"0":"post-5196","1":"product","2":"type-product","3":"status-publish","4":"has-post-thumbnail","6":"tassonomia-enea-fr","7":"tassonomia-enea-duo-fr","8":"tassonomia-ermes-fr","9":"tassonomia-l-e-o-plus-fr","10":"tassonomia-zaira-fr","11":"product_cat-cosmetiques","13":"first","14":"instock","15":"taxable","16":"shipping-taxable","17":"purchasable","18":"product-type-simple"},"acf":[],"_links":{"self":[{"href":"https:\/\/gardalaser.it\/fr\/wp-json\/wp\/v2\/product\/5196","targetHints":{"allow":["GET"]}}],"collection":[{"href":"https:\/\/gardalaser.it\/fr\/wp-json\/wp\/v2\/product"}],"about":[{"href":"https:\/\/gardalaser.it\/fr\/wp-json\/wp\/v2\/types\/product"}],"wp:featuredmedia":[{"embeddable":true,"href":"https:\/\/gardalaser.it\/fr\/wp-json\/wp\/v2\/media\/5197"}],"wp:attachment":[{"href":"https:\/\/gardalaser.it\/fr\/wp-json\/wp\/v2\/media?parent=5196"}],"wp:term":[{"taxonomy":"product_brand","embeddable":true,"href":"https:\/\/gardalaser.it\/fr\/wp-json\/wp\/v2\/product_brand?post=5196"},{"taxonomy":"product_cat","embeddable":true,"href":"https:\/\/gardalaser.it\/fr\/wp-json\/wp\/v2\/product_cat?post=5196"},{"taxonomy":"product_tag","embeddable":true,"href":"https:\/\/gardalaser.it\/fr\/wp-json\/wp\/v2\/product_tag?post=5196"}],"curies":[{"name":"wp","href":"https:\/\/api.w.org\/{rel}","templated":true}]}}