{"id":5184,"date":"2023-10-30T13:40:02","date_gmt":"2023-10-30T12:40:02","guid":{"rendered":"https:\/\/gardalaser.it\/prodotto\/jw-desensitizing-gel-pack-da-2-pz\/"},"modified":"2024-09-23T14:06:28","modified_gmt":"2024-09-23T12:06:28","slug":"jw-desensitizing-gel-paquet-de-2","status":"publish","type":"product","link":"https:\/\/gardalaser.it\/fr\/produit\/jw-desensitizing-gel-paquet-de-2\/","title":{"rendered":"JW Desensitizing Gel (paquet de 2)"},"content":{"rendered":"","protected":false},"excerpt":{"rendered":"<p>Gel pour le traitement de l&#8217;hypersensibilit\u00e9 dentinaire \u00e0 l&#8217;aide du laser \u00e0 diode<\/p>\n","protected":false},"featured_media":5186,"template":"","meta":{"_acf_changed":false},"product_brand":[],"product_cat":[252],"product_tag":[],"class_list":{"0":"post-5184","1":"product","2":"type-product","3":"status-publish","4":"has-post-thumbnail","6":"tassonomia-enea-fr","7":"tassonomia-enea-duo-fr","8":"tassonomia-ermes-fr","9":"tassonomia-l-e-o-plus-fr","10":"tassonomia-zaira-fr","11":"product_cat-esthetique","13":"first","14":"instock","15":"taxable","16":"shipping-taxable","17":"purchasable","18":"product-type-simple"},"acf":[],"_links":{"self":[{"href":"https:\/\/gardalaser.it\/fr\/wp-json\/wp\/v2\/product\/5184","targetHints":{"allow":["GET"]}}],"collection":[{"href":"https:\/\/gardalaser.it\/fr\/wp-json\/wp\/v2\/product"}],"about":[{"href":"https:\/\/gardalaser.it\/fr\/wp-json\/wp\/v2\/types\/product"}],"wp:featuredmedia":[{"embeddable":true,"href":"https:\/\/gardalaser.it\/fr\/wp-json\/wp\/v2\/media\/5186"}],"wp:attachment":[{"href":"https:\/\/gardalaser.it\/fr\/wp-json\/wp\/v2\/media?parent=5184"}],"wp:term":[{"taxonomy":"product_brand","embeddable":true,"href":"https:\/\/gardalaser.it\/fr\/wp-json\/wp\/v2\/product_brand?post=5184"},{"taxonomy":"product_cat","embeddable":true,"href":"https:\/\/gardalaser.it\/fr\/wp-json\/wp\/v2\/product_cat?post=5184"},{"taxonomy":"product_tag","embeddable":true,"href":"https:\/\/gardalaser.it\/fr\/wp-json\/wp\/v2\/product_tag?post=5184"}],"curies":[{"name":"wp","href":"https:\/\/api.w.org\/{rel}","templated":true}]}}