{"id":5181,"date":"2023-10-20T15:10:31","date_gmt":"2023-10-20T13:10:31","guid":{"rendered":"https:\/\/gardalaser.it\/prodotto\/jw-power-bleaching-next\/"},"modified":"2024-09-23T14:03:28","modified_gmt":"2024-09-23T12:03:28","slug":"jw-power-bleaching-next","status":"publish","type":"product","link":"https:\/\/gardalaser.it\/fr\/produit\/jw-power-bleaching-next\/","title":{"rendered":"JW Power Bleaching NEXT"},"content":{"rendered":"<p><strong>Protecteur gingival<\/strong><\/p>\n<p>Mat\u00e9riau monocomposant destin\u00e9 \u00e0 recouvrir la gencive pendant le traitement avec des gels blanchissants hautement actifs.<\/p>\n<ol>\n<li>Viscosit\u00e9 optimale<\/li>\n<li>Bon comportement d&#8217;\u00e9coulement<\/li>\n<li>Temps de durcissement de seulement 20 sec.<\/li>\n<li>Tr\u00e8s faible d\u00e9gagement de chaleur<\/li>\n<li>Gain de temps consid\u00e9rable par rapport \u00e0 une digue en caoutchouc<\/li>\n<li>Application simple<\/li>\n<li>Couleur bleue<\/li>\n<\/ol>\n<p>&nbsp;<\/p>\n<p><em><strong>Avantages<\/strong><\/em><\/p>\n<ol>\n<li>Application simple<\/li>\n<li>Durcissement rapide<\/li>\n<li>Convivialit\u00e9 pour le patient<\/li>\n<li>Rapide<\/li>\n<li>Protection s\u00fbre<\/li>\n<li>Excellent contraste avec la gencive<\/li>\n<\/ol>\n","protected":false},"excerpt":{"rendered":"<p>JW Power <strong>Bleaching<\/strong> NEXT est la <strong>nouvelle g\u00e9n\u00e9ration du gel de blanchiment<\/strong> laser JW Power <strong>qui a fait ses preuves<\/strong>.<\/p>\n<p>Il est plus facile \u00e0 appliquer gr\u00e2ce \u00e0 la double cartouche et \u00e0 l&#8217;embout m\u00e9langeur et peut d\u00e9sormais \u00eatre activ\u00e9 par laser, par lampe et m\u00eame sans source lumineuse.<\/p>\n<p>JW Power Bleaching NEXT est un gel de blanchiment \u00e0 deux composants dans une cartouche double, contenant 35 % d&#8217;ingr\u00e9dient actif (peroxyde d&#8217;hydrog\u00e8ne) pour blanchir et \u00e9claircir rapidement les dents d\u00e9color\u00e9es et d\u00e9vitalis\u00e9es.<\/p>\n","protected":false},"featured_media":5182,"template":"","meta":{"_acf_changed":false},"product_brand":[],"product_cat":[252],"product_tag":[],"class_list":{"0":"post-5181","1":"product","2":"type-product","3":"status-publish","4":"has-post-thumbnail","6":"tassonomia-dentisterie","7":"product_cat-esthetique","9":"first","10":"instock","11":"taxable","12":"shipping-taxable","13":"purchasable","14":"product-type-simple"},"acf":[],"_links":{"self":[{"href":"https:\/\/gardalaser.it\/fr\/wp-json\/wp\/v2\/product\/5181","targetHints":{"allow":["GET"]}}],"collection":[{"href":"https:\/\/gardalaser.it\/fr\/wp-json\/wp\/v2\/product"}],"about":[{"href":"https:\/\/gardalaser.it\/fr\/wp-json\/wp\/v2\/types\/product"}],"wp:featuredmedia":[{"embeddable":true,"href":"https:\/\/gardalaser.it\/fr\/wp-json\/wp\/v2\/media\/5182"}],"wp:attachment":[{"href":"https:\/\/gardalaser.it\/fr\/wp-json\/wp\/v2\/media?parent=5181"}],"wp:term":[{"taxonomy":"product_brand","embeddable":true,"href":"https:\/\/gardalaser.it\/fr\/wp-json\/wp\/v2\/product_brand?post=5181"},{"taxonomy":"product_cat","embeddable":true,"href":"https:\/\/gardalaser.it\/fr\/wp-json\/wp\/v2\/product_cat?post=5181"},{"taxonomy":"product_tag","embeddable":true,"href":"https:\/\/gardalaser.it\/fr\/wp-json\/wp\/v2\/product_tag?post=5181"}],"curies":[{"name":"wp","href":"https:\/\/api.w.org\/{rel}","templated":true}]}}