{"id":5178,"date":"2024-03-11T14:43:57","date_gmt":"2024-03-11T13:43:57","guid":{"rendered":"https:\/\/gardalaser.it\/prodotto\/occhiali-per-laser-450-532-1064nm\/"},"modified":"2024-09-23T14:01:22","modified_gmt":"2024-09-23T12:01:22","slug":"lunettes-pour-lasers-450-532-1064nm","status":"publish","type":"product","link":"https:\/\/gardalaser.it\/fr\/produit\/lunettes-pour-lasers-450-532-1064nm\/","title":{"rendered":"Lunettes pour lasers 450-532-1064nm"},"content":{"rendered":"<p><strong>Informations sur le produit<\/strong><\/p>\n<ul>\n<li>Application : Excimer (193 nm), UV (248 nm), Nd:YAG 4x (266 nm), Nd:YAG 3x (355 nm), Laser \u00e0 lumi\u00e8re bleue (450 &#8211; 480 nm), Argon (515 nm), Nd : YAG 2x (532 nm), Ti:Sapphire (800 nm), Diode (808 nm), Diode (940 nm), Disque (1030 nm), Nd:YAG (1064 nm), Faser (976 &#8211; 1080 nm), CO2 (10600 nm)<\/li>\n<li>VLT (transmission de la lumi\u00e8re visible) : 30%.<\/li>\n<li>Couleur du filtre : orange<\/li>\n<li>Mat\u00e9riau du filtre : polym\u00e8re<\/li>\n<li>\u00c9paisseur du filtre : 2,0 mm<\/li>\n<li>Couleur de la monture : noir\/blanc<\/li>\n<\/ul>\n<p>&nbsp;<\/p>\n<p><strong>Monture pour les lunettes ONTOR :<\/strong><\/p>\n<ul>\n<li>lunettes de sport<\/li>\n<li>champ de vision tr\u00e8s large<\/li>\n<li>r\u00e9glage individuel de la longueur et de l&#8217;angle des branches<\/li>\n<li>confort parfait gr\u00e2ce \u00e0 la mousse faciale caoutchout\u00e9e<\/li>\n<\/ul>\n<p>&nbsp;<\/p>\n<table>\n<tbody>\n<tr>\n<td><strong>Longueurs d&#8217;onde<\/strong><\/td>\n<td><strong>Niveaux de protection<\/strong><\/td>\n<\/tr>\n<tr>\n<td>180-315<\/td>\n<td>D LB10 + IR LB5 + M LB6Y (OD10+)<\/td>\n<\/tr>\n<tr>\n<td><strong>&gt;315-532<\/strong><\/td>\n<td><strong>D LB6 + IR LB8 + M LB10 (OD10+)<\/strong><\/td>\n<\/tr>\n<tr>\n<td><strong>&gt;532-534<\/strong><\/td>\n<td><strong>D LB6 + IR LB7 (OD7+)<\/strong><\/td>\n<\/tr>\n<tr>\n<td><strong>&gt;534-536<\/strong><\/td>\n<td><strong>DIR LB6 (OD6+)<\/strong><\/td>\n<\/tr>\n<tr>\n<td><strong>&gt;536-538<\/strong><\/td>\n<td><strong>DIR LB5 (OD5+)<\/strong><\/td>\n<\/tr>\n<tr>\n<td>&gt;538-541<\/td>\n<td>DIR LB4 (OD4+)<\/td>\n<\/tr>\n<tr>\n<td>&gt;541-544<\/td>\n<td>DIR LB3 (OD3+)<\/td>\n<\/tr>\n<tr>\n<td>&gt;544-548<\/td>\n<td>DIR LB2 (OD2+)<\/td>\n<\/tr>\n<tr>\n<td>&gt;548-554<\/td>\n<td>DIR LB1 (OD1+)<\/td>\n<\/tr>\n<tr>\n<td>682-727<\/td>\n<td>DIR LB1 (OD1+)<\/td>\n<\/tr>\n<tr>\n<td>&gt;727-759<\/td>\n<td>DIR LB2 (OD2+)<\/td>\n<\/tr>\n<tr>\n<td>&gt;759-785<\/td>\n<td>DIR LB3 (OD3+)<\/td>\n<\/tr>\n<tr>\n<td>&gt;785-819<\/td>\n<td>DIR LB4 (OD4+)<\/td>\n<\/tr>\n<tr>\n<td><strong>&gt;819-851<\/strong><\/td>\n<td><strong>DIR LB5 (OD5+)<\/strong><\/td>\n<\/tr>\n<tr>\n<td><strong>&gt;851-882<\/strong><\/td>\n<td><strong>D LB6 + IRM LB7 (OD7+)<\/strong><\/td>\n<\/tr>\n<tr>\n<td><strong>&gt;882-924<\/strong><\/td>\n<td><strong>D LB6 + IRM LB8 (OD8+)<\/strong><\/td>\n<\/tr>\n<tr>\n<td><strong>&gt;924-1071<\/strong><\/td>\n<td><strong>D LB6 + IRM LB9 (OD9+)<\/strong><\/td>\n<\/tr>\n<tr>\n<td><strong>950-1065<\/strong><\/td>\n<td><strong>D LB6 + IR LB9 + M LB10 (OD10+)<\/strong><\/td>\n<\/tr>\n<tr>\n<td><strong>&gt;1071-1078<\/strong><\/td>\n<td><strong>D LB6 + IRM LB8 (OD8+)<\/strong><\/td>\n<\/tr>\n<tr>\n<td><strong>&gt;1078-1080<\/strong><\/td>\n<td><strong>D LB6 + IRM LB7 (OD7+)<\/strong><\/td>\n<\/tr>\n<tr>\n<td><strong>&gt;1080-1082<\/strong><\/td>\n<td><strong>DIR LB6 (OD6+)<\/strong><\/td>\n<\/tr>\n<tr>\n<td><strong>&gt;1082-1085<\/strong><\/td>\n<td><strong>DIR LB5 (OD5+)<\/strong><\/td>\n<\/tr>\n<tr>\n<td>&gt;1085-1101<\/td>\n<td>DIR LB4 (OD4+)<\/td>\n<\/tr>\n<tr>\n<td>&gt;1101-1117<\/td>\n<td>DIR LB3 (OD3+)<\/td>\n<\/tr>\n<tr>\n<td>&gt;1117-1133<\/td>\n<td>DIR LB2 (OD2+)<\/td>\n<\/tr>\n<tr>\n<td>&gt;1133-1164<\/td>\n<td>DIR LB1 (OD1+)<\/td>\n<\/tr>\n<tr>\n<td>&gt;5140-11500<\/td>\n<td>DI LB4 + R LB3Y (OD4+)<\/td>\n<\/tr>\n<tr>\n<td><\/td>\n<td>PFCE<\/td>\n<\/tr>\n<\/tbody>\n<\/table>\n","protected":false},"excerpt":{"rendered":"<p>ONTOR est une <strong>lunette de s\u00e9curit\u00e9 laser l\u00e9g\u00e8re<\/strong>, fabriqu\u00e9e \u00e0 partir de polym\u00e8res sp\u00e9ciaux, qui constitue la solution parfaite pour \u00eatre port\u00e9e par-dessus des lunettes de vue. Cette monture offre un large champ de vision et une protection contre les impacts lat\u00e9raux. Les branches peuvent \u00eatre ajust\u00e9es individuellement et une mousse faciale souple et bien \u00e9tanche am\u00e9liore le confort.<\/p>\n<p>Le <strong>filtre de s\u00e9curit\u00e9 laser 0278<\/strong> convient \u00e0 de nombreux lasers tels que le <strong>laser<\/strong> <strong>excimer (193 nm)<\/strong>, le <strong>laser UV (248 nm)<\/strong>, le <strong>laser<\/strong> <strong>Nd:YAG 4x (266 nm)<\/strong>, le <strong>laser<\/strong> <strong>Nd:YAG 3x (355 nm)<\/strong>, le <strong>laser Blaulicht (450 &#8211; 480 nm)<\/strong>, l <strong>&#8216;argon (515 nm)<\/strong>, le <strong>laser Nd :<\/strong> <strong>YAG 2x (532 nm)<\/strong>, <strong>Ti:Saphir (800 nm)<\/strong>, <strong>Diode (<\/strong> <strong>808 nm)<\/strong>, <strong>Diode (940 nm)<\/strong>, <strong>Disque (1030 nm)<\/strong>, <strong>Nd:YAG (1064 nm)<\/strong>, <strong>Fibre (976 &#8211; 1080 nm)<\/strong> et <strong>CO2 (10600 nm)<\/strong>. Le filtre de s\u00e9curit\u00e9 laser est fabriqu\u00e9 en plastique orange fonc\u00e9 sp\u00e9cial et offre une transmission visuelle de la lumi\u00e8re (VLT) de 30 % et une faible \u00e9paisseur de filtre. Le filtre de s\u00e9curit\u00e9 laser est <strong>certifi\u00e9 CE<\/strong> conform\u00e9ment aux exigences de la <strong>norme EN 207.<\/strong><\/p>\n<p><a href=\"https:\/\/gardalaser.it\/wp-content\/uploads\/2024\/03\/DB-000-K0278-ONTO-DE-EN.pdf\"><strong>Voir le PDF<\/strong><\/a><\/p>\n","protected":false},"featured_media":5179,"template":"","meta":{"_acf_changed":false},"product_brand":[],"product_cat":[241],"product_tag":[],"class_list":{"0":"post-5178","1":"product","2":"type-product","3":"status-publish","4":"has-post-thumbnail","6":"tassonomia-dentisterie","7":"tassonomia-enea-duo-fr","8":"tassonomia-enea-trio-fr","9":"tassonomia-ermes-fr","10":"tassonomia-gynecologie","11":"tassonomia-oto-rhino-laryngologie","12":"tassonomia-physiotherapie","13":"tassonomia-podologie","14":"tassonomia-veterinaire","15":"tassonomia-zaira-fr","16":"product_cat-lunettes-de-protection","18":"first","19":"instock","20":"taxable","21":"shipping-taxable","22":"purchasable","23":"product-type-simple"},"acf":[],"_links":{"self":[{"href":"https:\/\/gardalaser.it\/fr\/wp-json\/wp\/v2\/product\/5178","targetHints":{"allow":["GET"]}}],"collection":[{"href":"https:\/\/gardalaser.it\/fr\/wp-json\/wp\/v2\/product"}],"about":[{"href":"https:\/\/gardalaser.it\/fr\/wp-json\/wp\/v2\/types\/product"}],"wp:featuredmedia":[{"embeddable":true,"href":"https:\/\/gardalaser.it\/fr\/wp-json\/wp\/v2\/media\/5179"}],"wp:attachment":[{"href":"https:\/\/gardalaser.it\/fr\/wp-json\/wp\/v2\/media?parent=5178"}],"wp:term":[{"taxonomy":"product_brand","embeddable":true,"href":"https:\/\/gardalaser.it\/fr\/wp-json\/wp\/v2\/product_brand?post=5178"},{"taxonomy":"product_cat","embeddable":true,"href":"https:\/\/gardalaser.it\/fr\/wp-json\/wp\/v2\/product_cat?post=5178"},{"taxonomy":"product_tag","embeddable":true,"href":"https:\/\/gardalaser.it\/fr\/wp-json\/wp\/v2\/product_tag?post=5178"}],"curies":[{"name":"wp","href":"https:\/\/api.w.org\/{rel}","templated":true}]}}