{"id":5170,"date":"2024-03-11T11:00:22","date_gmt":"2024-03-11T10:00:22","guid":{"rendered":"https:\/\/gardalaser.it\/prodotto\/occhiali-protettivi-per-laser-450-532nm\/"},"modified":"2024-09-23T13:52:21","modified_gmt":"2024-09-23T11:52:21","slug":"lunettes-de-protection-pour-les-lasers-450-532nm","status":"publish","type":"product","link":"https:\/\/gardalaser.it\/fr\/produit\/lunettes-de-protection-pour-les-lasers-450-532nm\/","title":{"rendered":"Lunettes de protection pour les lasers 450-532nm"},"content":{"rendered":"<p><strong>Informations sur le produit :<\/strong><\/p>\n<ul>\n<li>Application : Excimer (193 nm), UV (248 nm), Nd:YAG 4x (266 nm), Nd:YAG 3x (355 nm), laser \u00e0 lumi\u00e8re bleue (450 &#8211; 480 nm), Argon (515 nm), Nd:YAG 2x (532 nm), KTP (532 nm).<\/li>\n<li>VLT (transmission de la lumi\u00e8re visible) : 42%.<\/li>\n<li>Couleur du filtre : orange<\/li>\n<li>Mat\u00e9riau du filtre : polym\u00e8re<\/li>\n<li>\u00c9paisseur du filtre : 2,0 mm<\/li>\n<li>Couleur de la monture : noir\/blanc<\/li>\n<\/ul>\n<p><strong>Monture pour les lunettes ONTOR :<\/strong><\/p>\n<ul>\n<li>lunettes de sport<\/li>\n<li>champ de vision tr\u00e8s large<\/li>\n<li>r\u00e9glage individuel de la longueur et de l&#8217;angle des branches<\/li>\n<li>confort parfait gr\u00e2ce \u00e0 la mousse faciale caoutchout\u00e9e<\/li>\n<\/ul>\n<p>&nbsp;<\/p>\n<table>\n<tbody>\n<tr>\n<td><strong>Longueurs d&#8217;onde<\/strong><\/td>\n<td><strong>Niveaux de protection<\/strong><\/td>\n<\/tr>\n<tr>\n<td>180-315<\/td>\n<td>D LB10 + IR LB5 + M LB6Y (OD10+)<\/td>\n<\/tr>\n<tr>\n<td><strong>&gt;315-532<\/strong><\/td>\n<td><strong>D LB6 + IRM LB8 (OD8+)<\/strong><\/td>\n<\/tr>\n<tr>\n<td><strong>&gt;532-534<\/strong><\/td>\n<td><strong>D LB6 + IRM LB7 (OD7+)<\/strong><\/td>\n<\/tr>\n<tr>\n<td><strong>&gt;534-536<\/strong><\/td>\n<td><strong>DIRM LB6 (OD6+)<\/strong><\/td>\n<\/tr>\n<tr>\n<td><strong>&gt;536-538<\/strong><\/td>\n<td><strong>DIRM LB5 (OD5+)<\/strong><\/td>\n<\/tr>\n<tr>\n<td>&gt;538-540<\/td>\n<td>DIRM LB4 (OD4+)<\/td>\n<\/tr>\n<tr>\n<td>&gt;540-542<\/td>\n<td>DIRM LB3 (OD3+)<\/td>\n<\/tr>\n<tr>\n<td>&gt;542-544<\/td>\n<td>DIRM LB2 (OD2+)<\/td>\n<\/tr>\n<tr>\n<td>&gt;544-548<\/td>\n<td>DIRM LB1 (OD1+)<\/td>\n<\/tr>\n<tr>\n<td>&gt;4004-4625<\/td>\n<td>DIR LB2 (OD2+)<\/td>\n<\/tr>\n<tr>\n<td>&gt;4625-4770<\/td>\n<td>DIR LB1 (OD3+)<\/td>\n<\/tr>\n<tr>\n<td>&gt;4770-5170<\/td>\n<td>DI LB3 + R LB3Y (OD3+)<\/td>\n<\/tr>\n<tr>\n<td>&gt;5170-11500<\/td>\n<td>DI LB4 + R LB3Y (OD4+)<\/td>\n<\/tr>\n<tr>\n<td><\/td>\n<td>PFCE<\/td>\n<\/tr>\n<\/tbody>\n<\/table>\n","protected":false},"excerpt":{"rendered":"<p>ONTOR est une <strong>lunette de s\u00e9curit\u00e9 laser l\u00e9g\u00e8re<\/strong>, fabriqu\u00e9e \u00e0 partir de polym\u00e8res sp\u00e9ciaux, qui constitue la solution parfaite pour \u00eatre port\u00e9e par-dessus des lunettes de vue. Cette monture offre un large champ de vision et une protection contre les impacts lat\u00e9raux. Les branches peuvent \u00eatre ajust\u00e9es individuellement et une mousse faciale souple et bien \u00e9tanche am\u00e9liore le confort.<\/p>\n<p>Le <strong>filtre de s\u00e9curit\u00e9 laser 0277<\/strong> convient aux puissants <strong>lasers<\/strong> <strong>Nd:YAG 4x (266 nm)<\/strong>, <strong>Nd:YAG 3x (355 nm)<\/strong>, <strong>Blaulicht-Laser (450 &#8211; 480 nm)<\/strong>, <strong>Argon (515 nm)<\/strong>, <strong>Nd:YAG 2x (532 nm)<\/strong> et <strong>KTP (532 nm)<\/strong>. Le filtre de s\u00e9curit\u00e9 laser est constitu\u00e9 d&#8217;un polycarbonate orange et offre une transmission visuelle de la lumi\u00e8re (VLT) \u00e9lev\u00e9e de 42 % en raison de la faible \u00e9paisseur du filtre. Le filtre de s\u00e9curit\u00e9 laser est <strong>certifi\u00e9 CE<\/strong> conform\u00e9ment aux exigences de la <strong>norme EN 207.<\/strong><\/p>\n<p><a href=\"https:\/\/gardalaser.it\/wp-content\/uploads\/2024\/03\/DB-000-K0277-ONTO-DE-EN.pdf\"><strong>Voir le PDF<\/strong><\/a><\/p>\n","protected":false},"featured_media":5171,"template":"","meta":{"_acf_changed":false},"product_brand":[],"product_cat":[241],"product_tag":[],"class_list":{"0":"post-5170","1":"product","2":"type-product","3":"status-publish","4":"has-post-thumbnail","6":"tassonomia-dentisterie","7":"tassonomia-enea-duo-fr","8":"tassonomia-enea-trio-fr","9":"tassonomia-ermes-fr","10":"tassonomia-gynecologie","11":"tassonomia-hygiene-dentaire","12":"tassonomia-oto-rhino-laryngologie","13":"tassonomia-physiotherapie","14":"tassonomia-podologie","15":"tassonomia-veterinaire","16":"product_cat-lunettes-de-protection","18":"first","19":"onbackorder","20":"taxable","21":"shipping-taxable","22":"purchasable","23":"product-type-simple"},"acf":[],"_links":{"self":[{"href":"https:\/\/gardalaser.it\/fr\/wp-json\/wp\/v2\/product\/5170","targetHints":{"allow":["GET"]}}],"collection":[{"href":"https:\/\/gardalaser.it\/fr\/wp-json\/wp\/v2\/product"}],"about":[{"href":"https:\/\/gardalaser.it\/fr\/wp-json\/wp\/v2\/types\/product"}],"wp:featuredmedia":[{"embeddable":true,"href":"https:\/\/gardalaser.it\/fr\/wp-json\/wp\/v2\/media\/5171"}],"wp:attachment":[{"href":"https:\/\/gardalaser.it\/fr\/wp-json\/wp\/v2\/media?parent=5170"}],"wp:term":[{"taxonomy":"product_brand","embeddable":true,"href":"https:\/\/gardalaser.it\/fr\/wp-json\/wp\/v2\/product_brand?post=5170"},{"taxonomy":"product_cat","embeddable":true,"href":"https:\/\/gardalaser.it\/fr\/wp-json\/wp\/v2\/product_cat?post=5170"},{"taxonomy":"product_tag","embeddable":true,"href":"https:\/\/gardalaser.it\/fr\/wp-json\/wp\/v2\/product_tag?post=5170"}],"curies":[{"name":"wp","href":"https:\/\/api.w.org\/{rel}","templated":true}]}}