{"id":5167,"date":"2022-05-04T08:55:22","date_gmt":"2022-05-04T06:55:22","guid":{"rendered":"https:\/\/gardalaser.it\/prodotto\/manipolo-terapia-60\/"},"modified":"2024-09-23T13:40:58","modified_gmt":"2024-09-23T11:40:58","slug":"piece-a-main-therapeutique-60","status":"publish","type":"product","link":"https:\/\/gardalaser.it\/fr\/produit\/piece-a-main-therapeutique-60\/","title":{"rendered":"Pi\u00e8ce \u00e0 main th\u00e9rapeutique 60"},"content":{"rendered":"<ul>\n<li>Connecteur SMA 905<\/li>\n<li>ouverture nominale standard de 0,22<\/li>\n<li>longueurs d&#8217;onde de 400nm \u00e0 1500nm<\/li>\n<li>longueur 3m<\/li>\n<li>cycle de caoutchouc autoclavable 121\u00b0 C pendant 15 minutes<\/li>\n<\/ul>\n","protected":false},"excerpt":{"rendered":"<p>Pi\u00e8ce \u00e0 main th\u00e9rapeutique 60<\/p>\n","protected":false},"featured_media":5168,"template":"","meta":{"_acf_changed":false},"product_brand":[],"product_cat":[243],"product_tag":[],"class_list":{"0":"post-5167","1":"product","2":"type-product","3":"status-publish","4":"has-post-thumbnail","6":"tassonomia-dentisterie","7":"tassonomia-enea-fr","8":"tassonomia-enea-duo-fr","9":"tassonomia-enea-trio-fr","10":"tassonomia-ermes-fr","11":"tassonomia-esthetique","12":"tassonomia-hygiene-dentaire","13":"tassonomia-oto-rhino-laryngologie","14":"tassonomia-physiotherapie","15":"tassonomia-podologie","16":"tassonomia-veterinaire","17":"tassonomia-zaira-fr","18":"product_cat-pieces-a-main-therapeutiques","20":"first","21":"instock","22":"taxable","23":"shipping-taxable","24":"purchasable","25":"product-type-simple"},"acf":[],"_links":{"self":[{"href":"https:\/\/gardalaser.it\/fr\/wp-json\/wp\/v2\/product\/5167","targetHints":{"allow":["GET"]}}],"collection":[{"href":"https:\/\/gardalaser.it\/fr\/wp-json\/wp\/v2\/product"}],"about":[{"href":"https:\/\/gardalaser.it\/fr\/wp-json\/wp\/v2\/types\/product"}],"wp:featuredmedia":[{"embeddable":true,"href":"https:\/\/gardalaser.it\/fr\/wp-json\/wp\/v2\/media\/5168"}],"wp:attachment":[{"href":"https:\/\/gardalaser.it\/fr\/wp-json\/wp\/v2\/media?parent=5167"}],"wp:term":[{"taxonomy":"product_brand","embeddable":true,"href":"https:\/\/gardalaser.it\/fr\/wp-json\/wp\/v2\/product_brand?post=5167"},{"taxonomy":"product_cat","embeddable":true,"href":"https:\/\/gardalaser.it\/fr\/wp-json\/wp\/v2\/product_cat?post=5167"},{"taxonomy":"product_tag","embeddable":true,"href":"https:\/\/gardalaser.it\/fr\/wp-json\/wp\/v2\/product_tag?post=5167"}],"curies":[{"name":"wp","href":"https:\/\/api.w.org\/{rel}","templated":true}]}}