{"id":5149,"date":"2024-03-11T10:13:12","date_gmt":"2024-03-11T09:13:12","guid":{"rendered":"https:\/\/gardalaser.it\/prodotto\/occhiali-per-laser-1470-1520-1940nm\/"},"modified":"2024-09-23T12:20:13","modified_gmt":"2024-09-23T10:20:13","slug":"lunettes-de-protection-laser-1470-1520-1940nm","status":"publish","type":"product","link":"https:\/\/gardalaser.it\/fr\/produit\/lunettes-de-protection-laser-1470-1520-1940nm\/","title":{"rendered":"Lunettes de protection laser 1470-1520-1940nm"},"content":{"rendered":"<p><strong>Informations sur le produit<\/strong><\/p>\n<ul>\n<li>Application : Ho:YAG (2100 nm), Thulium (1480 + 1940 nm), Er:glass (1540 nm), Telecom (1320 nm)<\/li>\n<li>VLT (transmission de la lumi\u00e8re visible) : 25%.<\/li>\n<li>Couleur du filtre : gris<\/li>\n<li>Mat\u00e9riau du filtre : polym\u00e8re<\/li>\n<li>\u00c9paisseur du filtre : 2,0 mm<\/li>\n<li>Couleur de la monture : noir\/blanc<\/li>\n<\/ul>\n<p><strong>Monture pour les lunettes ONTOR :<\/strong><\/p>\n<ul>\n<li>lunettes de sport<\/li>\n<li>champ de vision tr\u00e8s large<\/li>\n<li>r\u00e9glage individuel de la longueur et de l&#8217;angle des branches<\/li>\n<li>confort parfait gr\u00e2ce \u00e0 la mousse faciale caoutchout\u00e9e<\/li>\n<\/ul>\n<p>&nbsp;<\/p>\n<table>\n<tbody>\n<tr>\n<td><strong>Longueurs d&#8217;onde<\/strong><\/td>\n<td><strong>Niveaux de protection<\/strong><\/td>\n<\/tr>\n<tr>\n<td>180-315<\/td>\n<td>D LB10 + IR LB5 + M LB6Y (OD10+)<\/td>\n<\/tr>\n<tr>\n<td>800-1000<\/td>\n<td>DIR LB1 (OD1+)<\/td>\n<\/tr>\n<tr>\n<td>&gt;1000-1300<\/td>\n<td>DIR LB2 (OD2+)<\/td>\n<\/tr>\n<tr>\n<td>&gt;1300-1400<\/td>\n<td>DIR LB3 (OD3+)<\/td>\n<\/tr>\n<tr>\n<td>&gt;1400-1430<\/td>\n<td>DIR LB3 + M LB3Y (OD3+)<\/td>\n<\/tr>\n<tr>\n<td><strong>&gt;1430-11.500<\/strong><\/td>\n<td><strong>DI LB4 + R LB3Y + M LB4Y (OD4+)<\/strong><\/td>\n<\/tr>\n<tr>\n<td><\/td>\n<td>PF SCE<\/td>\n<\/tr>\n<\/tbody>\n<\/table>\n","protected":false},"excerpt":{"rendered":"<p>ONTOR est une <strong>lunette de s\u00e9curit\u00e9 laser l\u00e9g\u00e8re<\/strong>, fabriqu\u00e9e \u00e0 partir de polym\u00e8res sp\u00e9ciaux, qui constitue la solution parfaite pour \u00eatre port\u00e9e par-dessus des lunettes de vue. Cette monture offre un large champ de vision et une protection contre les impacts lat\u00e9raux. Les branches peuvent \u00eatre ajust\u00e9es individuellement et une mousse faciale souple et bien \u00e9tanche am\u00e9liore le confort.<\/p>\n<p>Le <strong>filtre de s\u00e9curit\u00e9 laser 0342<\/strong> est particuli\u00e8rement adapt\u00e9 aux <strong>lasers<\/strong> <strong>excimer, UV, Tm:diode, Er:glass, t\u00e9l\u00e9communication, tulium, Ho:YAG, Er:YAG<\/strong> et <strong>CO2,<\/strong> mais il couvre \u00e9galement d&#8217;autres longueurs d&#8217;onde. Le filtre de s\u00e9curit\u00e9 laser est fabriqu\u00e9 en polycarbonate gris et offre une transmission visuelle de la lumi\u00e8re (VLT) de 25 % et une faible \u00e9paisseur de filtre. Le filtre de s\u00e9curit\u00e9 laser est <strong>certifi\u00e9 CE<\/strong> conform\u00e9ment aux exigences de la <strong>norme EN 207.<\/strong><\/p>\n<p><a href=\"https:\/\/gardalaser.it\/wp-content\/uploads\/2024\/03\/DB-000-K0342-ONTO-DE-EN.pdf\"><strong>Fiche technique PDF<\/strong><\/a><\/p>\n","protected":false},"featured_media":5150,"template":"","meta":{"_acf_changed":false},"product_brand":[],"product_cat":[241],"product_tag":[],"class_list":{"0":"post-5149","1":"product","2":"type-product","3":"status-publish","4":"has-post-thumbnail","6":"tassonomia-dentisterie","7":"tassonomia-enea-duo-fr","8":"tassonomia-enea-trio-fr","9":"tassonomia-gynecologie","10":"tassonomia-oto-rhino-laryngologie","11":"tassonomia-physiotherapie","12":"tassonomia-podologie","13":"tassonomia-veterinaire","14":"tassonomia-zaira-fr","15":"product_cat-lunettes-de-protection","17":"first","18":"instock","19":"taxable","20":"shipping-taxable","21":"purchasable","22":"product-type-simple"},"acf":[],"_links":{"self":[{"href":"https:\/\/gardalaser.it\/fr\/wp-json\/wp\/v2\/product\/5149","targetHints":{"allow":["GET"]}}],"collection":[{"href":"https:\/\/gardalaser.it\/fr\/wp-json\/wp\/v2\/product"}],"about":[{"href":"https:\/\/gardalaser.it\/fr\/wp-json\/wp\/v2\/types\/product"}],"wp:featuredmedia":[{"embeddable":true,"href":"https:\/\/gardalaser.it\/fr\/wp-json\/wp\/v2\/media\/5150"}],"wp:attachment":[{"href":"https:\/\/gardalaser.it\/fr\/wp-json\/wp\/v2\/media?parent=5149"}],"wp:term":[{"taxonomy":"product_brand","embeddable":true,"href":"https:\/\/gardalaser.it\/fr\/wp-json\/wp\/v2\/product_brand?post=5149"},{"taxonomy":"product_cat","embeddable":true,"href":"https:\/\/gardalaser.it\/fr\/wp-json\/wp\/v2\/product_cat?post=5149"},{"taxonomy":"product_tag","embeddable":true,"href":"https:\/\/gardalaser.it\/fr\/wp-json\/wp\/v2\/product_tag?post=5149"}],"curies":[{"name":"wp","href":"https:\/\/api.w.org\/{rel}","templated":true}]}}