{"id":5144,"date":"2022-05-05T09:59:54","date_gmt":"2022-05-05T07:59:54","guid":{"rendered":"https:\/\/gardalaser.it\/prodotto\/manipolo-ginecologico\/"},"modified":"2024-09-23T12:17:17","modified_gmt":"2024-09-23T10:17:17","slug":"piece-a-main-gynecologique","status":"publish","type":"product","link":"https:\/\/gardalaser.it\/fr\/produit\/piece-a-main-gynecologique\/","title":{"rendered":"Pi\u00e8ce \u00e0 main gyn\u00e9cologique"},"content":{"rendered":"<ul>\n<li>connecteur standard SMA 905<\/li>\n<li>ouverture nominale 0,22<\/li>\n<li>longueur d&#8217;onde 808nm\/980nm\/1470nm<\/li>\n<li>longueur 2m<\/li>\n<li>puissance max. 30 W<\/li>\n<li>cycle de caoutchouc autoclavable 121\u00b0 C pendant 15 minutes<\/li>\n<\/ul>\n","protected":false},"excerpt":{"rendered":"<p>Pi\u00e8ce \u00e0 main utilis\u00e9e pour effectuer des traitements gyn\u00e9cologiques dans le cadre d&#8217;une th\u00e9rapie assist\u00e9e par laser peu invasive<\/p>\n","protected":false},"featured_media":5147,"template":"","meta":{"_acf_changed":false},"product_brand":[],"product_cat":[251],"product_tag":[],"class_list":{"0":"post-5144","1":"product","2":"type-product","3":"status-publish","4":"has-post-thumbnail","6":"tassonomia-enea-fr","7":"tassonomia-enea-duo-fr","8":"tassonomia-enea-trio-fr","9":"tassonomia-ermes-fr","10":"tassonomia-gynecologie","11":"tassonomia-veterinaire","12":"tassonomia-zaira-fr","13":"product_cat-pieces-a-main-pour-la-gynecologie","14":"product_shipping_class-spedizione-assicurata-fascia-alta-fr","16":"first","17":"instock","18":"taxable","19":"shipping-taxable","20":"purchasable","21":"product-type-simple"},"acf":[],"_links":{"self":[{"href":"https:\/\/gardalaser.it\/fr\/wp-json\/wp\/v2\/product\/5144","targetHints":{"allow":["GET"]}}],"collection":[{"href":"https:\/\/gardalaser.it\/fr\/wp-json\/wp\/v2\/product"}],"about":[{"href":"https:\/\/gardalaser.it\/fr\/wp-json\/wp\/v2\/types\/product"}],"wp:featuredmedia":[{"embeddable":true,"href":"https:\/\/gardalaser.it\/fr\/wp-json\/wp\/v2\/media\/5147"}],"wp:attachment":[{"href":"https:\/\/gardalaser.it\/fr\/wp-json\/wp\/v2\/media?parent=5144"}],"wp:term":[{"taxonomy":"product_brand","embeddable":true,"href":"https:\/\/gardalaser.it\/fr\/wp-json\/wp\/v2\/product_brand?post=5144"},{"taxonomy":"product_cat","embeddable":true,"href":"https:\/\/gardalaser.it\/fr\/wp-json\/wp\/v2\/product_cat?post=5144"},{"taxonomy":"product_tag","embeddable":true,"href":"https:\/\/gardalaser.it\/fr\/wp-json\/wp\/v2\/product_tag?post=5144"}],"curies":[{"name":"wp","href":"https:\/\/api.w.org\/{rel}","templated":true}]}}