{"id":5141,"date":"2022-05-05T09:47:43","date_gmt":"2022-05-05T07:47:43","guid":{"rendered":"https:\/\/gardalaser.it\/prodotto\/manipolo-zoom\/"},"modified":"2024-09-23T12:13:35","modified_gmt":"2024-09-23T10:13:35","slug":"piece-a-main-zoom","status":"publish","type":"product","link":"https:\/\/gardalaser.it\/fr\/produit\/piece-a-main-zoom\/","title":{"rendered":"Pi\u00e8ce \u00e0 main Zoom"},"content":{"rendered":"<ul>\n<li>connecteur standard SMA 905<\/li>\n<li>ouverture nominale de 0,22<\/li>\n<li>longueurs d&#8217;onde 400nm OU 800-1100nm<\/li>\n<li>longueur 2m<\/li>\n<li>cycle de caoutchouc autoclavable 121\u00b0 C pendant 15 minutes<\/li>\n<\/ul>\n","protected":false},"excerpt":{"rendered":"<p>Pi\u00e8ce \u00e0 main ZOOM avec spacer avec spot r\u00e9glable de 0,1 \u00e0 3mm<\/p>\n","protected":false},"featured_media":5142,"template":"","meta":{"_acf_changed":false},"product_brand":[],"product_cat":[245],"product_tag":[],"class_list":{"0":"post-5141","1":"product","2":"type-product","3":"status-publish","4":"has-post-thumbnail","6":"tassonomia-dentisterie","7":"tassonomia-enea-fr","8":"tassonomia-enea-duo-fr","9":"tassonomia-enea-trio-fr","10":"tassonomia-ermes-fr","11":"tassonomia-esthetique","12":"tassonomia-hygiene-dentaire","13":"tassonomia-oto-rhino-laryngologie","14":"tassonomia-physiotherapie","15":"tassonomia-podologie","16":"tassonomia-veterinaire","17":"tassonomia-zaira-fr","18":"product_cat-pieces-a-main-chirurgicales","19":"product_shipping_class-spedizione-assicurata-fr","21":"first","22":"instock","23":"taxable","24":"shipping-taxable","25":"purchasable","26":"product-type-simple"},"acf":[],"_links":{"self":[{"href":"https:\/\/gardalaser.it\/fr\/wp-json\/wp\/v2\/product\/5141","targetHints":{"allow":["GET"]}}],"collection":[{"href":"https:\/\/gardalaser.it\/fr\/wp-json\/wp\/v2\/product"}],"about":[{"href":"https:\/\/gardalaser.it\/fr\/wp-json\/wp\/v2\/types\/product"}],"wp:featuredmedia":[{"embeddable":true,"href":"https:\/\/gardalaser.it\/fr\/wp-json\/wp\/v2\/media\/5142"}],"wp:attachment":[{"href":"https:\/\/gardalaser.it\/fr\/wp-json\/wp\/v2\/media?parent=5141"}],"wp:term":[{"taxonomy":"product_brand","embeddable":true,"href":"https:\/\/gardalaser.it\/fr\/wp-json\/wp\/v2\/product_brand?post=5141"},{"taxonomy":"product_cat","embeddable":true,"href":"https:\/\/gardalaser.it\/fr\/wp-json\/wp\/v2\/product_cat?post=5141"},{"taxonomy":"product_tag","embeddable":true,"href":"https:\/\/gardalaser.it\/fr\/wp-json\/wp\/v2\/product_tag?post=5141"}],"curies":[{"name":"wp","href":"https:\/\/api.w.org\/{rel}","templated":true}]}}