{"id":5127,"date":"2022-05-04T12:03:56","date_gmt":"2022-05-04T10:03:56","guid":{"rendered":"https:\/\/gardalaser.it\/prodotto\/beccucci-per-fibra-20-pezzi\/"},"modified":"2024-09-23T12:06:15","modified_gmt":"2024-09-23T10:06:15","slug":"buses-en-fibre-20-pieces","status":"publish","type":"product","link":"https:\/\/gardalaser.it\/fr\/produit\/buses-en-fibre-20-pieces\/","title":{"rendered":"Buses en fibre (20 pi\u00e8ces)"},"content":{"rendered":"","protected":false},"excerpt":{"rendered":"<p>Produits \u00e0 usage unique n\u00e9cessaires pour diriger les fibres vers le tissu \u00e0 traiter<\/p>\n","protected":false},"featured_media":5129,"template":"","meta":{"_acf_changed":false},"product_brand":[],"product_cat":[246],"product_tag":[],"class_list":{"0":"post-5127","1":"product","2":"type-product","3":"status-publish","4":"has-post-thumbnail","6":"tassonomia-enea-fr","7":"tassonomia-enea-duo-fr","8":"tassonomia-enea-trio-fr","9":"tassonomia-ermes-fr","10":"tassonomia-zaira-fr","11":"product_cat-fibres-et-astuces","13":"first","14":"instock","15":"taxable","16":"shipping-taxable","17":"purchasable","18":"product-type-simple"},"acf":[],"_links":{"self":[{"href":"https:\/\/gardalaser.it\/fr\/wp-json\/wp\/v2\/product\/5127","targetHints":{"allow":["GET"]}}],"collection":[{"href":"https:\/\/gardalaser.it\/fr\/wp-json\/wp\/v2\/product"}],"about":[{"href":"https:\/\/gardalaser.it\/fr\/wp-json\/wp\/v2\/types\/product"}],"wp:featuredmedia":[{"embeddable":true,"href":"https:\/\/gardalaser.it\/fr\/wp-json\/wp\/v2\/media\/5129"}],"wp:attachment":[{"href":"https:\/\/gardalaser.it\/fr\/wp-json\/wp\/v2\/media?parent=5127"}],"wp:term":[{"taxonomy":"product_brand","embeddable":true,"href":"https:\/\/gardalaser.it\/fr\/wp-json\/wp\/v2\/product_brand?post=5127"},{"taxonomy":"product_cat","embeddable":true,"href":"https:\/\/gardalaser.it\/fr\/wp-json\/wp\/v2\/product_cat?post=5127"},{"taxonomy":"product_tag","embeddable":true,"href":"https:\/\/gardalaser.it\/fr\/wp-json\/wp\/v2\/product_tag?post=5127"}],"curies":[{"name":"wp","href":"https:\/\/api.w.org\/{rel}","templated":true}]}}