{"id":5124,"date":"2022-05-05T11:23:15","date_gmt":"2022-05-05T09:23:15","guid":{"rendered":"https:\/\/gardalaser.it\/prodotto\/wireless-ultrasound-scanner-a-colori-con-hd-doppia-testa-lineare-convessa\/"},"modified":"2024-09-23T12:03:14","modified_gmt":"2024-09-23T10:03:14","slug":"scanner-couleur-hd-sans-fil-a-ultrasons-avec-deux-tetes-lineaires-convexes","status":"publish","type":"product","link":"https:\/\/gardalaser.it\/fr\/produit\/scanner-couleur-hd-sans-fil-a-ultrasons-avec-deux-tetes-lineaires-convexes\/","title":{"rendered":"Scanner couleur HD sans fil \u00e0 ultrasons avec deux t\u00eates lin\u00e9aires convexes"},"content":{"rendered":"<ul>\n<li>type de connexion : WI-FI<\/li>\n<li>configurable avec : IOS, Android, Windows PC<\/li>\n<\/ul>\n","protected":false},"excerpt":{"rendered":"<p>Appareil portable d&#8217;\u00e9chographie de pr\u00e9cision pour un diagnostic rapide en couleur haute d\u00e9finition avec transmission sans fil et double t\u00eate lin\u00e9aire convexe<\/p>\n","protected":false},"featured_media":5125,"template":"","meta":{"_acf_changed":false},"product_brand":[],"product_cat":[249],"product_tag":[],"class_list":{"0":"post-5124","1":"product","2":"type-product","3":"status-publish","4":"has-post-thumbnail","6":"tassonomia-enea-fr","7":"tassonomia-enea-duo-fr","8":"tassonomia-enea-trio-fr","9":"tassonomia-ermes-fr","10":"tassonomia-zaira-fr","11":"product_cat-wireless-ultrasound-scanner-fr","12":"product_shipping_class-spedizione-assicurata-fascia-alta-fr","14":"first","15":"instock","16":"taxable","17":"shipping-taxable","18":"purchasable","19":"product-type-simple"},"acf":[],"_links":{"self":[{"href":"https:\/\/gardalaser.it\/fr\/wp-json\/wp\/v2\/product\/5124","targetHints":{"allow":["GET"]}}],"collection":[{"href":"https:\/\/gardalaser.it\/fr\/wp-json\/wp\/v2\/product"}],"about":[{"href":"https:\/\/gardalaser.it\/fr\/wp-json\/wp\/v2\/types\/product"}],"wp:featuredmedia":[{"embeddable":true,"href":"https:\/\/gardalaser.it\/fr\/wp-json\/wp\/v2\/media\/5125"}],"wp:attachment":[{"href":"https:\/\/gardalaser.it\/fr\/wp-json\/wp\/v2\/media?parent=5124"}],"wp:term":[{"taxonomy":"product_brand","embeddable":true,"href":"https:\/\/gardalaser.it\/fr\/wp-json\/wp\/v2\/product_brand?post=5124"},{"taxonomy":"product_cat","embeddable":true,"href":"https:\/\/gardalaser.it\/fr\/wp-json\/wp\/v2\/product_cat?post=5124"},{"taxonomy":"product_tag","embeddable":true,"href":"https:\/\/gardalaser.it\/fr\/wp-json\/wp\/v2\/product_tag?post=5124"}],"curies":[{"name":"wp","href":"https:\/\/api.w.org\/{rel}","templated":true}]}}