{"id":5109,"date":"2022-04-22T15:51:42","date_gmt":"2022-04-22T13:51:42","guid":{"rendered":"https:\/\/gardalaser.it\/prodotto\/photizo-blush\/"},"modified":"2024-09-23T12:22:47","modified_gmt":"2024-09-23T10:22:47","slug":"photizo-blush","status":"publish","type":"product","link":"https:\/\/gardalaser.it\/fr\/produit\/photizo-blush\/","title":{"rendered":"Photizo Blush"},"content":{"rendered":"<p>Le Photizo Blush <strong>n&#8217;<\/strong> est <strong>pas<\/strong> un dispositif m\u00e9dical CE.<\/p>\n<p>&nbsp;<\/p>\n<p><img loading=\"lazy\" decoding=\"async\" class=\"alignnone size-medium wp-image-2948\" src=\"https:\/\/gardalaser.it\/wp-content\/uploads\/2022\/04\/blush-300x65.jpg\" alt=\"\" width=\"300\" height=\"65\" srcset=\"https:\/\/gardalaser.it\/wp-content\/uploads\/2022\/04\/blush-300x65.jpg 300w, https:\/\/gardalaser.it\/wp-content\/uploads\/2022\/04\/blush-500x109.jpg 500w, https:\/\/gardalaser.it\/wp-content\/uploads\/2022\/04\/blush.jpg 514w\" sizes=\"auto, (max-width: 300px) 100vw, 300px\" \/><\/p>\n<p>&nbsp;<\/p>\n<ul>\n<li>traitement laser \u00e0 domicile pour<strong> r\u00e9duire les ridules, les rides et les pattes d&#8217;oie<\/strong><\/li>\n<li>traitement laser \u00e0 domicile pour<strong> am\u00e9liorer la texture et le tonus de la peau<\/strong><\/li>\n<li>traitement laser \u00e0 domicile pour<strong> stimuler la production de collag\u00e8ne et d&#8217;\u00e9lastine<\/strong><\/li>\n<li>traitement laser \u00e0 domicile pour<strong> r\u00e9duire l&#8217;apparence des yeux gonfl\u00e9s et des cernes sous les yeux<\/strong><\/li>\n<li>traitement laser domestique pour les<strong> imperfections de la peau<\/strong><\/li>\n<\/ul>\n<p>&nbsp;<\/p>\n<h2>COMMENT UTILISE-T-ON LE PHOTIZO ?<\/h2>\n<p>Placez la t\u00eate du Photizo Blush (contenant les LED et les infrarouges) sur la zone \u00e0 traiter, appuyez sur le bouton d&#8217;alimentation rose et attendez la fin du traitement programm\u00e9, puis passez \u00e0 la zone suivante \u00e0 traiter. R\u00e9p\u00e9tez la proc\u00e9dure comme indiqu\u00e9 dans le manuel pour toutes les zones souhait\u00e9es.<\/p>\n","protected":false},"excerpt":{"rendered":"<p>Appareil portable efficace pour le <strong>rajeunissement de la peau<\/strong>, stimulant la production de collag\u00e8ne et d&#8217;\u00e9lastine.<\/p>\n<p>&nbsp;<\/p>\n<p>Garda Laser est un distributeur agr\u00e9\u00e9 de PHOTIZO\u00ae LIGHT THERAPY. <a href=\"https:\/\/gardalaser.it\/wp-content\/uploads\/2024\/05\/IFU-Blush-2021.pdf\">Voir le PDF<\/a><\/p>\n","protected":false},"featured_media":5110,"template":"","meta":{"_acf_changed":false},"product_brand":[],"product_cat":[247],"product_tag":[],"class_list":{"0":"post-5109","1":"product","2":"type-product","3":"status-publish","4":"has-post-thumbnail","6":"product_cat-home-care-photizo-fr","8":"first","9":"outofstock","10":"taxable","11":"shipping-taxable","12":"purchasable","13":"product-type-simple"},"acf":[],"_links":{"self":[{"href":"https:\/\/gardalaser.it\/fr\/wp-json\/wp\/v2\/product\/5109","targetHints":{"allow":["GET"]}}],"collection":[{"href":"https:\/\/gardalaser.it\/fr\/wp-json\/wp\/v2\/product"}],"about":[{"href":"https:\/\/gardalaser.it\/fr\/wp-json\/wp\/v2\/types\/product"}],"wp:featuredmedia":[{"embeddable":true,"href":"https:\/\/gardalaser.it\/fr\/wp-json\/wp\/v2\/media\/5110"}],"wp:attachment":[{"href":"https:\/\/gardalaser.it\/fr\/wp-json\/wp\/v2\/media?parent=5109"}],"wp:term":[{"taxonomy":"product_brand","embeddable":true,"href":"https:\/\/gardalaser.it\/fr\/wp-json\/wp\/v2\/product_brand?post=5109"},{"taxonomy":"product_cat","embeddable":true,"href":"https:\/\/gardalaser.it\/fr\/wp-json\/wp\/v2\/product_cat?post=5109"},{"taxonomy":"product_tag","embeddable":true,"href":"https:\/\/gardalaser.it\/fr\/wp-json\/wp\/v2\/product_tag?post=5109"}],"curies":[{"name":"wp","href":"https:\/\/api.w.org\/{rel}","templated":true}]}}