{"id":5102,"date":"2022-04-22T15:45:23","date_gmt":"2022-04-22T13:45:23","guid":{"rendered":"https:\/\/gardalaser.it\/prodotto\/photizo-skincare\/"},"modified":"2024-09-23T12:23:18","modified_gmt":"2024-09-23T10:23:18","slug":"photizo-skincare","status":"publish","type":"product","link":"https:\/\/gardalaser.it\/fr\/produit\/photizo-skincare\/","title":{"rendered":"Photizo Skincare"},"content":{"rendered":"<p>Photizo Pain Relief est <strong>m\u00e9dicalement approuv\u00e9 CE<\/strong> pour le <strong>traitement de la douleur chronique<\/strong><strong>.<\/strong><\/p>\n<p>&nbsp;<\/p>\n<p><img loading=\"lazy\" decoding=\"async\" class=\"alignnone size-medium wp-image-2956\" src=\"https:\/\/gardalaser.it\/wp-content\/uploads\/2022\/04\/skincare-300x86.jpg\" alt=\"\" width=\"300\" height=\"86\" srcset=\"https:\/\/gardalaser.it\/wp-content\/uploads\/2022\/04\/skincare-300x86.jpg 300w, https:\/\/gardalaser.it\/wp-content\/uploads\/2022\/04\/skincare.jpg 376w\" sizes=\"auto, (max-width: 300px) 100vw, 300px\" \/><\/p>\n<p>&nbsp;<\/p>\n<ul>\n<li>traitement laser \u00e0 domicile pour la <strong>cicatrisation des plaies<\/strong><\/li>\n<li>traitement laser \u00e0 domicile pour la <strong>cicatrisation des h\u00e9matomes<\/strong><\/li>\n<li>traitement laser domestique pour les <strong>soins de la peau<\/strong><\/li>\n<li>traitement laser \u00e0 domicile pour les <strong>cicatrices<\/strong><\/li>\n<li>traitement laser \u00e0 domicile des <strong>plaies ouvertes<\/strong><\/li>\n<li>traitement laser \u00e0 domicile des <strong>plaies par piq\u00fbre d&#8217;insecte<\/strong><\/li>\n<li>traitement laser \u00e0 domicile des <strong>abrasions ou des lac\u00e9rations<\/strong><\/li>\n<li>traitement laser \u00e0 domicile des <strong>ulc\u00e8res<\/strong><\/li>\n<li>traitement laser \u00e0 domicile des <strong>ecchymoses<\/strong><\/li>\n<li>traitement au laser des <strong>ampoules \u00e0<\/strong> domicile<\/li>\n<\/ul>\n<p>&nbsp;<\/p>\n<h2>COMMENT UTILISE-T-ON LE PHOTIZO ?<\/h2>\n<p>Placez la t\u00eate du Photizo Blush (contenant les LED et les infrarouges) sur la zone \u00e0 traiter, appuyez sur le bouton d&#8217;alimentation rose et attendez la fin du traitement chronom\u00e9tr\u00e9, puis passez \u00e0 la zone suivante \u00e0 traiter. R\u00e9p\u00e9tez la proc\u00e9dure comme indiqu\u00e9 dans le manuel pour toutes les zones souhait\u00e9es.<\/p>\n","protected":false},"excerpt":{"rendered":"<p>Dispositif m\u00e9dical portable <strong>pour le<\/strong> traitement de <strong>la peau qui aide \u00e0 la cicatrisation des plaies, des coupures et des contusions<\/strong>.<\/p>\n<p>&nbsp;<\/p>\n<p>Garda Laser est un distributeur agr\u00e9\u00e9 de PHOTIZO\u00ae LIGHT THERAPY. <a href=\"https:\/\/gardalaser.it\/wp-content\/uploads\/2024\/05\/IFUs-Home-Care-2022.pdf\">Voir le PDF<\/a><\/p>\n","protected":false},"featured_media":5103,"template":"","meta":{"_acf_changed":false},"product_brand":[],"product_cat":[247],"product_tag":[],"class_list":{"0":"post-5102","1":"product","2":"type-product","3":"status-publish","4":"has-post-thumbnail","6":"product_cat-home-care-photizo-fr","8":"first","9":"outofstock","10":"taxable","11":"shipping-taxable","12":"purchasable","13":"product-type-simple"},"acf":[],"_links":{"self":[{"href":"https:\/\/gardalaser.it\/fr\/wp-json\/wp\/v2\/product\/5102","targetHints":{"allow":["GET"]}}],"collection":[{"href":"https:\/\/gardalaser.it\/fr\/wp-json\/wp\/v2\/product"}],"about":[{"href":"https:\/\/gardalaser.it\/fr\/wp-json\/wp\/v2\/types\/product"}],"wp:featuredmedia":[{"embeddable":true,"href":"https:\/\/gardalaser.it\/fr\/wp-json\/wp\/v2\/media\/5103"}],"wp:attachment":[{"href":"https:\/\/gardalaser.it\/fr\/wp-json\/wp\/v2\/media?parent=5102"}],"wp:term":[{"taxonomy":"product_brand","embeddable":true,"href":"https:\/\/gardalaser.it\/fr\/wp-json\/wp\/v2\/product_brand?post=5102"},{"taxonomy":"product_cat","embeddable":true,"href":"https:\/\/gardalaser.it\/fr\/wp-json\/wp\/v2\/product_cat?post=5102"},{"taxonomy":"product_tag","embeddable":true,"href":"https:\/\/gardalaser.it\/fr\/wp-json\/wp\/v2\/product_tag?post=5102"}],"curies":[{"name":"wp","href":"https:\/\/api.w.org\/{rel}","templated":true}]}}