{"id":5093,"date":"2022-04-22T15:41:09","date_gmt":"2022-04-22T13:41:09","guid":{"rendered":"https:\/\/gardalaser.it\/prodotto\/photizo-pain-relief\/"},"modified":"2025-07-04T19:15:27","modified_gmt":"2025-07-04T17:15:27","slug":"photizo-pain-relief","status":"publish","type":"product","link":"https:\/\/gardalaser.it\/fr\/produit\/photizo-pain-relief\/","title":{"rendered":"Photizo Pain Relief"},"content":{"rendered":"<p>Photizo Pain Relief est <strong>m\u00e9dicalement approuv\u00e9 CE<\/strong> pour le <strong>traitement de la douleur chronique<\/strong><strong>.<\/strong><\/p>\n<p>&nbsp;<\/p>\n<p><img loading=\"lazy\" decoding=\"async\" class=\"alignnone size-medium wp-image-2856\" src=\"https:\/\/gardalaser.it\/wp-content\/uploads\/2022\/04\/Senza-titolo-300x66.png\" alt=\"\" width=\"300\" height=\"66\" srcset=\"https:\/\/gardalaser.it\/wp-content\/uploads\/2022\/04\/Senza-titolo-300x66.png 300w, https:\/\/gardalaser.it\/wp-content\/uploads\/2022\/04\/Senza-titolo.png 362w\" sizes=\"auto, (max-width: 300px) 100vw, 300px\" \/><\/p>\n<p>&nbsp;<\/p>\n<ul>\n<li>traitement laser \u00e0 domicile pour les <strong>douleurs musculo-squelettiques<\/strong><\/li>\n<li>traitement laser \u00e0 domicile pour <strong>r\u00e9duire l&#8217;inflammation<\/strong><\/li>\n<li>traitement laser domestique pour l&#8217;<strong>arthrite<\/strong><\/li>\n<li>traitement laser \u00e0 domicile pour les <strong>douleurs cervicales<\/strong><\/li>\n<li>traitement laser \u00e0 domicile pour les <strong>probl\u00e8mes de dos<\/strong><\/li>\n<li>traitement laser \u00e0 domicile des <strong>blessures ou op\u00e9rations post-chirurgicales<\/strong><\/li>\n<li>traitement laser \u00e0 domicile des <strong>l\u00e9sions nerveuses<\/strong><\/li>\n<li>traitement laser \u00e0 domicile des <strong>infections et de la fibromyalgie<\/strong><\/li>\n<\/ul>\n<p>&nbsp;<\/p>\n<h2>COMMENT UTILISER LE PHOTIZO ?<\/h2>\n<p>Placez la t\u00eate du Photizo Pain Relief (contenant les LED et les infrarouges) sur la zone \u00e0 traiter, appuyez sur le bouton vert de mise en marche et attendez la fin du traitement chronom\u00e9tr\u00e9, puis passez \u00e0 la zone suivante \u00e0 traiter. R\u00e9p\u00e9tez la proc\u00e9dure comme indiqu\u00e9 dans le manuel pour toutes les zones souhait\u00e9es.<\/p>\n","protected":false},"excerpt":{"rendered":"<p>Dispositif m\u00e9dical qui <strong>soulage et aide \u00e0 g\u00e9rer la douleur chronique<\/strong> et r\u00e9duit le gonflement et l&#8217;inflammation.<\/p>\n<p>&nbsp;<\/p>\n<p>Garda Laser est un distributeur agr\u00e9\u00e9 de PHOTIZO\u00ae LIGHT THERAPY. <a href=\"https:\/\/gardalaser.it\/wp-content\/uploads\/2024\/05\/IFUs-Home-Care-2022.pdf\">Voir le PDF<\/a><\/p>\n","protected":false},"featured_media":5094,"template":"","meta":{"_acf_changed":false},"product_brand":[],"product_cat":[247],"product_tag":[],"class_list":{"0":"post-5093","1":"product","2":"type-product","3":"status-publish","4":"has-post-thumbnail","6":"product_cat-home-care-photizo-fr","8":"first","9":"instock","10":"taxable","11":"shipping-taxable","12":"purchasable","13":"product-type-simple"},"acf":[],"_links":{"self":[{"href":"https:\/\/gardalaser.it\/fr\/wp-json\/wp\/v2\/product\/5093","targetHints":{"allow":["GET"]}}],"collection":[{"href":"https:\/\/gardalaser.it\/fr\/wp-json\/wp\/v2\/product"}],"about":[{"href":"https:\/\/gardalaser.it\/fr\/wp-json\/wp\/v2\/types\/product"}],"wp:featuredmedia":[{"embeddable":true,"href":"https:\/\/gardalaser.it\/fr\/wp-json\/wp\/v2\/media\/5094"}],"wp:attachment":[{"href":"https:\/\/gardalaser.it\/fr\/wp-json\/wp\/v2\/media?parent=5093"}],"wp:term":[{"taxonomy":"product_brand","embeddable":true,"href":"https:\/\/gardalaser.it\/fr\/wp-json\/wp\/v2\/product_brand?post=5093"},{"taxonomy":"product_cat","embeddable":true,"href":"https:\/\/gardalaser.it\/fr\/wp-json\/wp\/v2\/product_cat?post=5093"},{"taxonomy":"product_tag","embeddable":true,"href":"https:\/\/gardalaser.it\/fr\/wp-json\/wp\/v2\/product_tag?post=5093"}],"curies":[{"name":"wp","href":"https:\/\/api.w.org\/{rel}","templated":true}]}}