{"id":5085,"date":"2022-04-22T15:33:50","date_gmt":"2022-04-22T13:33:50","guid":{"rendered":"https:\/\/gardalaser.it\/prodotto\/photizo-vetcare-laser-home-care\/"},"modified":"2024-09-23T12:24:06","modified_gmt":"2024-09-23T10:24:06","slug":"photizo-vetcare-laser-home-care","status":"publish","type":"product","link":"https:\/\/gardalaser.it\/fr\/produit\/photizo-vetcare-laser-home-care\/","title":{"rendered":"Photizo Vetcare"},"content":{"rendered":"<p>Photizo Vetcare <strong>n&#8217;<\/strong> est <strong>pas<\/strong> un dispositif m\u00e9dical CE<strong>.<\/strong><\/p>\n<p>&nbsp;<\/p>\n<p>Il s&#8217;agit d&#8217;un appareil de soins laser \u00e0 domicile con\u00e7u pour aider vos amis les animaux \u00e0 r\u00e9soudre leurs probl\u00e8mes quotidiens et pour leur permettre de gu\u00e9rir plus rapidement et plus efficacement apr\u00e8s les spectacles, les promenades et l&#8217;entra\u00eenement.<\/p>\n<ul>\n<li>soins v\u00e9t\u00e9rinaires au laser \u00e0 domicile pour les<strong> maladies de la peau : blessures, lac\u00e9rations, abc\u00e8s, plaies de selle, allergies cutan\u00e9es, ecz\u00e9ma<\/strong><\/li>\n<li>soins v\u00e9t\u00e9rinaires au laser \u00e0 domicile pour les<strong> probl\u00e8mes musculo-squelettiques tels que l&#8217;arthrite, les tendinites, les blessures et les spasmes musculaires<\/strong><\/li>\n<li>soins v\u00e9t\u00e9rinaires au laser \u00e0 domicile pour<strong> toute zone trait\u00e9e chirurgicalement (post-op\u00e9ratoire), y compris les greffes de peau<\/strong><\/li>\n<li>soins v\u00e9t\u00e9rinaires au laser \u00e0 domicile pour les<strong> ulc\u00e8res de la corn\u00e9e et la sinusite<\/strong><\/li>\n<\/ul>\n<p>&nbsp;<\/p>\n<p><img loading=\"lazy\" decoding=\"async\" class=\"alignnone wp-image-2934 size-full\" src=\"https:\/\/gardalaser.it\/wp-content\/uploads\/2022\/04\/photizo-vetcare-1.jpg\" alt=\"\" width=\"1000\" height=\"336\" srcset=\"https:\/\/gardalaser.it\/wp-content\/uploads\/2022\/04\/photizo-vetcare-1.jpg 1000w, https:\/\/gardalaser.it\/wp-content\/uploads\/2022\/04\/photizo-vetcare-1-500x168.jpg 500w, https:\/\/gardalaser.it\/wp-content\/uploads\/2022\/04\/photizo-vetcare-1-768x258.jpg 768w, https:\/\/gardalaser.it\/wp-content\/uploads\/2022\/04\/photizo-vetcare-1-600x202.jpg 600w, https:\/\/gardalaser.it\/wp-content\/uploads\/2022\/04\/photizo-vetcare-1-300x101.jpg 300w\" sizes=\"auto, (max-width: 1000px) 100vw, 1000px\" \/><\/p>\n<p>&nbsp;<\/p>\n<h2>COMMENT UTILISER LE PHOTIZO ?<\/h2>\n<p>Placez la t\u00eate du Photizo Vetcare (contenant les LED et les infrarouges) sur la zone \u00e0 traiter, appuyez sur le bouton vert de mise en marche et attendez la fin du traitement chronom\u00e9tr\u00e9, puis passez \u00e0 la zone suivante \u00e0 traiter. R\u00e9p\u00e9tez la proc\u00e9dure comme indiqu\u00e9 dans le manuel pour toutes les zones souhait\u00e9es.<\/p>\n","protected":false},"excerpt":{"rendered":"<p>Appareil laser portable utilis\u00e9 pour <strong>soulager la douleur, gu\u00e9rir et r\u00e9duire l&#8217;enflure et l&#8217;inflammation chez les animaux domestiques<\/strong>, les chevaux et bien d&#8217;autres.<\/p>\n<p>&nbsp;<\/p>\n<p>Garda Laser est un distributeur agr\u00e9\u00e9 de PHOTIZO\u00ae LIGHT THERAPY.<\/p>\n<p><a href=\"https:\/\/gardalaser.it\/wp-content\/uploads\/2024\/05\/IFUs-Vetcare-2022.pdf\">Voir le PDF<\/a><\/p>\n","protected":false},"featured_media":5086,"template":"","meta":{"_acf_changed":false},"product_brand":[],"product_cat":[247],"product_tag":[],"class_list":{"0":"post-5085","1":"product","2":"type-product","3":"status-publish","4":"has-post-thumbnail","6":"product_cat-home-care-photizo-fr","8":"first","9":"instock","10":"taxable","11":"shipping-taxable","12":"purchasable","13":"product-type-simple"},"acf":[],"_links":{"self":[{"href":"https:\/\/gardalaser.it\/fr\/wp-json\/wp\/v2\/product\/5085","targetHints":{"allow":["GET"]}}],"collection":[{"href":"https:\/\/gardalaser.it\/fr\/wp-json\/wp\/v2\/product"}],"about":[{"href":"https:\/\/gardalaser.it\/fr\/wp-json\/wp\/v2\/types\/product"}],"wp:featuredmedia":[{"embeddable":true,"href":"https:\/\/gardalaser.it\/fr\/wp-json\/wp\/v2\/media\/5086"}],"wp:attachment":[{"href":"https:\/\/gardalaser.it\/fr\/wp-json\/wp\/v2\/media?parent=5085"}],"wp:term":[{"taxonomy":"product_brand","embeddable":true,"href":"https:\/\/gardalaser.it\/fr\/wp-json\/wp\/v2\/product_brand?post=5085"},{"taxonomy":"product_cat","embeddable":true,"href":"https:\/\/gardalaser.it\/fr\/wp-json\/wp\/v2\/product_cat?post=5085"},{"taxonomy":"product_tag","embeddable":true,"href":"https:\/\/gardalaser.it\/fr\/wp-json\/wp\/v2\/product_tag?post=5085"}],"curies":[{"name":"wp","href":"https:\/\/api.w.org\/{rel}","templated":true}]}}