{"id":5074,"date":"2022-04-21T17:19:30","date_gmt":"2022-04-21T15:19:30","guid":{"rendered":"https:\/\/gardalaser.it\/prodotto\/photizo-sport-laser-home-care\/"},"modified":"2024-09-23T12:24:29","modified_gmt":"2024-09-23T10:24:29","slug":"photizo-sport-laser-home-care","status":"publish","type":"product","link":"https:\/\/gardalaser.it\/fr\/produit\/photizo-sport-laser-home-care\/","title":{"rendered":"Photizo Sport"},"content":{"rendered":"<p>Photizo Sport est <strong>homologu\u00e9 CE m\u00e9dical.<\/strong> Un appareil de soins laser \u00e0 domicile con\u00e7u pour les sportifs.<\/p>\n<p>&nbsp;<\/p>\n<p><img loading=\"lazy\" decoding=\"async\" class=\"alignnone size-medium wp-image-2873\" src=\"https:\/\/gardalaser.it\/wp-content\/uploads\/2022\/04\/photizo_laser_sport-300x56.jpg\" alt=\"\" width=\"300\" height=\"56\" srcset=\"https:\/\/gardalaser.it\/wp-content\/uploads\/2022\/04\/photizo_laser_sport-300x56.jpg 300w, https:\/\/gardalaser.it\/wp-content\/uploads\/2022\/04\/photizo_laser_sport-500x94.jpg 500w, https:\/\/gardalaser.it\/wp-content\/uploads\/2022\/04\/photizo_laser_sport.jpg 556w\" sizes=\"auto, (max-width: 300px) 100vw, 300px\" \/><\/p>\n<p>&nbsp;<\/p>\n<ul>\n<li>traitement laser \u00e0 domicile de la <strong>douleur au genou<\/strong><\/li>\n<li>traitement laser \u00e0 domicile de la <strong>douleur \u00e0 la cheville<\/strong><\/li>\n<li>Traitement laser \u00e0 domicile de la <strong>douleur \u00e0 la jambe<\/strong><\/li>\n<li>Traitement laser \u00e0 domicile de la <strong>douleur au pied<\/strong><\/li>\n<li>traitement laser \u00e0 domicile de la <strong>douleur au bras<\/strong><\/li>\n<li>Traitement laser \u00e0 domicile pour les <strong>entorses<\/strong><\/li>\n<li>Traitement laser \u00e0 domicile des<strong> entorses<\/strong><\/li>\n<li>Traitement laser \u00e0 domicile des <strong>ecchymoses<\/strong><\/li>\n<li>traitement laser \u00e0 domicile des <strong>blessures<\/strong><\/li>\n<\/ul>\n<p>&nbsp;<\/p>\n<h2>COMMENT UTILISER LE PHOTIZO ?<\/h2>\n<p>Placez la t\u00eate du Photizo Sport (contenant les LED et l&#8217;infrarouge) sur la zone \u00e0 traiter, appuyez sur le bouton bleu de mise en marche et attendez la fin du traitement chronom\u00e9tr\u00e9, puis passez \u00e0 la zone suivante \u00e0 traiter. R\u00e9p\u00e9tez la proc\u00e9dure comme indiqu\u00e9 dans le manuel pour toutes les zones souhait\u00e9es.<\/p>\n","protected":false},"excerpt":{"rendered":"<p>Dispositif m\u00e9dical portable efficace dans le <strong>traitement de la douleur et de l&#8217;inflammation aigu\u00ebs<\/strong> dues \u00e0 des blessures de surmenage ou d&#8217;impact.<\/p>\n<p>&nbsp;<\/p>\n<p>Garda Laser est un distributeur autoris\u00e9 de PHOTIZO\u00ae LIGHT THERAPY. <a href=\"https:\/\/gardalaser.it\/wp-content\/uploads\/2024\/05\/IFUs-Home-Care-2022.pdf\">Voir le PDF<\/a><\/p>\n","protected":false},"featured_media":5075,"template":"","meta":{"_acf_changed":false},"product_brand":[],"product_cat":[247],"product_tag":[],"class_list":{"0":"post-5074","1":"product","2":"type-product","3":"status-publish","4":"has-post-thumbnail","6":"product_cat-home-care-photizo-fr","8":"first","9":"outofstock","10":"taxable","11":"shipping-taxable","12":"purchasable","13":"product-type-simple"},"acf":[],"_links":{"self":[{"href":"https:\/\/gardalaser.it\/fr\/wp-json\/wp\/v2\/product\/5074","targetHints":{"allow":["GET"]}}],"collection":[{"href":"https:\/\/gardalaser.it\/fr\/wp-json\/wp\/v2\/product"}],"about":[{"href":"https:\/\/gardalaser.it\/fr\/wp-json\/wp\/v2\/types\/product"}],"wp:featuredmedia":[{"embeddable":true,"href":"https:\/\/gardalaser.it\/fr\/wp-json\/wp\/v2\/media\/5075"}],"wp:attachment":[{"href":"https:\/\/gardalaser.it\/fr\/wp-json\/wp\/v2\/media?parent=5074"}],"wp:term":[{"taxonomy":"product_brand","embeddable":true,"href":"https:\/\/gardalaser.it\/fr\/wp-json\/wp\/v2\/product_brand?post=5074"},{"taxonomy":"product_cat","embeddable":true,"href":"https:\/\/gardalaser.it\/fr\/wp-json\/wp\/v2\/product_cat?post=5074"},{"taxonomy":"product_tag","embeddable":true,"href":"https:\/\/gardalaser.it\/fr\/wp-json\/wp\/v2\/product_tag?post=5074"}],"curies":[{"name":"wp","href":"https:\/\/api.w.org\/{rel}","templated":true}]}}