{"id":5068,"date":"2022-05-05T10:09:11","date_gmt":"2022-05-05T08:09:11","guid":{"rendered":"https:\/\/gardalaser.it\/prodotto\/garda-band\/"},"modified":"2024-09-23T11:11:36","modified_gmt":"2024-09-23T09:11:36","slug":"garda-band","status":"publish","type":"product","link":"https:\/\/gardalaser.it\/fr\/produit\/garda-band\/","title":{"rendered":"Garda Band"},"content":{"rendered":"","protected":false},"excerpt":{"rendered":"<p>Dispositif intelligent avec transmission Bluetooth pour activer et d\u00e9sactiver l&#8217;\u00e9mission laser.<br \/>\nL&#8217;appareil est livr\u00e9 avec deux accessoires :<\/p>\n<ul>\n<li>support pour pi\u00e8ce \u00e0 main de th\u00e9rapie multifonction code BH9014<\/li>\n<li>sangle en caoutchouc<\/li>\n<\/ul>\n","protected":false},"featured_media":5072,"template":"","meta":{"_acf_changed":false},"product_brand":[],"product_cat":[240],"product_tag":[],"class_list":{"0":"post-5068","1":"product","2":"type-product","3":"status-publish","4":"has-post-thumbnail","6":"tassonomia-enea-fr","7":"tassonomia-enea-duo-fr","8":"tassonomia-enea-trio-fr","9":"tassonomia-ermes-fr","10":"tassonomia-physiotherapie","11":"tassonomia-podologie","12":"tassonomia-veterinaire","13":"tassonomia-zaira-fr","14":"product_cat-divers","16":"first","17":"instock","18":"taxable","19":"shipping-taxable","20":"purchasable","21":"product-type-simple"},"acf":[],"_links":{"self":[{"href":"https:\/\/gardalaser.it\/fr\/wp-json\/wp\/v2\/product\/5068","targetHints":{"allow":["GET"]}}],"collection":[{"href":"https:\/\/gardalaser.it\/fr\/wp-json\/wp\/v2\/product"}],"about":[{"href":"https:\/\/gardalaser.it\/fr\/wp-json\/wp\/v2\/types\/product"}],"wp:featuredmedia":[{"embeddable":true,"href":"https:\/\/gardalaser.it\/fr\/wp-json\/wp\/v2\/media\/5072"}],"wp:attachment":[{"href":"https:\/\/gardalaser.it\/fr\/wp-json\/wp\/v2\/media?parent=5068"}],"wp:term":[{"taxonomy":"product_brand","embeddable":true,"href":"https:\/\/gardalaser.it\/fr\/wp-json\/wp\/v2\/product_brand?post=5068"},{"taxonomy":"product_cat","embeddable":true,"href":"https:\/\/gardalaser.it\/fr\/wp-json\/wp\/v2\/product_cat?post=5068"},{"taxonomy":"product_tag","embeddable":true,"href":"https:\/\/gardalaser.it\/fr\/wp-json\/wp\/v2\/product_tag?post=5068"}],"curies":[{"name":"wp","href":"https:\/\/api.w.org\/{rel}","templated":true}]}}