{"id":5065,"date":"2022-04-21T17:00:38","date_gmt":"2022-04-21T15:00:38","guid":{"rendered":"https:\/\/gardalaser.it\/prodotto\/manipolo-lipo-con-5-canule\/"},"modified":"2024-09-23T11:09:28","modified_gmt":"2024-09-23T09:09:28","slug":"piece-a-main-lipo-avec-5-canules","status":"publish","type":"product","link":"https:\/\/gardalaser.it\/fr\/produit\/piece-a-main-lipo-avec-5-canules\/","title":{"rendered":"Pi\u00e8ce \u00e0 main LIPO (avec 5 canules)"},"content":{"rendered":"<ul>\n<li>corps en aluminium anodis\u00e9<\/li>\n<li>convient aux fibres standard<\/li>\n<li>cycle de fer autoclavable 134\u00b0 C pendant 4 minutes<\/li>\n<\/ul>\n","protected":false},"excerpt":{"rendered":"<p>Pi\u00e8ce \u00e0 main avec canules droites de diff\u00e9rentes longueurs (5 canules)<\/p>\n","protected":false},"featured_media":5066,"template":"","meta":{"_acf_changed":false},"product_brand":[],"product_cat":[245],"product_tag":[],"class_list":{"0":"post-5065","1":"product","2":"type-product","3":"status-publish","4":"has-post-thumbnail","6":"tassonomia-dentisterie","7":"tassonomia-enea-fr","8":"tassonomia-enea-duo-fr","9":"tassonomia-enea-trio-fr","10":"tassonomia-ermes-fr","11":"tassonomia-esthetique","12":"tassonomia-hygiene-dentaire","13":"tassonomia-oto-rhino-laryngologie","14":"tassonomia-veterinaire","15":"tassonomia-zaira-fr","16":"product_cat-pieces-a-main-chirurgicales","18":"first","19":"instock","20":"taxable","21":"shipping-taxable","22":"purchasable","23":"product-type-simple"},"acf":[],"_links":{"self":[{"href":"https:\/\/gardalaser.it\/fr\/wp-json\/wp\/v2\/product\/5065","targetHints":{"allow":["GET"]}}],"collection":[{"href":"https:\/\/gardalaser.it\/fr\/wp-json\/wp\/v2\/product"}],"about":[{"href":"https:\/\/gardalaser.it\/fr\/wp-json\/wp\/v2\/types\/product"}],"wp:featuredmedia":[{"embeddable":true,"href":"https:\/\/gardalaser.it\/fr\/wp-json\/wp\/v2\/media\/5066"}],"wp:attachment":[{"href":"https:\/\/gardalaser.it\/fr\/wp-json\/wp\/v2\/media?parent=5065"}],"wp:term":[{"taxonomy":"product_brand","embeddable":true,"href":"https:\/\/gardalaser.it\/fr\/wp-json\/wp\/v2\/product_brand?post=5065"},{"taxonomy":"product_cat","embeddable":true,"href":"https:\/\/gardalaser.it\/fr\/wp-json\/wp\/v2\/product_cat?post=5065"},{"taxonomy":"product_tag","embeddable":true,"href":"https:\/\/gardalaser.it\/fr\/wp-json\/wp\/v2\/product_tag?post=5065"}],"curies":[{"name":"wp","href":"https:\/\/api.w.org\/{rel}","templated":true}]}}