{"id":5062,"date":"2022-04-21T16:58:12","date_gmt":"2022-04-21T14:58:12","guid":{"rendered":"https:\/\/gardalaser.it\/prodotto\/manipolo-ent-con-7-canule\/"},"modified":"2024-09-23T11:05:50","modified_gmt":"2024-09-23T09:05:50","slug":"piece-a-main-orl-avec-7-canules","status":"publish","type":"product","link":"https:\/\/gardalaser.it\/fr\/produit\/piece-a-main-orl-avec-7-canules\/","title":{"rendered":"Pi\u00e8ce \u00e0 main ORL (avec 7 canules)"},"content":{"rendered":"<ul>\n<li>corps en aluminium anodis\u00e9<\/li>\n<li>convient aux fibres standard<\/li>\n<li>cycle de fer autoclavable 134\u00b0 C pendant 4 minutes<\/li>\n<\/ul>\n","protected":false},"excerpt":{"rendered":"<p>Pi\u00e8ce \u00e0 main avec canules angulaires de diff\u00e9rentes longueurs (7 canules)<\/p>\n","protected":false},"featured_media":5063,"template":"","meta":{"_acf_changed":false},"product_brand":[],"product_cat":[245],"product_tag":[],"class_list":{"0":"post-5062","1":"product","2":"type-product","3":"status-publish","4":"has-post-thumbnail","6":"tassonomia-dentisterie","7":"tassonomia-enea-fr","8":"tassonomia-enea-duo-fr","9":"tassonomia-enea-trio-fr","10":"tassonomia-ermes-fr","11":"tassonomia-esthetique","12":"tassonomia-hygiene-dentaire","13":"tassonomia-oto-rhino-laryngologie","14":"tassonomia-veterinaire","15":"tassonomia-zaira-fr","16":"product_cat-pieces-a-main-chirurgicales","17":"product_shipping_class-spedizione-assicurata-fr","19":"first","20":"instock","21":"taxable","22":"shipping-taxable","23":"purchasable","24":"product-type-simple"},"acf":[],"_links":{"self":[{"href":"https:\/\/gardalaser.it\/fr\/wp-json\/wp\/v2\/product\/5062","targetHints":{"allow":["GET"]}}],"collection":[{"href":"https:\/\/gardalaser.it\/fr\/wp-json\/wp\/v2\/product"}],"about":[{"href":"https:\/\/gardalaser.it\/fr\/wp-json\/wp\/v2\/types\/product"}],"wp:featuredmedia":[{"embeddable":true,"href":"https:\/\/gardalaser.it\/fr\/wp-json\/wp\/v2\/media\/5063"}],"wp:attachment":[{"href":"https:\/\/gardalaser.it\/fr\/wp-json\/wp\/v2\/media?parent=5062"}],"wp:term":[{"taxonomy":"product_brand","embeddable":true,"href":"https:\/\/gardalaser.it\/fr\/wp-json\/wp\/v2\/product_brand?post=5062"},{"taxonomy":"product_cat","embeddable":true,"href":"https:\/\/gardalaser.it\/fr\/wp-json\/wp\/v2\/product_cat?post=5062"},{"taxonomy":"product_tag","embeddable":true,"href":"https:\/\/gardalaser.it\/fr\/wp-json\/wp\/v2\/product_tag?post=5062"}],"curies":[{"name":"wp","href":"https:\/\/api.w.org\/{rel}","templated":true}]}}