{"id":5059,"date":"2022-05-04T09:07:05","date_gmt":"2022-05-04T07:07:05","guid":{"rendered":"https:\/\/gardalaser.it\/prodotto\/puntale-massaggi\/"},"modified":"2024-09-24T11:51:08","modified_gmt":"2024-09-24T09:51:08","slug":"embout-de-massage","status":"publish","type":"product","link":"https:\/\/gardalaser.it\/fr\/produit\/embout-de-massage\/","title":{"rendered":"Pointe de massage"},"content":{"rendered":"<ul>\n<li>cycle de fer autoclavable 134\u00b0 C pendant 4 minutes<\/li>\n<\/ul>\n","protected":false},"excerpt":{"rendered":"<p>Embout de massage avec lentille pour une action laser diffuse sur 3 cm2 \u00e0 utiliser avec la <a href=\"https:\/\/gardalaser.it\/prodotto\/manipolo-terapia-multifunzione\/\">pi\u00e8ce \u00e0 main de th\u00e9rapie multifonctions<\/a><\/p>\n","protected":false},"featured_media":5060,"template":"","meta":{"_acf_changed":false},"product_brand":[],"product_cat":[243],"product_tag":[],"class_list":{"0":"post-5059","1":"product","2":"type-product","3":"status-publish","4":"has-post-thumbnail","6":"tassonomia-dentisterie","7":"tassonomia-enea-fr","8":"tassonomia-enea-duo-fr","9":"tassonomia-enea-trio-fr","10":"tassonomia-ermes-fr","11":"tassonomia-esthetique","12":"tassonomia-hygiene-dentaire","13":"tassonomia-oto-rhino-laryngologie","14":"tassonomia-physiotherapie","15":"tassonomia-podologie","16":"tassonomia-veterinaire","17":"tassonomia-zaira-fr","18":"product_cat-pieces-a-main-therapeutiques","20":"first","21":"instock","22":"taxable","23":"shipping-taxable","24":"purchasable","25":"product-type-simple"},"acf":[],"_links":{"self":[{"href":"https:\/\/gardalaser.it\/fr\/wp-json\/wp\/v2\/product\/5059","targetHints":{"allow":["GET"]}}],"collection":[{"href":"https:\/\/gardalaser.it\/fr\/wp-json\/wp\/v2\/product"}],"about":[{"href":"https:\/\/gardalaser.it\/fr\/wp-json\/wp\/v2\/types\/product"}],"wp:featuredmedia":[{"embeddable":true,"href":"https:\/\/gardalaser.it\/fr\/wp-json\/wp\/v2\/media\/5060"}],"wp:attachment":[{"href":"https:\/\/gardalaser.it\/fr\/wp-json\/wp\/v2\/media?parent=5059"}],"wp:term":[{"taxonomy":"product_brand","embeddable":true,"href":"https:\/\/gardalaser.it\/fr\/wp-json\/wp\/v2\/product_brand?post=5059"},{"taxonomy":"product_cat","embeddable":true,"href":"https:\/\/gardalaser.it\/fr\/wp-json\/wp\/v2\/product_cat?post=5059"},{"taxonomy":"product_tag","embeddable":true,"href":"https:\/\/gardalaser.it\/fr\/wp-json\/wp\/v2\/product_tag?post=5059"}],"curies":[{"name":"wp","href":"https:\/\/api.w.org\/{rel}","templated":true}]}}