{"id":5051,"date":"2022-04-21T16:54:40","date_gmt":"2022-04-21T14:54:40","guid":{"rendered":"https:\/\/gardalaser.it\/prodotto\/kit-tip-laser-300%c2%b5m-5-pezzi\/"},"modified":"2024-09-23T10:27:15","modified_gmt":"2024-09-23T08:27:15","slug":"kit-de-pointes-laser-de-300%c2%b5m-5-pieces","status":"publish","type":"product","link":"https:\/\/gardalaser.it\/fr\/produit\/kit-de-pointes-laser-de-300%c2%b5m-5-pieces\/","title":{"rendered":"Kit de pointes laser de 300\u00b5m (5 pi\u00e8ces)"},"content":{"rendered":"<ul>\n<li>cycle de caoutchouc autoclavable 121\u00b0 C pendant 15 minutes<\/li>\n<\/ul>\n","protected":false},"excerpt":{"rendered":"<p>Fibres \u00e0 usage unique pour la d\u00e9contamination parodontale assist\u00e9e par laser pour diverses applications<\/p>\n","protected":false},"featured_media":5052,"template":"","meta":{"_acf_changed":false},"product_brand":[],"product_cat":[246],"product_tag":[],"class_list":{"0":"post-5051","1":"product","2":"type-product","3":"status-publish","4":"has-post-thumbnail","6":"tassonomia-dentisterie","7":"tassonomia-enea-fr","8":"tassonomia-enea-duo-fr","9":"tassonomia-enea-trio-fr","10":"tassonomia-hygiene-dentaire","11":"tassonomia-l-e-o-plus-fr","12":"tassonomia-podologie","13":"tassonomia-veterinaire","14":"tassonomia-zaira-fr","15":"product_cat-fibres-et-astuces","17":"first","18":"instock","19":"taxable","20":"shipping-taxable","21":"purchasable","22":"product-type-simple"},"acf":[],"_links":{"self":[{"href":"https:\/\/gardalaser.it\/fr\/wp-json\/wp\/v2\/product\/5051","targetHints":{"allow":["GET"]}}],"collection":[{"href":"https:\/\/gardalaser.it\/fr\/wp-json\/wp\/v2\/product"}],"about":[{"href":"https:\/\/gardalaser.it\/fr\/wp-json\/wp\/v2\/types\/product"}],"wp:featuredmedia":[{"embeddable":true,"href":"https:\/\/gardalaser.it\/fr\/wp-json\/wp\/v2\/media\/5052"}],"wp:attachment":[{"href":"https:\/\/gardalaser.it\/fr\/wp-json\/wp\/v2\/media?parent=5051"}],"wp:term":[{"taxonomy":"product_brand","embeddable":true,"href":"https:\/\/gardalaser.it\/fr\/wp-json\/wp\/v2\/product_brand?post=5051"},{"taxonomy":"product_cat","embeddable":true,"href":"https:\/\/gardalaser.it\/fr\/wp-json\/wp\/v2\/product_cat?post=5051"},{"taxonomy":"product_tag","embeddable":true,"href":"https:\/\/gardalaser.it\/fr\/wp-json\/wp\/v2\/product_tag?post=5051"}],"curies":[{"name":"wp","href":"https:\/\/api.w.org\/{rel}","templated":true}]}}