{"id":5047,"date":"2022-04-21T16:52:06","date_gmt":"2022-04-21T14:52:06","guid":{"rendered":"https:\/\/gardalaser.it\/prodotto\/kit-tip-laser-200%c2%b5m-5-pezzi\/"},"modified":"2024-09-23T10:24:06","modified_gmt":"2024-09-23T08:24:06","slug":"kit-de-pointes-laser-de-200%c2%b5m-5-pieces","status":"publish","type":"product","link":"https:\/\/gardalaser.it\/fr\/produit\/kit-de-pointes-laser-de-200%c2%b5m-5-pieces\/","title":{"rendered":"Kit de pointes laser de 200\u00b5m (5 pi\u00e8ces)"},"content":{"rendered":"<ul>\n<li>cycle de caoutchouc autoclavable 121\u00b0 C pendant 15 minutes<\/li>\n<\/ul>\n","protected":false},"excerpt":{"rendered":"<p>Fibres \u00e0 usage unique n\u00e9cessaires pour la d\u00e9contamination du canal radiculaire assist\u00e9e par laser<\/p>\n","protected":false},"featured_media":5048,"template":"","meta":{"_acf_changed":false},"product_brand":[],"product_cat":[246],"product_tag":[],"class_list":{"0":"post-5047","1":"product","2":"type-product","3":"status-publish","4":"has-post-thumbnail","6":"tassonomia-dentisterie","7":"tassonomia-enea-fr","8":"tassonomia-enea-duo-fr","9":"tassonomia-enea-trio-fr","10":"tassonomia-hygiene-dentaire","11":"tassonomia-l-e-o-plus-fr","12":"tassonomia-veterinaire","13":"tassonomia-zaira-fr","14":"product_cat-fibres-et-astuces","16":"first","17":"instock","18":"taxable","19":"shipping-taxable","20":"purchasable","21":"product-type-simple"},"acf":[],"_links":{"self":[{"href":"https:\/\/gardalaser.it\/fr\/wp-json\/wp\/v2\/product\/5047","targetHints":{"allow":["GET"]}}],"collection":[{"href":"https:\/\/gardalaser.it\/fr\/wp-json\/wp\/v2\/product"}],"about":[{"href":"https:\/\/gardalaser.it\/fr\/wp-json\/wp\/v2\/types\/product"}],"wp:featuredmedia":[{"embeddable":true,"href":"https:\/\/gardalaser.it\/fr\/wp-json\/wp\/v2\/media\/5048"}],"wp:attachment":[{"href":"https:\/\/gardalaser.it\/fr\/wp-json\/wp\/v2\/media?parent=5047"}],"wp:term":[{"taxonomy":"product_brand","embeddable":true,"href":"https:\/\/gardalaser.it\/fr\/wp-json\/wp\/v2\/product_brand?post=5047"},{"taxonomy":"product_cat","embeddable":true,"href":"https:\/\/gardalaser.it\/fr\/wp-json\/wp\/v2\/product_cat?post=5047"},{"taxonomy":"product_tag","embeddable":true,"href":"https:\/\/gardalaser.it\/fr\/wp-json\/wp\/v2\/product_tag?post=5047"}],"curies":[{"name":"wp","href":"https:\/\/api.w.org\/{rel}","templated":true}]}}