{"id":5029,"date":"2022-04-21T16:44:21","date_gmt":"2022-04-21T14:44:21","guid":{"rendered":"https:\/\/gardalaser.it\/prodotto\/fibra-ottica-laser-300%c2%b5m\/"},"modified":"2024-09-23T10:14:07","modified_gmt":"2024-09-23T08:14:07","slug":"fibre-optique-laser-300%c2%b5m","status":"publish","type":"product","link":"https:\/\/gardalaser.it\/fr\/produit\/fibre-optique-laser-300%c2%b5m\/","title":{"rendered":"Fibre optique laser 300\u00b5m"},"content":{"rendered":"<ul>\n<li>Connecteur SMA 905<\/li>\n<li>ouverture nominale standard de 0,22<\/li>\n<li>longueurs d&#8217;onde de 400nm \u00e0 2000nm<\/li>\n<li>puissance maximale : 7 Watt<\/li>\n<li>cycle de caoutchouc autoclavable 121\u00b0 C pendant 15 minutes<\/li>\n<\/ul>\n","protected":false},"excerpt":{"rendered":"<p>Fibre recommand\u00e9e pour la d\u00e9contamination parodontale assist\u00e9e par laser<\/p>\n","protected":false},"featured_media":5030,"template":"","meta":{"_acf_changed":false},"product_brand":[],"product_cat":[246],"product_tag":[],"class_list":{"0":"post-5029","1":"product","2":"type-product","3":"status-publish","4":"has-post-thumbnail","6":"tassonomia-enea-fr","7":"tassonomia-enea-duo-fr","8":"tassonomia-enea-trio-fr","9":"tassonomia-ermes-fr","10":"tassonomia-oto-rhino-laryngologie","11":"tassonomia-podologie","12":"tassonomia-veterinaire","13":"tassonomia-zaira-fr","14":"product_cat-fibres-et-astuces","16":"first","17":"instock","18":"taxable","19":"shipping-taxable","20":"purchasable","21":"product-type-variable"},"acf":[],"_links":{"self":[{"href":"https:\/\/gardalaser.it\/fr\/wp-json\/wp\/v2\/product\/5029","targetHints":{"allow":["GET"]}}],"collection":[{"href":"https:\/\/gardalaser.it\/fr\/wp-json\/wp\/v2\/product"}],"about":[{"href":"https:\/\/gardalaser.it\/fr\/wp-json\/wp\/v2\/types\/product"}],"wp:featuredmedia":[{"embeddable":true,"href":"https:\/\/gardalaser.it\/fr\/wp-json\/wp\/v2\/media\/5030"}],"wp:attachment":[{"href":"https:\/\/gardalaser.it\/fr\/wp-json\/wp\/v2\/media?parent=5029"}],"wp:term":[{"taxonomy":"product_brand","embeddable":true,"href":"https:\/\/gardalaser.it\/fr\/wp-json\/wp\/v2\/product_brand?post=5029"},{"taxonomy":"product_cat","embeddable":true,"href":"https:\/\/gardalaser.it\/fr\/wp-json\/wp\/v2\/product_cat?post=5029"},{"taxonomy":"product_tag","embeddable":true,"href":"https:\/\/gardalaser.it\/fr\/wp-json\/wp\/v2\/product_tag?post=5029"}],"curies":[{"name":"wp","href":"https:\/\/api.w.org\/{rel}","templated":true}]}}